{"id":93,"date":"2018-02-07T12:47:12","date_gmt":"2018-02-07T12:47:12","guid":{"rendered":"http:\/\/grazimac.pt\/?page_id=93"},"modified":"2023-02-01T12:27:11","modified_gmt":"2023-02-01T12:27:11","slug":"o-que-sao-vantagens","status":"publish","type":"page","link":"https:\/\/grazimac.pt\/?page_id=93","title":{"rendered":"O que s\u00e3o? (vantagens)"},"content":{"rendered":"<p>As lajetas t\u00e9rmicas Grisol\u00ae s\u00e3o uma solu\u00e7\u00e3o de isolamento t\u00e9rmico <img loading=\"lazy\" decoding=\"async\" src=\"https:\/\/grazimac.pt\/wp-content\/uploads\/2020\/03\/Capaweb-e1598265783905-300x190.jpg\" alt=\"\" width=\"284\" height=\"180\" class=\"alignleft wp-image-4656\" srcset=\"https:\/\/grazimac.pt\/wp-content\/uploads\/2020\/03\/Capaweb-e1598265783905-300x190.jpg 300w, https:\/\/grazimac.pt\/wp-content\/uploads\/2020\/03\/Capaweb-e1598265783905-768x488.jpg 768w, https:\/\/grazimac.pt\/wp-content\/uploads\/2020\/03\/Capaweb-e1598265783905.jpg 1024w\" sizes=\"auto, (max-width: 284px) 100vw, 284px\" \/>destinada especialmente para sistemas de cobertura plana invertida. S\u00e3o constitu\u00eddas por uma camada de isolamento t\u00e9rmico em poliestireno extrudido (XPS) e uma camada de argamassa refor\u00e7ada, que \u00e9 simultaneamente uma prote\u00e7\u00e3o mec\u00e2nica da camada isolante e uma superf\u00edcie acess\u00edvel.<\/p>\n<p>Esta solu\u00e7\u00e3o proporciona tamb\u00e9m uma prote\u00e7\u00e3o perfeita para as membranas impermeabilizantes sobre as quais s\u00e3o colocadas as lajetas.<\/p>\n<h3 style=\"text-align: left;\">Efici\u00eancia T\u00e9rmica<\/h3>\n<p><img loading=\"lazy\" decoding=\"async\" src=\"https:\/\/grazimac.pt\/wp-content\/uploads\/2020\/08\/Termografia.jpg\" alt=\"\" width=\"448\" height=\"121\" class=\"alignright wp-image-5344 size-full\" srcset=\"https:\/\/grazimac.pt\/wp-content\/uploads\/2020\/08\/Termografia.jpg 448w, https:\/\/grazimac.pt\/wp-content\/uploads\/2020\/08\/Termografia-300x81.jpg 300w\" sizes=\"auto, (max-width: 448px) 100vw, 448px\" \/>O encaixe perimetral a meia madeira apresenta excelentes resultados em termos de elimina\u00e7\u00e3o de pontes t\u00e9rmicas e melhoria da efici\u00eancia do isolamento t\u00e9rmico, 12 a 17% superiores \u00e0s solu\u00e7\u00f5es de corte reto no isolamento (12% para uma junta de 1mm e 17% para uma junta de 2mm). <a href=\"https:\/\/grazimac.pt\/?p=5363\">Ler artigo completo [&#8230;]<\/a><\/p>\n<h3 style=\"text-align: left;\">Excelente acabamento e elevadas propriedades mec\u00e2nicas (resist\u00eancia \u00e0 Compress\u00e3o, Flex\u00e3o e comportamento aos ciclos Gelo-degelo)<\/h3>\n<p>A durabilidade das lajetas Grisol\u00ae \u00e9 comprovada pelo seu not\u00e1vel desempenho em ensaios exigentes de ciclos de envelhecimento e pelo seu comportamento a rigorosos ciclos gelo-degelo. A camada de prote\u00e7\u00e3o mec\u00e2nica \u00e9 produzida a partir de agregados selecionados e refor\u00e7ada durante o processo de fabrico com fibras e aditivos, de modo a garantir uma maior resist\u00eancia e durabilidade. <a href=\"https:\/\/grazimac.pt\/?p=5380\">Ler artigo completo [&#8230;]<\/a><\/p>\n<h3>Elevada Coes\u00e3o (resist\u00eancia \u00e0 tra\u00e7\u00e3o perpendicular)<img loading=\"lazy\" decoding=\"async\" src=\"https:\/\/grazimac.pt\/wp-content\/uploads\/2020\/03\/DSC01881web-e1584544845858-150x150.jpg\" alt=\"\" width=\"150\" height=\"150\" class=\"alignright wp-image-4649 size-thumbnail\" \/><\/h3>\n<p>A incorpora\u00e7\u00e3o de um aditivo de colagem aumenta a ader\u00eancia entre a betonilha e o poliestireno extrudido, este efeito \u00e9 ainda mais potenciado pela ranhura de seguran\u00e7a no poliestireno. As lajetas Grisol\u00ae possuem uma ATE (Avalia\u00e7\u00e3o T\u00e9cnica Europeia), a coes\u00e3o das nossas lajetas \u00e9 testada, antes e ap\u00f3s exigentes ciclos de envelhecimento e ciclos gelo-degelo. <a href=\"https:\/\/grazimac.pt\/?p=5380\">Ler artigo completo [&#8230;]<\/a><\/p>\n<h3>Isolamento e prote\u00e7\u00e3o mec\u00e2nica num s\u00f3 produto<\/h3>\n<p>Dependendo da espessura de argamassa utilizada, uma cobertura com Grisol\u00ae pode ser acess\u00edvel a pessoas, sendo utilizada como zona de passagem, ou de uso ocasional, apenas para manuten\u00e7\u00e3o. Comparada com os outros sistemas, as lajetas s\u00e3o uma solu\u00e7\u00e3o leve para as coberturas planas invertidas.<\/p>\n<h3>Perfeita prote\u00e7\u00e3o do isolamento, impermeabiliza\u00e7\u00e3o e laje<\/h3>\n<p>A sua camada de argamassa refor\u00e7ada proporciona uma prote\u00e7\u00e3o mec\u00e2nica perfeita do isolamento t\u00e9rmico e consequentemente das membranas impermeabilizantes e respectiva laje sobre as quais a lajeta \u00e9 colocada, aumentando substancialmente a sua durabilidade.<\/p>\n<h3>Melhora a drenagem<\/h3>\n<p><img loading=\"lazy\" decoding=\"async\" src=\"https:\/\/grazimac.pt\/wp-content\/uploads\/2020\/08\/Drenagem-300x208.jpg\" alt=\"\" width=\"283\" height=\"196\" class=\"alignright wp-image-5346\" srcset=\"https:\/\/grazimac.pt\/wp-content\/uploads\/2020\/08\/Drenagem-300x208.jpg 300w, https:\/\/grazimac.pt\/wp-content\/uploads\/2020\/08\/Drenagem.jpg 448w\" sizes=\"auto, (max-width: 283px) 100vw, 283px\" \/>A drenagem de coberturas com grandes e pequenas \u00e1reas est\u00e1 a tornar-se uma tarefa cada vez mais importante na constru\u00e7\u00e3o moderna residencial, industrial, comercial e de outros tipos de edif\u00edcios. A Grazimac aposta em solu\u00e7\u00f5es que possam garantir o maior conforto higrot\u00e9rmico poss\u00edvel, torna-se assim imprescind\u00edvel olhar para o comportamento t\u00e9rmico da cobertura face \u00e0s perdas t\u00e9rmicas provocadas, pelo escoamento e drenagem das \u00e1guas pluviais.\u00a0<a href=\"https:\/\/grazimac.pt\/?p=41\">Ler artigo completo [&#8230;]<\/a><\/p>\n<h3>Absorve dilata\u00e7\u00f5es da camada de protec\u00e7\u00e3o<\/h3>\n<p>A laje de cobertura est\u00e1 sujeita a varia\u00e7\u00f5es de temperatura significativas, a a\u00e7\u00e3o da temperatura provoca na laje dois efeitos principais: varia\u00e7\u00f5es dimensionais no plano da laje e curvaturas da superf\u00edcie da laje. Face a este comportamento \u00e9 imprescind\u00edvel executar um bom isolamento t\u00e9rmico sobre a laje e que a solu\u00e7\u00e3o de isolamento t\u00e9rmico possa minimizar estes efeitos e garantir a absor\u00e7\u00e3o de todos estes movimentos. Para tal a Grazimac contribui com a cria\u00e7\u00e3o de um sistema de juntas nas suas lajetas t\u00e9rmicas Grisol\u00ae que garantem uma boa adapta\u00e7\u00e3o a todos estes comportamentos e evitam poss\u00edveis fendas e fissuras. <a href=\"https:\/\/grazimac.pt\/?p=41\">Ler artigo completo [&#8230;]<\/a><\/p>\n<h3>Economia e versatilidade log\u00edstica<\/h3>\n<p>Isolamento t\u00e9rmico, prote\u00e7\u00e3o mec\u00e2nica e pavimento s\u00e3o efetuados com um \u00fanico produto, f\u00e1cil de aplicar, sendo esta uma forma de economizar tempo e dinheiro e de reduzir os prazos de execu\u00e7\u00e3o de obra. Facilidade de transporte, redu\u00e7\u00e3o de desperd\u00edcios e limpeza do estaleiro.<\/p>\n<h3>Flexibilidade de espessuras de isolamento e argamassa<\/h3>\n<p>Permite diferentes n\u00edveis de isolamento t\u00e9rmico e de acessibilidade das coberturas, de acordo com as necessidades do cliente.<\/p>\n\n\n<p><span class=\"has-inline-color has-white-color\">&#8230;<\/span><\/p>\n","protected":false},"excerpt":{"rendered":"<p>As lajetas t\u00e9rmicas Grisol\u00ae s\u00e3o uma solu\u00e7\u00e3o de isolamento t\u00e9rmico destinada especialmente para sistemas de cobertura plana invertida. S\u00e3o constitu\u00eddas por uma camada de isolamento t\u00e9rmico em poliestireno extrudido (XPS) e uma camada de argamassa refor\u00e7ada, que \u00e9 simultaneamente uma prote\u00e7\u00e3o mec\u00e2nica da camada isolante e uma superf\u00edcie acess\u00edvel. Esta [&hellip;]<\/p>\n","protected":false},"author":1,"featured_media":95,"parent":91,"menu_order":21,"comment_status":"closed","ping_status":"closed","template":"","meta":{"_monsterinsights_skip_tracking":false,"_monsterinsights_sitenote_active":false,"_monsterinsights_sitenote_note":"","_monsterinsights_sitenote_category":0,"footnotes":""},"class_list":["post-93","page","type-page","status-publish","has-post-thumbnail","hentry"],"_links":{"self":[{"href":"https:\/\/grazimac.pt\/index.php?rest_route=\/wp\/v2\/pages\/93","targetHints":{"allow":["GET"]}}],"collection":[{"href":"https:\/\/grazimac.pt\/index.php?rest_route=\/wp\/v2\/pages"}],"about":[{"href":"https:\/\/grazimac.pt\/index.php?rest_route=\/wp\/v2\/types\/page"}],"author":[{"embeddable":true,"href":"https:\/\/grazimac.pt\/index.php?rest_route=\/wp\/v2\/users\/1"}],"replies":[{"embeddable":true,"href":"https:\/\/grazimac.pt\/index.php?rest_route=%2Fwp%2Fv2%2Fcomments&post=93"}],"version-history":[{"count":11,"href":"https:\/\/grazimac.pt\/index.php?rest_route=\/wp\/v2\/pages\/93\/revisions"}],"predecessor-version":[{"id":7455,"href":"https:\/\/grazimac.pt\/index.php?rest_route=\/wp\/v2\/pages\/93\/revisions\/7455"}],"up":[{"embeddable":true,"href":"https:\/\/grazimac.pt\/index.php?rest_route=\/wp\/v2\/pages\/91"}],"wp:featuredmedia":[{"embeddable":true,"href":"https:\/\/grazimac.pt\/index.php?rest_route=\/wp\/v2\/media\/95"}],"wp:attachment":[{"href":"https:\/\/grazimac.pt\/index.php?rest_route=%2Fwp%2Fv2%2Fmedia&parent=93"}],"curies":[{"name":"wp","href":"https:\/\/api.w.org\/{rel}","templated":true}]}}