{"id":7545,"date":"2023-02-01T18:33:58","date_gmt":"2023-02-01T18:33:58","guid":{"rendered":"http:\/\/grazimac.pt\/?page_id=7545"},"modified":"2023-02-06T10:20:47","modified_gmt":"2023-02-06T10:20:47","slug":"membranas-acusticas-betuminosas","status":"publish","type":"page","link":"https:\/\/grazimac.pt\/?page_id=7545","title":{"rendered":"Membranas Ac\u00fasticas Betuminosas"},"content":{"rendered":"\n<div class=\"wp-block-media-text alignwide is-stacked-on-mobile\" style=\"grid-template-columns:15% auto\"><figure class=\"wp-block-media-text__media\"><img loading=\"lazy\" decoding=\"async\" width=\"443\" height=\"544\" src=\"https:\/\/grazimac.pt\/wp-content\/uploads\/2022\/03\/membranabetuminosaacstica.png\" alt=\"\" class=\"wp-image-7394 size-full\" srcset=\"https:\/\/grazimac.pt\/wp-content\/uploads\/2022\/03\/membranabetuminosaacstica.png 443w, https:\/\/grazimac.pt\/wp-content\/uploads\/2022\/03\/membranabetuminosaacstica-244x300.png 244w\" sizes=\"auto, (max-width: 443px) 100vw, 443px\" \/><\/figure><div class=\"wp-block-media-text__content\">\n<p>Membranas betuminosas flex\u00edveis de alta densidade.<br>Solu\u00e7\u00f5es mais vocacionadas para a redu\u00e7\u00e3o de sons de precurs\u00e3o e atenua\u00e7\u00e3o ligeira de ru\u00eddos a\u00e9reos em lajes divis\u00f3rias e pisos.<\/p>\n\n\n\n<p><strong>Principais aplica\u00e7\u00f5es:<\/strong><\/p>\n\n\n\n<p>S\u00e3o utilizadas em lajes divis\u00f3rias e pisos<\/p>\n<\/div><\/div>\n\n\n\n<p><\/p>\n","protected":false},"excerpt":{"rendered":"<p>Membranas betuminosas flex\u00edveis de alta densidade.Solu\u00e7\u00f5es mais vocacionadas para a redu\u00e7\u00e3o de sons de precurs\u00e3o e atenua\u00e7\u00e3o ligeira de ru\u00eddos a\u00e9reos em lajes divis\u00f3rias e pisos. Principais aplica\u00e7\u00f5es: S\u00e3o utilizadas em lajes divis\u00f3rias e pisos<\/p>\n","protected":false},"author":1,"featured_media":7394,"parent":0,"menu_order":0,"comment_status":"closed","ping_status":"closed","template":"","meta":{"_monsterinsights_skip_tracking":false,"_monsterinsights_sitenote_active":false,"_monsterinsights_sitenote_note":"","_monsterinsights_sitenote_category":0,"footnotes":""},"class_list":["post-7545","page","type-page","status-publish","has-post-thumbnail","hentry"],"_links":{"self":[{"href":"https:\/\/grazimac.pt\/index.php?rest_route=\/wp\/v2\/pages\/7545","targetHints":{"allow":["GET"]}}],"collection":[{"href":"https:\/\/grazimac.pt\/index.php?rest_route=\/wp\/v2\/pages"}],"about":[{"href":"https:\/\/grazimac.pt\/index.php?rest_route=\/wp\/v2\/types\/page"}],"author":[{"embeddable":true,"href":"https:\/\/grazimac.pt\/index.php?rest_route=\/wp\/v2\/users\/1"}],"replies":[{"embeddable":true,"href":"https:\/\/grazimac.pt\/index.php?rest_route=%2Fwp%2Fv2%2Fcomments&post=7545"}],"version-history":[{"count":1,"href":"https:\/\/grazimac.pt\/index.php?rest_route=\/wp\/v2\/pages\/7545\/revisions"}],"predecessor-version":[{"id":7546,"href":"https:\/\/grazimac.pt\/index.php?rest_route=\/wp\/v2\/pages\/7545\/revisions\/7546"}],"wp:featuredmedia":[{"embeddable":true,"href":"https:\/\/grazimac.pt\/index.php?rest_route=\/wp\/v2\/media\/7394"}],"wp:attachment":[{"href":"https:\/\/grazimac.pt\/index.php?rest_route=%2Fwp%2Fv2%2Fmedia&parent=7545"}],"curies":[{"name":"wp","href":"https:\/\/api.w.org\/{rel}","templated":true}]}}