{"id":7540,"date":"2023-02-01T18:32:28","date_gmt":"2023-02-01T18:32:28","guid":{"rendered":"http:\/\/grazimac.pt\/?page_id=7540"},"modified":"2023-02-02T16:25:18","modified_gmt":"2023-02-02T16:25:18","slug":"dampstrip","status":"publish","type":"page","link":"https:\/\/grazimac.pt\/?page_id=7540","title":{"rendered":"Dampstrip"},"content":{"rendered":"\n<div class=\"wp-block-media-text alignwide is-stacked-on-mobile\" style=\"grid-template-columns:44% auto\"><figure class=\"wp-block-media-text__media\"><img loading=\"lazy\" decoding=\"async\" width=\"754\" height=\"558\" src=\"https:\/\/grazimac.pt\/wp-content\/uploads\/2023\/02\/dampstrip-sp.png\" alt=\"\" class=\"wp-image-7541 size-full\" srcset=\"https:\/\/grazimac.pt\/wp-content\/uploads\/2023\/02\/dampstrip-sp.png 754w, https:\/\/grazimac.pt\/wp-content\/uploads\/2023\/02\/dampstrip-sp-300x222.png 300w\" sizes=\"auto, (max-width: 754px) 100vw, 754px\" \/><\/figure><div class=\"wp-block-media-text__content\">\n<p><strong>DAMPSTRIP SP<\/strong> \u00e9 uma manta feita de gr\u00e2nulos de espuma de borracha que \u00e9 fornecida em tiras de diferentes larguras para aumentar as propriedades de insonoriza\u00e7\u00e3o das paredes e melhorar o isolamento do tr\u00e1fego pedonal dos pavimentos.<\/p>\n\n\n\n<p><strong>Aplica\u00e7\u00f5es<\/strong><br>DAMPSTRIP SP \u00e9 utilizado para quebrar a ponte ac\u00fastica entre a parede e o ch\u00e3o.<\/p>\n\n\n\n<p><strong>Descri\u00e7\u00e3o t\u00e9cnica<\/strong><br>DAMPSTRIP SP \u00e9 feito de gr\u00e2nulos de borracha obtidos a partir de pneus reciclados e uma matriz aglutinante \u00e0 base de pol\u00edmeros nobres.<br>Possui superf\u00edcie lisa na parte superior e acabamento rugoso na face de contato com a superf\u00edcie a ser isolada.<br>Est\u00e1 dispon\u00edvel em tiras de 8 m de comprimento e larguras de 15-60 cm.<\/p>\n<\/div><\/div>\n\n\n\n<figure class=\"wp-block-gallery columns-1 wp-block-gallery-1 is-layout-flex wp-block-gallery-is-layout-flex\"><ul class=\"blocks-gallery-grid\"><li class=\"blocks-gallery-item\"><figure><img loading=\"lazy\" decoding=\"async\" width=\"1024\" height=\"486\" src=\"https:\/\/grazimac.pt\/wp-content\/uploads\/2023\/02\/Damstrip-1024x486.png\" alt=\"\" data-id=\"7542\" data-full-url=\"https:\/\/grazimac.pt\/wp-content\/uploads\/2023\/02\/Damstrip.png\" data-link=\"https:\/\/grazimac.pt\/?attachment_id=7542\" class=\"wp-image-7542\" srcset=\"https:\/\/grazimac.pt\/wp-content\/uploads\/2023\/02\/Damstrip-1024x486.png 1024w, https:\/\/grazimac.pt\/wp-content\/uploads\/2023\/02\/Damstrip-300x142.png 300w, https:\/\/grazimac.pt\/wp-content\/uploads\/2023\/02\/Damstrip-768x364.png 768w, https:\/\/grazimac.pt\/wp-content\/uploads\/2023\/02\/Damstrip.png 1416w\" sizes=\"auto, (max-width: 1024px) 100vw, 1024px\" \/><\/figure><\/li><\/ul><\/figure>\n","protected":false},"excerpt":{"rendered":"<p>DAMPSTRIP SP \u00e9 uma manta feita de gr\u00e2nulos de espuma de borracha que \u00e9 fornecida em tiras de diferentes larguras para aumentar as propriedades de insonoriza\u00e7\u00e3o das paredes e melhorar o isolamento do tr\u00e1fego pedonal dos pavimentos. Aplica\u00e7\u00f5esDAMPSTRIP SP \u00e9 utilizado para quebrar a ponte ac\u00fastica entre a parede e [&hellip;]<\/p>\n","protected":false},"author":1,"featured_media":7543,"parent":7335,"menu_order":0,"comment_status":"closed","ping_status":"closed","template":"","meta":{"_monsterinsights_skip_tracking":false,"_monsterinsights_sitenote_active":false,"_monsterinsights_sitenote_note":"","_monsterinsights_sitenote_category":0,"footnotes":""},"class_list":["post-7540","page","type-page","status-publish","has-post-thumbnail","hentry"],"_links":{"self":[{"href":"https:\/\/grazimac.pt\/index.php?rest_route=\/wp\/v2\/pages\/7540","targetHints":{"allow":["GET"]}}],"collection":[{"href":"https:\/\/grazimac.pt\/index.php?rest_route=\/wp\/v2\/pages"}],"about":[{"href":"https:\/\/grazimac.pt\/index.php?rest_route=\/wp\/v2\/types\/page"}],"author":[{"embeddable":true,"href":"https:\/\/grazimac.pt\/index.php?rest_route=\/wp\/v2\/users\/1"}],"replies":[{"embeddable":true,"href":"https:\/\/grazimac.pt\/index.php?rest_route=%2Fwp%2Fv2%2Fcomments&post=7540"}],"version-history":[{"count":1,"href":"https:\/\/grazimac.pt\/index.php?rest_route=\/wp\/v2\/pages\/7540\/revisions"}],"predecessor-version":[{"id":7544,"href":"https:\/\/grazimac.pt\/index.php?rest_route=\/wp\/v2\/pages\/7540\/revisions\/7544"}],"up":[{"embeddable":true,"href":"https:\/\/grazimac.pt\/index.php?rest_route=\/wp\/v2\/pages\/7335"}],"wp:featuredmedia":[{"embeddable":true,"href":"https:\/\/grazimac.pt\/index.php?rest_route=\/wp\/v2\/media\/7543"}],"wp:attachment":[{"href":"https:\/\/grazimac.pt\/index.php?rest_route=%2Fwp%2Fv2%2Fmedia&parent=7540"}],"curies":[{"name":"wp","href":"https:\/\/api.w.org\/{rel}","templated":true}]}}