{"id":7535,"date":"2023-02-01T18:09:13","date_gmt":"2023-02-01T18:09:13","guid":{"rendered":"http:\/\/grazimac.pt\/?page_id=7535"},"modified":"2023-02-01T18:09:14","modified_gmt":"2023-02-01T18:09:14","slug":"painel-de-aglomerado-de-espuma-de-poliuretano","status":"publish","type":"page","link":"https:\/\/grazimac.pt\/?page_id=7535","title":{"rendered":"Painel de Aglomerado de Espuma de Poliuretano"},"content":{"rendered":"\n<div class=\"wp-block-media-text alignwide is-stacked-on-mobile\" style=\"grid-template-columns:23% auto\"><figure class=\"wp-block-media-text__media\"><img loading=\"lazy\" decoding=\"async\" width=\"487\" height=\"200\" src=\"https:\/\/grazimac.pt\/wp-content\/uploads\/2021\/10\/Isolamento-acustico.png\" alt=\"\" class=\"wp-image-7282 size-full\" srcset=\"https:\/\/grazimac.pt\/wp-content\/uploads\/2021\/10\/Isolamento-acustico.png 487w, https:\/\/grazimac.pt\/wp-content\/uploads\/2021\/10\/Isolamento-acustico-300x123.png 300w\" sizes=\"auto, (max-width: 487px) 100vw, 487px\" \/><\/figure><div class=\"wp-block-media-text__content\">\n<p>Placas flex\u00edveis de aglomerado de espuma de poliuretano para isolamento ac\u00fastico com diferentes densidades e espessuras \u00fateis em todas as exig\u00eancias no dom\u00ednio do comportamento ac\u00fastico de edif\u00edcios.<\/p>\n\n\n\n<p>Principais aplica\u00e7\u00f5es:<\/p>\n\n\n\n<p><strong>Paredes\/divis\u00f3rias<\/strong>&nbsp;\u2013 Controlo e minimiza\u00e7\u00e3o de ru\u00eddos a\u00e9reos;<\/p>\n\n\n\n<p><strong>Ch\u00e3o\/tectos<\/strong>&nbsp;\u2013 Controlo e minimiza\u00e7\u00e3o de ru\u00eddos de precurs\u00e3o e a\u00e9reos.<\/p>\n<\/div><\/div>\n\n\n\n<figure class=\"wp-block-gallery columns-0 is-cropped wp-block-gallery-1 is-layout-flex wp-block-gallery-is-layout-flex\"><ul class=\"blocks-gallery-grid\"><\/ul><\/figure>\n","protected":false},"excerpt":{"rendered":"<p>Placas flex\u00edveis de aglomerado de espuma de poliuretano para isolamento ac\u00fastico com diferentes densidades e espessuras \u00fateis em todas as exig\u00eancias no dom\u00ednio do comportamento ac\u00fastico de edif\u00edcios. Principais aplica\u00e7\u00f5es: Paredes\/divis\u00f3rias&nbsp;\u2013 Controlo e minimiza\u00e7\u00e3o de ru\u00eddos a\u00e9reos; Ch\u00e3o\/tectos&nbsp;\u2013 Controlo e minimiza\u00e7\u00e3o de ru\u00eddos de precurs\u00e3o e a\u00e9reos.<\/p>\n","protected":false},"author":1,"featured_media":7282,"parent":0,"menu_order":0,"comment_status":"closed","ping_status":"closed","template":"","meta":{"_monsterinsights_skip_tracking":false,"_monsterinsights_sitenote_active":false,"_monsterinsights_sitenote_note":"","_monsterinsights_sitenote_category":0,"footnotes":""},"class_list":["post-7535","page","type-page","status-publish","has-post-thumbnail","hentry"],"_links":{"self":[{"href":"https:\/\/grazimac.pt\/index.php?rest_route=\/wp\/v2\/pages\/7535","targetHints":{"allow":["GET"]}}],"collection":[{"href":"https:\/\/grazimac.pt\/index.php?rest_route=\/wp\/v2\/pages"}],"about":[{"href":"https:\/\/grazimac.pt\/index.php?rest_route=\/wp\/v2\/types\/page"}],"author":[{"embeddable":true,"href":"https:\/\/grazimac.pt\/index.php?rest_route=\/wp\/v2\/users\/1"}],"replies":[{"embeddable":true,"href":"https:\/\/grazimac.pt\/index.php?rest_route=%2Fwp%2Fv2%2Fcomments&post=7535"}],"version-history":[{"count":1,"href":"https:\/\/grazimac.pt\/index.php?rest_route=\/wp\/v2\/pages\/7535\/revisions"}],"predecessor-version":[{"id":7536,"href":"https:\/\/grazimac.pt\/index.php?rest_route=\/wp\/v2\/pages\/7535\/revisions\/7536"}],"wp:featuredmedia":[{"embeddable":true,"href":"https:\/\/grazimac.pt\/index.php?rest_route=\/wp\/v2\/media\/7282"}],"wp:attachment":[{"href":"https:\/\/grazimac.pt\/index.php?rest_route=%2Fwp%2Fv2%2Fmedia&parent=7535"}],"curies":[{"name":"wp","href":"https:\/\/api.w.org\/{rel}","templated":true}]}}