{"id":7345,"date":"2021-11-04T18:00:55","date_gmt":"2021-11-04T18:00:55","guid":{"rendered":"http:\/\/grazimac.pt\/?page_id=7345"},"modified":"2023-02-02T17:44:46","modified_gmt":"2023-02-02T17:44:46","slug":"estrado-em-plastico","status":"publish","type":"page","link":"https:\/\/grazimac.pt\/?page_id=7345","title":{"rendered":"Estrado em Pl\u00e1stico"},"content":{"rendered":"\n<figure class=\"wp-block-image size-full is-resized\"><img loading=\"lazy\" decoding=\"async\" src=\"https:\/\/grazimac.pt\/wp-content\/uploads\/2023\/02\/unnamed-1.jpg\" alt=\"\" class=\"wp-image-7480\" width=\"840\" height=\"398\" srcset=\"https:\/\/grazimac.pt\/wp-content\/uploads\/2023\/02\/unnamed-1.jpg 640w, https:\/\/grazimac.pt\/wp-content\/uploads\/2023\/02\/unnamed-1-300x142.jpg 300w\" sizes=\"auto, (max-width: 840px) 100vw, 840px\" \/><\/figure>\n\n\n\n<p>Os estrados REC FLOOR s\u00e3o produzidos em pl\u00e1stico reciclado, e s\u00e3o utilizados com utilidade em diversos setores, possui 2.500 furos por m2 para uma drenagem eficiente e um tipo particular de gancho que o torna num piso est\u00e1vel. <\/p>\n\n\n\n<p>As principais caracter\u00edsticas s\u00e3o leveza, facilidade e rapidez de instala\u00e7\u00e3o, poder de drenagem, resist\u00eancia ao envelhecimento, insensibilidade \u00e0s agress\u00f5es qu\u00edmicas e bacterianas e sobretudo a n\u00e3o toxicidade que o tornam um produto altamente ecol\u00f3gico. O uso do piso \u00e9 particularmente adequado em \u00e1reas dedicadas ao lazer e \u00e0 pr\u00e1tica de deportos. Responde muito bem \u00e0s necessidades de espa\u00e7os equipados onde se realizam eventos como feiras, exposi\u00e7\u00f5es, mercados, onde \u00e9 necess\u00e1rio ter um pavimento provis\u00f3rio robusto, mas ao mesmo tempo f\u00e1cil e r\u00e1pido de colocar. <\/p>\n\n\n\n<p>\u00c9 ideal como piso de campismo, bungalows, passadi\u00e7os em hortas e estufas, cria uma superf\u00edcie plana, drenante e auto limpante que \u00e9 f\u00e1cil de desmontar a qualquer momento. Em \u00e1reas de recrea\u00e7\u00e3o infantil provou ser funcional, seguro e esteticamente agrad\u00e1vel. Este pavimento \u00e9 adequado para a utiliza\u00e7\u00e3o como pavimentos para duches e balne\u00e1rios de gin\u00e1sios e complexos desportivos. <\/p>\n\n\n\n<p>Em \u00e1reas abertas de restaurantes, bares ou locais de reuni\u00e3o \u00e9 o pavimento ideal para mesas e cadeiras, uma vez que pode ser removido com a mesma facilidade com que foi colocado e guardado para posterior utiliza\u00e7\u00e3o. Gra\u00e7as \u00e0s suas caracter\u00edsticas de resist\u00eancia e leveza, este sistema multifuncional autoblocante permite a realiza\u00e7\u00e3o de passadi\u00e7os para jardins e piscinas, pisos de garagem e armaz\u00e9m, plataformas de drenagem para lavandarias industriais e anti est\u00e1tico para f\u00e1bricas.<\/p>\n\n\n\n<figure class=\"wp-block-gallery columns-3 is-cropped wp-block-gallery-1 is-layout-flex wp-block-gallery-is-layout-flex\"><ul class=\"blocks-gallery-grid\"><li class=\"blocks-gallery-item\"><figure><img loading=\"lazy\" decoding=\"async\" width=\"1024\" height=\"1024\" src=\"https:\/\/grazimac.pt\/wp-content\/uploads\/2023\/02\/img_6976-1024x1024-1.jpg\" alt=\"\" data-id=\"7483\" data-full-url=\"https:\/\/grazimac.pt\/wp-content\/uploads\/2023\/02\/img_6976-1024x1024-1.jpg\" data-link=\"https:\/\/grazimac.pt\/?attachment_id=7483\" class=\"wp-image-7483\" srcset=\"https:\/\/grazimac.pt\/wp-content\/uploads\/2023\/02\/img_6976-1024x1024-1.jpg 1024w, https:\/\/grazimac.pt\/wp-content\/uploads\/2023\/02\/img_6976-1024x1024-1-300x300.jpg 300w, https:\/\/grazimac.pt\/wp-content\/uploads\/2023\/02\/img_6976-1024x1024-1-150x150.jpg 150w, https:\/\/grazimac.pt\/wp-content\/uploads\/2023\/02\/img_6976-1024x1024-1-768x768.jpg 768w\" sizes=\"auto, (max-width: 1024px) 100vw, 1024px\" \/><\/figure><\/li><li class=\"blocks-gallery-item\"><figure><img loading=\"lazy\" decoding=\"async\" width=\"966\" height=\"650\" src=\"https:\/\/grazimac.pt\/wp-content\/uploads\/2023\/02\/pavimento-smontabile-per-serra.jpg\" alt=\"\" data-id=\"7484\" data-full-url=\"https:\/\/grazimac.pt\/wp-content\/uploads\/2023\/02\/pavimento-smontabile-per-serra.jpg\" data-link=\"https:\/\/grazimac.pt\/?attachment_id=7484\" class=\"wp-image-7484\" srcset=\"https:\/\/grazimac.pt\/wp-content\/uploads\/2023\/02\/pavimento-smontabile-per-serra.jpg 966w, https:\/\/grazimac.pt\/wp-content\/uploads\/2023\/02\/pavimento-smontabile-per-serra-300x202.jpg 300w, https:\/\/grazimac.pt\/wp-content\/uploads\/2023\/02\/pavimento-smontabile-per-serra-768x517.jpg 768w\" sizes=\"auto, (max-width: 966px) 100vw, 966px\" \/><\/figure><\/li><li class=\"blocks-gallery-item\"><figure><img loading=\"lazy\" decoding=\"async\" width=\"660\" height=\"396\" src=\"https:\/\/grazimac.pt\/wp-content\/uploads\/2023\/02\/rec-floor-web.jpg\" alt=\"\" data-id=\"7485\" data-full-url=\"https:\/\/grazimac.pt\/wp-content\/uploads\/2023\/02\/rec-floor-web.jpg\" data-link=\"https:\/\/grazimac.pt\/?attachment_id=7485\" class=\"wp-image-7485\" srcset=\"https:\/\/grazimac.pt\/wp-content\/uploads\/2023\/02\/rec-floor-web.jpg 660w, https:\/\/grazimac.pt\/wp-content\/uploads\/2023\/02\/rec-floor-web-300x180.jpg 300w\" sizes=\"auto, (max-width: 660px) 100vw, 660px\" \/><\/figure><\/li><\/ul><\/figure>\n","protected":false},"excerpt":{"rendered":"<p>Os estrados REC FLOOR s\u00e3o produzidos em pl\u00e1stico reciclado, e s\u00e3o utilizados com utilidade em diversos setores, possui 2.500 furos por m2 para uma drenagem eficiente e um tipo particular de gancho que o torna num piso est\u00e1vel. As principais caracter\u00edsticas s\u00e3o leveza, facilidade e rapidez de instala\u00e7\u00e3o, poder de [&hellip;]<\/p>\n","protected":false},"author":1,"featured_media":7346,"parent":339,"menu_order":0,"comment_status":"closed","ping_status":"closed","template":"","meta":{"_monsterinsights_skip_tracking":false,"_monsterinsights_sitenote_active":false,"_monsterinsights_sitenote_note":"","_monsterinsights_sitenote_category":0,"footnotes":""},"class_list":["post-7345","page","type-page","status-publish","has-post-thumbnail","hentry"],"_links":{"self":[{"href":"https:\/\/grazimac.pt\/index.php?rest_route=\/wp\/v2\/pages\/7345","targetHints":{"allow":["GET"]}}],"collection":[{"href":"https:\/\/grazimac.pt\/index.php?rest_route=\/wp\/v2\/pages"}],"about":[{"href":"https:\/\/grazimac.pt\/index.php?rest_route=\/wp\/v2\/types\/page"}],"author":[{"embeddable":true,"href":"https:\/\/grazimac.pt\/index.php?rest_route=\/wp\/v2\/users\/1"}],"replies":[{"embeddable":true,"href":"https:\/\/grazimac.pt\/index.php?rest_route=%2Fwp%2Fv2%2Fcomments&post=7345"}],"version-history":[{"count":4,"href":"https:\/\/grazimac.pt\/index.php?rest_route=\/wp\/v2\/pages\/7345\/revisions"}],"predecessor-version":[{"id":7486,"href":"https:\/\/grazimac.pt\/index.php?rest_route=\/wp\/v2\/pages\/7345\/revisions\/7486"}],"up":[{"embeddable":true,"href":"https:\/\/grazimac.pt\/index.php?rest_route=\/wp\/v2\/pages\/339"}],"wp:featuredmedia":[{"embeddable":true,"href":"https:\/\/grazimac.pt\/index.php?rest_route=\/wp\/v2\/media\/7346"}],"wp:attachment":[{"href":"https:\/\/grazimac.pt\/index.php?rest_route=%2Fwp%2Fv2%2Fmedia&parent=7345"}],"curies":[{"name":"wp","href":"https:\/\/api.w.org\/{rel}","templated":true}]}}