{"id":55,"date":"2018-02-07T11:26:25","date_gmt":"2018-02-07T11:26:25","guid":{"rendered":"http:\/\/grazimac.pt\/?page_id=55"},"modified":"2022-03-24T12:03:26","modified_gmt":"2022-03-24T12:03:26","slug":"impermeabilizacoes","status":"publish","type":"page","link":"https:\/\/grazimac.pt\/?page_id=55","title":{"rendered":"Impermeabiliza\u00e7\u00f5es"},"content":{"rendered":"\n<p>A Grazimac comercializa v\u00e1rios sistemas de impermeabiliza\u00e7\u00e3o, pode consultar o nosso servi\u00e7o de apoio comercial para conhecer um pouco melhor qual a melhor solu\u00e7\u00e3o para o seu projeto.<\/p>\n\n\n\n<p>Telas Betuminosas<\/p>\n\n\n\n<p>Telas\/Membranas PVC<\/p>\n\n\n\n<p>Telas\/Membranas de poliisobutileno (PIB)<\/p>\n\n\n\n<p>Geomembranas de Polietileno<\/p>\n\n\n\n<p>Telas\/Membranas de TPO<\/p>\n\n\n\n<p>Telas\/Lonas EPDM<\/p>\n\n\n\n<p>Telas\/Membranas PEAD \/ HDPE<\/p>\n\n\n\n<p><span class=\"has-inline-color has-white-color\">.<\/span><\/p>\n","protected":false},"excerpt":{"rendered":"<p>A Grazimac comercializa v\u00e1rios sistemas de impermeabiliza\u00e7\u00e3o, pode consultar o nosso servi\u00e7o de apoio comercial para conhecer um pouco melhor qual a melhor solu\u00e7\u00e3o para o seu projeto. Telas Betuminosas Telas\/Membranas PVC Telas\/Membranas de poliisobutileno (PIB) Geomembranas de Polietileno Telas\/Membranas de TPO Telas\/Lonas EPDM Telas\/Membranas PEAD \/ HDPE .<\/p>\n","protected":false},"author":1,"featured_media":0,"parent":339,"menu_order":1,"comment_status":"closed","ping_status":"closed","template":"","meta":{"_monsterinsights_skip_tracking":false,"_monsterinsights_sitenote_active":false,"_monsterinsights_sitenote_note":"","_monsterinsights_sitenote_category":0,"footnotes":""},"class_list":["post-55","page","type-page","status-publish","hentry"],"_links":{"self":[{"href":"https:\/\/grazimac.pt\/index.php?rest_route=\/wp\/v2\/pages\/55","targetHints":{"allow":["GET"]}}],"collection":[{"href":"https:\/\/grazimac.pt\/index.php?rest_route=\/wp\/v2\/pages"}],"about":[{"href":"https:\/\/grazimac.pt\/index.php?rest_route=\/wp\/v2\/types\/page"}],"author":[{"embeddable":true,"href":"https:\/\/grazimac.pt\/index.php?rest_route=\/wp\/v2\/users\/1"}],"replies":[{"embeddable":true,"href":"https:\/\/grazimac.pt\/index.php?rest_route=%2Fwp%2Fv2%2Fcomments&post=55"}],"version-history":[{"count":12,"href":"https:\/\/grazimac.pt\/index.php?rest_route=\/wp\/v2\/pages\/55\/revisions"}],"predecessor-version":[{"id":7160,"href":"https:\/\/grazimac.pt\/index.php?rest_route=\/wp\/v2\/pages\/55\/revisions\/7160"}],"up":[{"embeddable":true,"href":"https:\/\/grazimac.pt\/index.php?rest_route=\/wp\/v2\/pages\/339"}],"wp:attachment":[{"href":"https:\/\/grazimac.pt\/index.php?rest_route=%2Fwp%2Fv2%2Fmedia&parent=55"}],"curies":[{"name":"wp","href":"https:\/\/api.w.org\/{rel}","templated":true}]}}