{"id":46,"date":"2018-02-07T11:20:00","date_gmt":"2018-02-07T11:20:00","guid":{"rendered":"http:\/\/grazimac.pt\/?page_id=46"},"modified":"2023-02-01T11:05:51","modified_gmt":"2023-02-01T11:05:51","slug":"historia","status":"publish","type":"page","link":"https:\/\/grazimac.pt\/?page_id=46","title":{"rendered":"Hist\u00f3ria"},"content":{"rendered":"<h2>Pioneiros na produ\u00e7\u00e3o de lajetas t\u00e9rmicas<\/h2>\n\n\n<div class=\"wp-block-media-text alignwide has-media-on-the-right is-stacked-on-mobile\" style=\"grid-template-columns:auto 31%\"><figure class=\"wp-block-media-text__media\"><img loading=\"lazy\" decoding=\"async\" width=\"448\" height=\"115\" src=\"https:\/\/grazimac.pt\/wp-content\/uploads\/2020\/08\/Logo1-Mosaico-1.jpg\" alt=\"\" class=\"wp-image-5272 size-full\" srcset=\"https:\/\/grazimac.pt\/wp-content\/uploads\/2020\/08\/Logo1-Mosaico-1.jpg 448w, https:\/\/grazimac.pt\/wp-content\/uploads\/2020\/08\/Logo1-Mosaico-1-300x77.jpg 300w\" sizes=\"auto, (max-width: 448px) 100vw, 448px\" \/><\/figure><div class=\"wp-block-media-text__content\">\n<p>1994 &#8211; In\u00edcio da produ\u00e7\u00e3o de lajetas t\u00e9rmicas e comercializa\u00e7\u00e3o de isolamentos.<\/p>\n\n\n\n<p>1997 &#8211; Desenvolvimento da tecnologia para o fabrico industrial das lajetas Grisol.<\/p>\n\n\n\n<p>2003 &#8211; Certifica\u00e7\u00e3o pela norma ISO 9001:2000.<\/p>\n<\/div><\/div>\n\n\n\n<p class=\"has-text-align-left\"><\/p>\n\n\n\n<div class=\"wp-block-media-text alignwide has-media-on-the-right is-stacked-on-mobile is-vertically-aligned-top\" style=\"grid-template-columns:auto 31%\"><figure class=\"wp-block-media-text__media\"><img loading=\"lazy\" decoding=\"async\" width=\"448\" height=\"310\" src=\"https:\/\/grazimac.pt\/wp-content\/uploads\/2020\/08\/Pessoal-Grazimac-2010.jpg\" alt=\"\" class=\"wp-image-5281 size-full\" srcset=\"https:\/\/grazimac.pt\/wp-content\/uploads\/2020\/08\/Pessoal-Grazimac-2010.jpg 448w, https:\/\/grazimac.pt\/wp-content\/uploads\/2020\/08\/Pessoal-Grazimac-2010-300x208.jpg 300w\" sizes=\"auto, (max-width: 448px) 100vw, 448px\" \/><\/figure><div class=\"wp-block-media-text__content\">\n<p>2010\u00a0&#8211; Estatuto PME Excel\u00eancia pelo IAPMEI.<\/p>\n\n\n\n<p>2011 &#8211; Desenvolvimento dos Pain\u00e9is de Fachada Grisol e Isolamento T\u00e9rmico EZ.<\/p>\n\n\n\n<p>2016 &#8211; ETA 15\/0700 &#8211; Avalia\u00e7\u00e3o T\u00e9cnica Europeia\u00a0para as Lajetas Grisol.<\/p>\n\n\n\n<p>2017 &#8211; Obten\u00e7\u00e3o da marca\u00e7\u00e3o CE para as Lajetas T\u00e9rmicas Grisol.<\/p>\n\n\n\n<p>2018 &#8211; Amplia\u00e7\u00e3o da gama de produtos comercializados.<\/p>\n\n\n\n<p>2022 &#8211; Nova ETA 22\/0148.<\/p>\n<\/div><\/div>\n\n\n\n<p><\/p>\n\n\n\n<p><span class=\"has-inline-color has-white-color\">&#8230;<\/span><\/p>\n","protected":false},"excerpt":{"rendered":"<p>Pioneiros na produ\u00e7\u00e3o de lajetas t\u00e9rmicas 1994 &#8211; In\u00edcio da produ\u00e7\u00e3o de lajetas t\u00e9rmicas e comercializa\u00e7\u00e3o de isolamentos. 1997 &#8211; Desenvolvimento da tecnologia para o fabrico industrial das lajetas Grisol. 2003 &#8211; Certifica\u00e7\u00e3o pela norma ISO 9001:2000. 2010\u00a0&#8211; Estatuto PME Excel\u00eancia pelo IAPMEI. 2011 &#8211; Desenvolvimento dos Pain\u00e9is de Fachada [&hellip;]<\/p>\n","protected":false},"author":1,"featured_media":48,"parent":33,"menu_order":13,"comment_status":"closed","ping_status":"closed","template":"","meta":{"_monsterinsights_skip_tracking":false,"_monsterinsights_sitenote_active":false,"_monsterinsights_sitenote_note":"","_monsterinsights_sitenote_category":0,"footnotes":""},"class_list":["post-46","page","type-page","status-publish","has-post-thumbnail","hentry"],"_links":{"self":[{"href":"https:\/\/grazimac.pt\/index.php?rest_route=\/wp\/v2\/pages\/46","targetHints":{"allow":["GET"]}}],"collection":[{"href":"https:\/\/grazimac.pt\/index.php?rest_route=\/wp\/v2\/pages"}],"about":[{"href":"https:\/\/grazimac.pt\/index.php?rest_route=\/wp\/v2\/types\/page"}],"author":[{"embeddable":true,"href":"https:\/\/grazimac.pt\/index.php?rest_route=\/wp\/v2\/users\/1"}],"replies":[{"embeddable":true,"href":"https:\/\/grazimac.pt\/index.php?rest_route=%2Fwp%2Fv2%2Fcomments&post=46"}],"version-history":[{"count":24,"href":"https:\/\/grazimac.pt\/index.php?rest_route=\/wp\/v2\/pages\/46\/revisions"}],"predecessor-version":[{"id":7446,"href":"https:\/\/grazimac.pt\/index.php?rest_route=\/wp\/v2\/pages\/46\/revisions\/7446"}],"up":[{"embeddable":true,"href":"https:\/\/grazimac.pt\/index.php?rest_route=\/wp\/v2\/pages\/33"}],"wp:featuredmedia":[{"embeddable":true,"href":"https:\/\/grazimac.pt\/index.php?rest_route=\/wp\/v2\/media\/48"}],"wp:attachment":[{"href":"https:\/\/grazimac.pt\/index.php?rest_route=%2Fwp%2Fv2%2Fmedia&parent=46"}],"curies":[{"name":"wp","href":"https:\/\/api.w.org\/{rel}","templated":true}]}}