{"id":396,"date":"2018-02-08T15:47:43","date_gmt":"2018-02-08T15:47:43","guid":{"rendered":"http:\/\/grazimac.pt\/?page_id=396"},"modified":"2023-02-03T12:12:07","modified_gmt":"2023-02-03T12:12:07","slug":"poliestireno-extrudido-xps","status":"publish","type":"page","link":"https:\/\/grazimac.pt\/?page_id=396","title":{"rendered":"Poliestireno Extrudido \u2013 XPS"},"content":{"rendered":"\n<p><strong>FIBRAN<em>xps<\/em><\/strong>\u00a0\u00e9 um isolante t\u00e9rmico apresentado em placas r\u00edgidas de espuma de Poliestireno Extrudido (XPS) para aplica\u00e7\u00e3o na constru\u00e7\u00e3o civil (envolvente dos edif\u00edcios), produtos\u00a0para a\u00a0ind\u00fastria e outros. \u00c9 um isolante t\u00e9rmico sint\u00e9tico, de elevada qualidade e desempenho utilizado na europa desde meados do S\u00e9c. XX.<\/p>\n\n\n\n<div class=\"wp-block-media-text alignwide is-stacked-on-mobile\" style=\"grid-template-columns:17% auto\"><figure class=\"wp-block-media-text__media\"><img loading=\"lazy\" decoding=\"async\" width=\"292\" height=\"172\" src=\"https:\/\/grazimac.pt\/wp-content\/uploads\/2021\/10\/Fibran.jpg\" alt=\"\" class=\"wp-image-7268 size-full\"\/><\/figure><div class=\"wp-block-media-text__content\">\n<p><strong>Produtos \u2013 COBERTURAS<\/strong><br>FIBRANxps&nbsp;<strong>300-L<\/strong><br>FIBRANxps&nbsp;<strong>300 C<\/strong> . <strong>Produtos \u2013 PAREDES<\/strong><br>FIBRANxps&nbsp;<strong>MAESTRO<\/strong> FIBRANxps&nbsp;<strong>ETICS GF<\/strong><br>FIBRANxps&nbsp;<strong>ETICS BT<\/strong><\/p>\n<\/div><\/div>\n\n\n<div align=\"left\"><\/div>\n<div align=\"left\"><span style=\"color: #ffffff;\">.<\/span><\/div>\n<div align=\"left\">\n<div align=\"left\"><\/div>\n<div><span style=\"color: #ffffff;\">.<\/span><\/div>\n<div>\n<div align=\"left\"><strong>Caracter\u00edsticas<\/strong><\/div>\n<div align=\"left\">\n<p>\u2022 Isolante sint\u00e9tico, fabricado por extrus\u00e3o e expans\u00e3o (\u00e9 adicionado um agente de insufla\u00e7\u00e3o durante o processo de fabrico);<br \/>\u2022 Insensibilidade \u00e0 absor\u00e7\u00e3o de \u00e1gua, por ter uma estrutura molecular de c\u00e9lula fechada;<br \/>\u2022 Baixa condutibilidade t\u00e9rmica e excelente resist\u00eancia t\u00e9rmica;<br \/>\u2022 Elevada resist\u00eancia \u00e0 compress\u00e3o;<br \/>\u2022 Elevada estabilidade dimensional;<br \/>\u2022 Densidade homog\u00e9nea;<br \/>\u2022 Insensibilidade ao ataque de \u00e1cidos e bases;<br \/>\u2022 F\u00e1cil de transportar, cortar e aplicar, sendo compat\u00edvel com todos os materiais de constru\u00e7\u00e3o;<br \/>\u2022 Amigo do ambiente \u2013 g\u00e1s expansor isento de cloro (sem CFC nem HCFC);<br \/>\u2022 Auto-exting\u00edvel ao fogo \u2013 EUROCLASS \u201cE\u201d;<br \/>\u2022 Propriedades est\u00e1veis ao longo do tempo;<br \/>\u2022 Certificado por entidades especializadas (no fabrico e controlo de qualidade).<\/p>\n<\/div>\n<\/div>\n<\/div>\n\n\n<div class=\"wp-block-file\"><a href=\"https:\/\/grazimac.pt\/wp-content\/uploads\/2021\/10\/solucoes-fibranxps.jpg\">Solu\u00e7\u00f5es-FibranXPS<\/a><a href=\"https:\/\/grazimac.pt\/wp-content\/uploads\/2021\/10\/solucoes-fibranxps.jpg\" class=\"wp-block-file__button\" download>Descarregar<\/a><\/div>\n\n\n\n<figure class=\"wp-block-gallery columns-4 is-cropped wp-block-gallery-1 is-layout-flex wp-block-gallery-is-layout-flex\"><ul class=\"blocks-gallery-grid\"><li class=\"blocks-gallery-item\"><figure><img loading=\"lazy\" decoding=\"async\" width=\"270\" height=\"187\" src=\"https:\/\/grazimac.pt\/wp-content\/uploads\/2023\/02\/images-1.jpg\" alt=\"\" data-id=\"7608\" data-link=\"https:\/\/grazimac.pt\/?attachment_id=7608\" class=\"wp-image-7608\"\/><\/figure><\/li><li class=\"blocks-gallery-item\"><figure><img loading=\"lazy\" decoding=\"async\" width=\"270\" height=\"187\" src=\"https:\/\/grazimac.pt\/wp-content\/uploads\/2023\/02\/images-2.jpg\" alt=\"\" data-id=\"7609\" data-link=\"https:\/\/grazimac.pt\/?attachment_id=7609\" class=\"wp-image-7609\"\/><\/figure><\/li><li class=\"blocks-gallery-item\"><figure><img loading=\"lazy\" decoding=\"async\" width=\"281\" height=\"211\" src=\"https:\/\/grazimac.pt\/wp-content\/uploads\/2023\/02\/xps.jpg\" alt=\"\" data-id=\"7615\" data-full-url=\"https:\/\/grazimac.pt\/wp-content\/uploads\/2023\/02\/xps.jpg\" data-link=\"https:\/\/grazimac.pt\/?attachment_id=7615\" class=\"wp-image-7615\"\/><\/figure><\/li><li class=\"blocks-gallery-item\"><figure><img loading=\"lazy\" decoding=\"async\" width=\"270\" height=\"187\" src=\"https:\/\/grazimac.pt\/wp-content\/uploads\/2023\/02\/images.jpg\" alt=\"\" data-id=\"7611\" data-link=\"https:\/\/grazimac.pt\/?attachment_id=7611\" class=\"wp-image-7611\"\/><\/figure><\/li><li class=\"blocks-gallery-item\"><figure><img loading=\"lazy\" decoding=\"async\" width=\"379\" height=\"307\" src=\"https:\/\/grazimac.pt\/wp-content\/uploads\/2023\/02\/XPS1.png\" alt=\"\" data-id=\"7613\" data-link=\"https:\/\/grazimac.pt\/?attachment_id=7613\" class=\"wp-image-7613\" srcset=\"https:\/\/grazimac.pt\/wp-content\/uploads\/2023\/02\/XPS1.png 379w, https:\/\/grazimac.pt\/wp-content\/uploads\/2023\/02\/XPS1-300x243.png 300w\" sizes=\"auto, (max-width: 379px) 100vw, 379px\" \/><\/figure><\/li><li class=\"blocks-gallery-item\"><figure><img loading=\"lazy\" decoding=\"async\" width=\"500\" height=\"300\" src=\"https:\/\/grazimac.pt\/wp-content\/uploads\/2023\/02\/xps-offer-siteblock.jpg\" alt=\"\" data-id=\"7614\" data-link=\"https:\/\/grazimac.pt\/?attachment_id=7614\" class=\"wp-image-7614\" srcset=\"https:\/\/grazimac.pt\/wp-content\/uploads\/2023\/02\/xps-offer-siteblock.jpg 500w, https:\/\/grazimac.pt\/wp-content\/uploads\/2023\/02\/xps-offer-siteblock-300x180.jpg 300w\" sizes=\"auto, (max-width: 500px) 100vw, 500px\" \/><\/figure><\/li><li class=\"blocks-gallery-item\"><figure><img loading=\"lazy\" decoding=\"async\" width=\"500\" height=\"500\" src=\"https:\/\/grazimac.pt\/wp-content\/uploads\/2023\/02\/paredes-enterradas.jpg\" alt=\"\" data-id=\"7612\" data-link=\"https:\/\/grazimac.pt\/?attachment_id=7612\" class=\"wp-image-7612\" srcset=\"https:\/\/grazimac.pt\/wp-content\/uploads\/2023\/02\/paredes-enterradas.jpg 500w, https:\/\/grazimac.pt\/wp-content\/uploads\/2023\/02\/paredes-enterradas-300x300.jpg 300w, https:\/\/grazimac.pt\/wp-content\/uploads\/2023\/02\/paredes-enterradas-150x150.jpg 150w\" sizes=\"auto, (max-width: 500px) 100vw, 500px\" \/><\/figure><\/li><li class=\"blocks-gallery-item\"><figure><img loading=\"lazy\" decoding=\"async\" width=\"270\" height=\"187\" src=\"https:\/\/grazimac.pt\/wp-content\/uploads\/2023\/02\/images-3.jpg\" alt=\"\" data-id=\"7610\" data-link=\"https:\/\/grazimac.pt\/?attachment_id=7610\" class=\"wp-image-7610\"\/><\/figure><\/li><\/ul><\/figure>\n","protected":false},"excerpt":{"rendered":"<p>FIBRANxps\u00a0\u00e9 um isolante t\u00e9rmico apresentado em placas r\u00edgidas de espuma de Poliestireno Extrudido (XPS) para aplica\u00e7\u00e3o na constru\u00e7\u00e3o civil (envolvente dos edif\u00edcios), produtos\u00a0para a\u00a0ind\u00fastria e outros. \u00c9 um isolante t\u00e9rmico sint\u00e9tico, de elevada qualidade e desempenho utilizado na europa desde meados do S\u00e9c. XX. Produtos \u2013 COBERTURASFIBRANxps&nbsp;300-LFIBRANxps&nbsp;300 C . Produtos [&hellip;]<\/p>\n","protected":false},"author":1,"featured_media":85,"parent":339,"menu_order":66,"comment_status":"closed","ping_status":"closed","template":"","meta":{"_monsterinsights_skip_tracking":false,"_monsterinsights_sitenote_active":false,"_monsterinsights_sitenote_note":"","_monsterinsights_sitenote_category":0,"footnotes":""},"class_list":["post-396","page","type-page","status-publish","has-post-thumbnail","hentry"],"_links":{"self":[{"href":"https:\/\/grazimac.pt\/index.php?rest_route=\/wp\/v2\/pages\/396","targetHints":{"allow":["GET"]}}],"collection":[{"href":"https:\/\/grazimac.pt\/index.php?rest_route=\/wp\/v2\/pages"}],"about":[{"href":"https:\/\/grazimac.pt\/index.php?rest_route=\/wp\/v2\/types\/page"}],"author":[{"embeddable":true,"href":"https:\/\/grazimac.pt\/index.php?rest_route=\/wp\/v2\/users\/1"}],"replies":[{"embeddable":true,"href":"https:\/\/grazimac.pt\/index.php?rest_route=%2Fwp%2Fv2%2Fcomments&post=396"}],"version-history":[{"count":11,"href":"https:\/\/grazimac.pt\/index.php?rest_route=\/wp\/v2\/pages\/396\/revisions"}],"predecessor-version":[{"id":7616,"href":"https:\/\/grazimac.pt\/index.php?rest_route=\/wp\/v2\/pages\/396\/revisions\/7616"}],"up":[{"embeddable":true,"href":"https:\/\/grazimac.pt\/index.php?rest_route=\/wp\/v2\/pages\/339"}],"wp:featuredmedia":[{"embeddable":true,"href":"https:\/\/grazimac.pt\/index.php?rest_route=\/wp\/v2\/media\/85"}],"wp:attachment":[{"href":"https:\/\/grazimac.pt\/index.php?rest_route=%2Fwp%2Fv2%2Fmedia&parent=396"}],"curies":[{"name":"wp","href":"https:\/\/api.w.org\/{rel}","templated":true}]}}