{"id":366,"date":"2018-02-08T15:26:45","date_gmt":"2018-02-08T15:26:45","guid":{"rendered":"http:\/\/grazimac.pt\/?page_id=366"},"modified":"2021-10-18T11:23:15","modified_gmt":"2021-10-18T11:23:15","slug":"imperkit-2","status":"publish","type":"page","link":"https:\/\/grazimac.pt\/?page_id=366","title":{"rendered":"IMPERKIT"},"content":{"rendered":"<p><strong>Descri\u00e7\u00e3o<\/strong><\/p>\n<p>Imperkit \u00e9 a solu\u00e7\u00e3o para impermeabilizar \u00e1reas de duche.<\/p>\n<p>\u00c9 composto por uma tela imperme\u00e1vel (Geomembrana), tubo de descarga em PVC com grelha em a\u00e7o inoxid\u00e1vel. O conjunto, tubo de descarga e grelha, encontra-se termosoldado \u00e0 tela imperme\u00e1vel.<\/p>\n<p>O Imperkit est\u00e1 igualmente adaptado para a impermeabiliza\u00e7\u00e3o de coberturas, terra\u00e7os, e em geral, qualquer superf\u00edcie horizontal exposta a \u00e1gua e que contemple uma canaliza\u00e7\u00e3o para evacua\u00e7\u00e3o das \u00e1guas.<\/p>\n<p>O Imperkit garante uma perfeita impermeabiliza\u00e7\u00e3o atrav\u00e9s de uma instala\u00e7\u00e3o r\u00e1pida e simples.<\/p>\n<p><img loading=\"lazy\" decoding=\"async\" src=\"https:\/\/grazimac.pt\/wp-content\/uploads\/2018\/02\/Imperkit-geral-1.png\" alt=\"\" width=\"198\" height=\"312\" class=\"alignleft size-full wp-image-355\" srcset=\"https:\/\/grazimac.pt\/wp-content\/uploads\/2018\/02\/Imperkit-geral-1.png 198w, https:\/\/grazimac.pt\/wp-content\/uploads\/2018\/02\/Imperkit-geral-1-190x300.png 190w\" sizes=\"auto, (max-width: 198px) 100vw, 198px\" \/> <img loading=\"lazy\" decoding=\"async\" src=\"https:\/\/grazimac.pt\/wp-content\/uploads\/2018\/02\/Imperkit-geral.png\" alt=\"\" width=\"286\" height=\"311\" class=\"alignnone  wp-image-356\" srcset=\"https:\/\/grazimac.pt\/wp-content\/uploads\/2018\/02\/Imperkit-geral.png 325w, https:\/\/grazimac.pt\/wp-content\/uploads\/2018\/02\/Imperkit-geral-275x300.png 275w\" sizes=\"auto, (max-width: 286px) 100vw, 286px\" \/><\/p>\n<p><strong>Propriedades<\/strong><\/p>\n<p>Cor: Azul \/ Laranja<\/p>\n<p>Tela: Geomembrana<\/p>\n<p>Dimens\u00f5es Tela:2 x 1,5 m<\/p>\n<p>Sif\u00e3o: A\u00e7o inoxid\u00e1vel<\/p>\n<p>Dimens\u00f5es sif\u00e3o: 100 x 100 mm<\/p>\n<p><strong>Modo de aplica\u00e7\u00e3o<\/strong><\/p>\n<p>Preparar a base com argamassa limpa, seca e com pendente m\u00ednima de 1%. Colar a tela directamente sobre a base. Utilizar cimento cola de classe C2 ou outro adesivo aplicado com esp\u00e1tula adequado ao suporte. Prolongar a tela sobrante sobre a parede no m\u00ednimo de 10 cm. Aplicar o pavimento directamente sobre a tela imperme\u00e1vel na horizontal e na vertical, utilizando cimento cola de classe C2 (ex: Grazicol-FAST).<\/p>\n<p><img loading=\"lazy\" decoding=\"async\" src=\"https:\/\/grazimac.pt\/wp-content\/uploads\/2018\/02\/Esquema-de-montagem.png\" alt=\"\" width=\"465\" height=\"159\" class=\"wp-image-357 size-full alignnone\" srcset=\"https:\/\/grazimac.pt\/wp-content\/uploads\/2018\/02\/Esquema-de-montagem.png 465w, https:\/\/grazimac.pt\/wp-content\/uploads\/2018\/02\/Esquema-de-montagem-300x103.png 300w\" sizes=\"auto, (max-width: 465px) 100vw, 465px\" \/> <img loading=\"lazy\" decoding=\"async\" src=\"https:\/\/grazimac.pt\/wp-content\/uploads\/2018\/02\/Remates-e-cantos.png\" alt=\"\" width=\"519\" height=\"261\" class=\"size-full wp-image-358 alignnone\" srcset=\"https:\/\/grazimac.pt\/wp-content\/uploads\/2018\/02\/Remates-e-cantos.png 519w, https:\/\/grazimac.pt\/wp-content\/uploads\/2018\/02\/Remates-e-cantos-300x151.png 300w\" sizes=\"auto, (max-width: 519px) 100vw, 519px\" \/><\/p>\n<div id=\"attachment_359\" style=\"width: 296px\" class=\"wp-caption alignnone\"><img loading=\"lazy\" decoding=\"async\" aria-describedby=\"caption-attachment-359\" src=\"https:\/\/grazimac.pt\/wp-content\/uploads\/2018\/02\/Imperkit-TOP.png\" alt=\"\" width=\"286\" height=\"173\" class=\" wp-image-359\" srcset=\"https:\/\/grazimac.pt\/wp-content\/uploads\/2018\/02\/Imperkit-TOP.png 362w, https:\/\/grazimac.pt\/wp-content\/uploads\/2018\/02\/Imperkit-TOP-300x181.png 300w, https:\/\/grazimac.pt\/wp-content\/uploads\/2018\/02\/Imperkit-TOP-360x219.png 360w\" sizes=\"auto, (max-width: 286px) 100vw, 286px\" \/><p id=\"caption-attachment-359\" class=\"wp-caption-text\"><strong>Modelo Top<\/strong><\/p><\/div>\n<div id=\"attachment_360\" style=\"width: 290px\" class=\"wp-caption alignnone\"><img loading=\"lazy\" decoding=\"async\" aria-describedby=\"caption-attachment-360\" src=\"https:\/\/grazimac.pt\/wp-content\/uploads\/2018\/02\/Imperkit.png\" alt=\"\" width=\"280\" height=\"155\" class=\"size-full wp-image-360\" \/><p id=\"caption-attachment-360\" class=\"wp-caption-text\"><strong>Modelo simples<\/strong><\/p><\/div>\n<div id=\"attachment_361\" style=\"width: 250px\" class=\"wp-caption alignnone\"><img loading=\"lazy\" decoding=\"async\" aria-describedby=\"caption-attachment-361\" src=\"https:\/\/grazimac.pt\/wp-content\/uploads\/2018\/02\/cache_2441673383.png\" alt=\"\" width=\"240\" height=\"287\" class=\"size-full wp-image-361\" \/><p id=\"caption-attachment-361\" class=\"wp-caption-text\">Embalagem<\/p><\/div>\n<div id=\"attachment_362\" style=\"width: 267px\" class=\"wp-caption alignnone\"><img loading=\"lazy\" decoding=\"async\" aria-describedby=\"caption-attachment-362\" src=\"https:\/\/grazimac.pt\/wp-content\/uploads\/2018\/02\/Conteu\u0301do.png\" alt=\"\" width=\"257\" height=\"186\" class=\"size-full wp-image-362\" \/><p id=\"caption-attachment-362\" class=\"wp-caption-text\">Conte\u00fado<\/p><\/div>\n","protected":false},"excerpt":{"rendered":"<p>Descri\u00e7\u00e3o Imperkit \u00e9 a solu\u00e7\u00e3o para impermeabilizar \u00e1reas de duche. \u00c9 composto por uma tela imperme\u00e1vel (Geomembrana), tubo de descarga em PVC com grelha em a\u00e7o inoxid\u00e1vel. O conjunto, tubo de descarga e grelha, encontra-se termosoldado \u00e0 tela imperme\u00e1vel. O Imperkit est\u00e1 igualmente adaptado para a impermeabiliza\u00e7\u00e3o de coberturas, terra\u00e7os, [&hellip;]<\/p>\n","protected":false},"author":1,"featured_media":85,"parent":354,"menu_order":611,"comment_status":"closed","ping_status":"closed","template":"","meta":{"_monsterinsights_skip_tracking":false,"_monsterinsights_sitenote_active":false,"_monsterinsights_sitenote_note":"","_monsterinsights_sitenote_category":0,"footnotes":""},"class_list":["post-366","page","type-page","status-publish","has-post-thumbnail","hentry"],"_links":{"self":[{"href":"https:\/\/grazimac.pt\/index.php?rest_route=\/wp\/v2\/pages\/366","targetHints":{"allow":["GET"]}}],"collection":[{"href":"https:\/\/grazimac.pt\/index.php?rest_route=\/wp\/v2\/pages"}],"about":[{"href":"https:\/\/grazimac.pt\/index.php?rest_route=\/wp\/v2\/types\/page"}],"author":[{"embeddable":true,"href":"https:\/\/grazimac.pt\/index.php?rest_route=\/wp\/v2\/users\/1"}],"replies":[{"embeddable":true,"href":"https:\/\/grazimac.pt\/index.php?rest_route=%2Fwp%2Fv2%2Fcomments&post=366"}],"version-history":[{"count":3,"href":"https:\/\/grazimac.pt\/index.php?rest_route=\/wp\/v2\/pages\/366\/revisions"}],"predecessor-version":[{"id":7237,"href":"https:\/\/grazimac.pt\/index.php?rest_route=\/wp\/v2\/pages\/366\/revisions\/7237"}],"up":[{"embeddable":true,"href":"https:\/\/grazimac.pt\/index.php?rest_route=\/wp\/v2\/pages\/354"}],"wp:featuredmedia":[{"embeddable":true,"href":"https:\/\/grazimac.pt\/index.php?rest_route=\/wp\/v2\/media\/85"}],"wp:attachment":[{"href":"https:\/\/grazimac.pt\/index.php?rest_route=%2Fwp%2Fv2%2Fmedia&parent=366"}],"curies":[{"name":"wp","href":"https:\/\/api.w.org\/{rel}","templated":true}]}}