{"id":354,"date":"2018-02-08T15:24:04","date_gmt":"2018-02-08T15:24:04","guid":{"rendered":"http:\/\/grazimac.pt\/?page_id=354"},"modified":"2022-03-24T12:04:43","modified_gmt":"2022-03-24T12:04:43","slug":"imperkit","status":"publish","type":"page","link":"https:\/\/grazimac.pt\/?page_id=354","title":{"rendered":"IMPERKIT"},"content":{"rendered":"\n<p>Imper-kit \u00e9 a solu\u00e7\u00e3o para impermeabilizar \u00e1reas de duche. O Imper-kit est\u00e1 igualmente adaptado para a impermeabiliza\u00e7\u00e3o de coberturas, terra\u00e7os, e em geral, qualquer superf\u00edcie horizontal exposta a \u00e1gua e que contemple uma canaliza\u00e7\u00e3o para evacua\u00e7\u00e3o das \u00e1guas. O Imper-kit garante uma perfeita impermeabiliza\u00e7\u00e3o atrav\u00e9s de uma instala\u00e7\u00e3o r\u00e1pida e simples.<\/p>\n\n\n\n<figure class=\"wp-block-image size-large is-resized\"><img loading=\"lazy\" decoding=\"async\" src=\"https:\/\/grazimac.pt\/wp-content\/uploads\/2021\/10\/folheto-1024x238.png\" alt=\"\" class=\"wp-image-7143\" width=\"801\" height=\"186\" srcset=\"https:\/\/grazimac.pt\/wp-content\/uploads\/2021\/10\/folheto-1024x238.png 1024w, https:\/\/grazimac.pt\/wp-content\/uploads\/2021\/10\/folheto-300x70.png 300w, https:\/\/grazimac.pt\/wp-content\/uploads\/2021\/10\/folheto-768x178.png 768w, https:\/\/grazimac.pt\/wp-content\/uploads\/2021\/10\/folheto.png 1326w\" sizes=\"auto, (max-width: 801px) 100vw, 801px\" \/><\/figure>\n\n\n<p><span style=\"color: #ffffff;\">.<\/span><\/p>\n<ul class=\"display-posts-listing\"><li class=\"listing-item\"><a class=\"title\" href=\"https:\/\/grazimac.pt\/?page_id=377\">Membrana de Impermeabiliza\u00e7\u00e3o e Dessolidariza\u00e7\u00e3o<\/a> <span class=\"excerpt-dash\">-<\/span> <span class=\"excerpt\">Membrana flex\u00edvel pode ser universalmente utilizada em paredes e pisos, para impermeabiliza\u00e7\u00e3o e dessolidariza\u00e7\u00e3o. .\u00a0 \u00a0 Ideal para utiliza\u00e7\u00e3o em: Impermeabiliza\u00e7\u00e3o interior &#8211; Duches, SPA&#8217;s, Balne\u00e1rios, Saunas, etc. Impermeabiliza\u00e7\u00e3o exterior &#8211; Piscinas, Varandas, Terra\u00e7os, etc. Selagem e Dessolidariza\u00e7\u00e3o &#8211; Betonilhas fissuradas, Ladrilhos antigos, Pavimentos de Madeira, etc. Cozinhas Industriais &#8211; [&hellip;]<\/span><\/li><li class=\"listing-item\"><a class=\"title\" href=\"https:\/\/grazimac.pt\/?page_id=368\">IMPERKIT LINEAR ACQUA<\/a> <span class=\"excerpt-dash\">-<\/span> <span class=\"excerpt\">Descri\u00e7\u00e3o Imperkit Acqua \u00e9 a solu\u00e7\u00e3o para impermeabilizar \u00e1reas de duche. \u00c9 composto por uma tela imperme\u00e1vel (Geomembrana), tubo de descarga em PVC com grelha em a\u00e7o inoxid\u00e1vel. O conjunto, tubo de descarga e grelha, encontra-se termosoldado \u00e0 tela imperme\u00e1vel. O Imper-kit est\u00e1 igualmente adaptado para a impermeabiliza\u00e7\u00e3o de coberturas, [&hellip;]<\/span><\/li><li class=\"listing-item\"><a class=\"title\" href=\"https:\/\/grazimac.pt\/?page_id=366\">IMPERKIT<\/a> <span class=\"excerpt-dash\">-<\/span> <span class=\"excerpt\">Descri\u00e7\u00e3o Imperkit \u00e9 a solu\u00e7\u00e3o para impermeabilizar \u00e1reas de duche. \u00c9 composto por uma tela imperme\u00e1vel (Geomembrana), tubo de descarga em PVC com grelha em a\u00e7o inoxid\u00e1vel. O conjunto, tubo de descarga e grelha, encontra-se termosoldado \u00e0 tela imperme\u00e1vel. O Imperkit est\u00e1 igualmente adaptado para a impermeabiliza\u00e7\u00e3o de coberturas, terra\u00e7os, [&hellip;]<\/span><\/li><\/ul>\n<p><span style=\"color: #ffffff;\">.<\/span><\/p>\n\n\n<div data-wp-interactive=\"core\/file\" class=\"wp-block-file alignwide\"><object data-wp-bind--hidden=\"!state.hasPdfPreview\" hidden class=\"wp-block-file__embed\" data=\"https:\/\/grazimac.pt\/wp-content\/uploads\/2021\/10\/Folheto-Imper-Kit-2021_compressed.pdf\" type=\"application\/pdf\" style=\"width:100%;height:600px\" aria-label=\"Incorpora\u00e7\u00e3o de Incorpora\u00e7\u00e3o de Folheto Imper-Kit 2021_compressed..\"><\/object><a href=\"https:\/\/grazimac.pt\/wp-content\/uploads\/2021\/10\/Folheto-Imper-Kit-2021_compressed.pdf\">Folheto Imper-Kit 2021_compressed<\/a><a href=\"https:\/\/grazimac.pt\/wp-content\/uploads\/2021\/10\/Folheto-Imper-Kit-2021_compressed.pdf\" class=\"wp-block-file__button\" download>Descarregar<\/a><\/div>\n","protected":false},"excerpt":{"rendered":"<p>Imper-kit \u00e9 a solu\u00e7\u00e3o para impermeabilizar \u00e1reas de duche. O Imper-kit est\u00e1 igualmente adaptado para a impermeabiliza\u00e7\u00e3o de coberturas, terra\u00e7os, e em geral, qualquer superf\u00edcie horizontal exposta a \u00e1gua e que contemple uma canaliza\u00e7\u00e3o para evacua\u00e7\u00e3o das \u00e1guas. O Imper-kit garante uma perfeita impermeabiliza\u00e7\u00e3o atrav\u00e9s de uma instala\u00e7\u00e3o r\u00e1pida e [&hellip;]<\/p>\n","protected":false},"author":1,"featured_media":85,"parent":339,"menu_order":3,"comment_status":"closed","ping_status":"closed","template":"","meta":{"_monsterinsights_skip_tracking":false,"_monsterinsights_sitenote_active":false,"_monsterinsights_sitenote_note":"","_monsterinsights_sitenote_category":0,"footnotes":""},"class_list":["post-354","page","type-page","status-publish","has-post-thumbnail","hentry"],"_links":{"self":[{"href":"https:\/\/grazimac.pt\/index.php?rest_route=\/wp\/v2\/pages\/354","targetHints":{"allow":["GET"]}}],"collection":[{"href":"https:\/\/grazimac.pt\/index.php?rest_route=\/wp\/v2\/pages"}],"about":[{"href":"https:\/\/grazimac.pt\/index.php?rest_route=\/wp\/v2\/types\/page"}],"author":[{"embeddable":true,"href":"https:\/\/grazimac.pt\/index.php?rest_route=\/wp\/v2\/users\/1"}],"replies":[{"embeddable":true,"href":"https:\/\/grazimac.pt\/index.php?rest_route=%2Fwp%2Fv2%2Fcomments&post=354"}],"version-history":[{"count":11,"href":"https:\/\/grazimac.pt\/index.php?rest_route=\/wp\/v2\/pages\/354\/revisions"}],"predecessor-version":[{"id":7235,"href":"https:\/\/grazimac.pt\/index.php?rest_route=\/wp\/v2\/pages\/354\/revisions\/7235"}],"up":[{"embeddable":true,"href":"https:\/\/grazimac.pt\/index.php?rest_route=\/wp\/v2\/pages\/339"}],"wp:featuredmedia":[{"embeddable":true,"href":"https:\/\/grazimac.pt\/index.php?rest_route=\/wp\/v2\/media\/85"}],"wp:attachment":[{"href":"https:\/\/grazimac.pt\/index.php?rest_route=%2Fwp%2Fv2%2Fmedia&parent=354"}],"curies":[{"name":"wp","href":"https:\/\/api.w.org\/{rel}","templated":true}]}}