{"id":296,"date":"2018-02-08T11:26:06","date_gmt":"2018-02-08T11:26:06","guid":{"rendered":"http:\/\/grazimac.pt\/?page_id=296"},"modified":"2021-10-18T10:53:27","modified_gmt":"2021-10-18T10:53:27","slug":"rhepanol","status":"publish","type":"page","link":"https:\/\/grazimac.pt\/?page_id=296","title":{"rendered":"Telas PIB &#8211; RHEPANOL"},"content":{"rendered":"\n<figure class=\"wp-block-gallery columns-3 is-cropped wp-block-gallery-1 is-layout-flex wp-block-gallery-is-layout-flex\"><ul class=\"blocks-gallery-grid\"><li class=\"blocks-gallery-item\"><figure><img loading=\"lazy\" decoding=\"async\" width=\"716\" height=\"320\" src=\"https:\/\/grazimac.pt\/wp-content\/uploads\/2021\/10\/allrounder-winterworld-Neuss-Germany.png\" alt=\"\" data-id=\"7200\" data-full-url=\"https:\/\/grazimac.pt\/wp-content\/uploads\/2021\/10\/allrounder-winterworld-Neuss-Germany.png\" data-link=\"https:\/\/grazimac.pt\/?attachment_id=7200\" class=\"wp-image-7200\" srcset=\"https:\/\/grazimac.pt\/wp-content\/uploads\/2021\/10\/allrounder-winterworld-Neuss-Germany.png 716w, https:\/\/grazimac.pt\/wp-content\/uploads\/2021\/10\/allrounder-winterworld-Neuss-Germany-300x134.png 300w\" sizes=\"auto, (max-width: 716px) 100vw, 716px\" \/><\/figure><\/li><li class=\"blocks-gallery-item\"><figure><img loading=\"lazy\" decoding=\"async\" width=\"716\" height=\"320\" src=\"https:\/\/grazimac.pt\/wp-content\/uploads\/2021\/10\/Cemetery-Heidehof-Ugchelen-NL.png\" alt=\"\" data-id=\"7202\" data-full-url=\"https:\/\/grazimac.pt\/wp-content\/uploads\/2021\/10\/Cemetery-Heidehof-Ugchelen-NL.png\" data-link=\"https:\/\/grazimac.pt\/?attachment_id=7202\" class=\"wp-image-7202\" srcset=\"https:\/\/grazimac.pt\/wp-content\/uploads\/2021\/10\/Cemetery-Heidehof-Ugchelen-NL.png 716w, https:\/\/grazimac.pt\/wp-content\/uploads\/2021\/10\/Cemetery-Heidehof-Ugchelen-NL-300x134.png 300w\" sizes=\"auto, (max-width: 716px) 100vw, 716px\" \/><\/figure><\/li><li class=\"blocks-gallery-item\"><figure><img loading=\"lazy\" decoding=\"async\" width=\"716\" height=\"320\" src=\"https:\/\/grazimac.pt\/wp-content\/uploads\/2021\/10\/Cultural-artifact-Villa-Windstosser-Stuttgart-Germany.png\" alt=\"\" data-id=\"7203\" data-full-url=\"https:\/\/grazimac.pt\/wp-content\/uploads\/2021\/10\/Cultural-artifact-Villa-Windstosser-Stuttgart-Germany.png\" data-link=\"https:\/\/grazimac.pt\/?attachment_id=7203\" class=\"wp-image-7203\" srcset=\"https:\/\/grazimac.pt\/wp-content\/uploads\/2021\/10\/Cultural-artifact-Villa-Windstosser-Stuttgart-Germany.png 716w, https:\/\/grazimac.pt\/wp-content\/uploads\/2021\/10\/Cultural-artifact-Villa-Windstosser-Stuttgart-Germany-300x134.png 300w\" sizes=\"auto, (max-width: 716px) 100vw, 716px\" \/><\/figure><\/li><li class=\"blocks-gallery-item\"><figure><img loading=\"lazy\" decoding=\"async\" width=\"716\" height=\"320\" src=\"https:\/\/grazimac.pt\/wp-content\/uploads\/2021\/10\/Excenter-Building-Bochum-Germany.png\" alt=\"\" data-id=\"7204\" data-full-url=\"https:\/\/grazimac.pt\/wp-content\/uploads\/2021\/10\/Excenter-Building-Bochum-Germany.png\" data-link=\"https:\/\/grazimac.pt\/?attachment_id=7204\" class=\"wp-image-7204\" srcset=\"https:\/\/grazimac.pt\/wp-content\/uploads\/2021\/10\/Excenter-Building-Bochum-Germany.png 716w, https:\/\/grazimac.pt\/wp-content\/uploads\/2021\/10\/Excenter-Building-Bochum-Germany-300x134.png 300w\" sizes=\"auto, (max-width: 716px) 100vw, 716px\" \/><\/figure><\/li><li class=\"blocks-gallery-item\"><figure><img loading=\"lazy\" decoding=\"async\" width=\"716\" height=\"320\" src=\"https:\/\/grazimac.pt\/wp-content\/uploads\/2021\/10\/Family-Home-Manaton-Devon-UK.png\" alt=\"\" data-id=\"7205\" data-full-url=\"https:\/\/grazimac.pt\/wp-content\/uploads\/2021\/10\/Family-Home-Manaton-Devon-UK.png\" data-link=\"https:\/\/grazimac.pt\/?attachment_id=7205\" class=\"wp-image-7205\" srcset=\"https:\/\/grazimac.pt\/wp-content\/uploads\/2021\/10\/Family-Home-Manaton-Devon-UK.png 716w, https:\/\/grazimac.pt\/wp-content\/uploads\/2021\/10\/Family-Home-Manaton-Devon-UK-300x134.png 300w\" sizes=\"auto, (max-width: 716px) 100vw, 716px\" \/><\/figure><\/li><li class=\"blocks-gallery-item\"><figure><img loading=\"lazy\" decoding=\"async\" width=\"716\" height=\"320\" src=\"https:\/\/grazimac.pt\/wp-content\/uploads\/2021\/10\/FDT-Mannheim-Germany.png\" alt=\"\" data-id=\"7206\" data-full-url=\"https:\/\/grazimac.pt\/wp-content\/uploads\/2021\/10\/FDT-Mannheim-Germany.png\" data-link=\"https:\/\/grazimac.pt\/?attachment_id=7206\" class=\"wp-image-7206\" srcset=\"https:\/\/grazimac.pt\/wp-content\/uploads\/2021\/10\/FDT-Mannheim-Germany.png 716w, https:\/\/grazimac.pt\/wp-content\/uploads\/2021\/10\/FDT-Mannheim-Germany-300x134.png 300w\" sizes=\"auto, (max-width: 716px) 100vw, 716px\" \/><\/figure><\/li><li class=\"blocks-gallery-item\"><figure><img loading=\"lazy\" decoding=\"async\" width=\"716\" height=\"320\" src=\"https:\/\/grazimac.pt\/wp-content\/uploads\/2021\/10\/Garnet-chapel-Penkenjoch-Ziller-Valley-Austria.png\" alt=\"\" data-id=\"7207\" data-full-url=\"https:\/\/grazimac.pt\/wp-content\/uploads\/2021\/10\/Garnet-chapel-Penkenjoch-Ziller-Valley-Austria.png\" data-link=\"https:\/\/grazimac.pt\/?attachment_id=7207\" class=\"wp-image-7207\" srcset=\"https:\/\/grazimac.pt\/wp-content\/uploads\/2021\/10\/Garnet-chapel-Penkenjoch-Ziller-Valley-Austria.png 716w, https:\/\/grazimac.pt\/wp-content\/uploads\/2021\/10\/Garnet-chapel-Penkenjoch-Ziller-Valley-Austria-300x134.png 300w\" sizes=\"auto, (max-width: 716px) 100vw, 716px\" \/><\/figure><\/li><li class=\"blocks-gallery-item\"><figure><img loading=\"lazy\" decoding=\"async\" width=\"1024\" height=\"294\" src=\"https:\/\/grazimac.pt\/wp-content\/uploads\/2021\/10\/Hallenbaddach-Vital-Welt-Schliersee-Germany-1024x294.jpg\" alt=\"\" data-id=\"7208\" data-full-url=\"https:\/\/grazimac.pt\/wp-content\/uploads\/2021\/10\/Hallenbaddach-Vital-Welt-Schliersee-Germany.jpg\" data-link=\"https:\/\/grazimac.pt\/?attachment_id=7208\" class=\"wp-image-7208\" srcset=\"https:\/\/grazimac.pt\/wp-content\/uploads\/2021\/10\/Hallenbaddach-Vital-Welt-Schliersee-Germany-1024x294.jpg 1024w, https:\/\/grazimac.pt\/wp-content\/uploads\/2021\/10\/Hallenbaddach-Vital-Welt-Schliersee-Germany-300x86.jpg 300w, https:\/\/grazimac.pt\/wp-content\/uploads\/2021\/10\/Hallenbaddach-Vital-Welt-Schliersee-Germany-768x220.jpg 768w, https:\/\/grazimac.pt\/wp-content\/uploads\/2021\/10\/Hallenbaddach-Vital-Welt-Schliersee-Germany.jpg 1500w\" sizes=\"auto, (max-width: 1024px) 100vw, 1024px\" \/><\/figure><\/li><li class=\"blocks-gallery-item\"><figure><img loading=\"lazy\" decoding=\"async\" width=\"1024\" height=\"294\" src=\"https:\/\/grazimac.pt\/wp-content\/uploads\/2021\/10\/Haltestellendreieck-KonigsPlatz-Augsburg-Germany-1024x294.jpg\" alt=\"\" data-id=\"7209\" data-full-url=\"https:\/\/grazimac.pt\/wp-content\/uploads\/2021\/10\/Haltestellendreieck-KonigsPlatz-Augsburg-Germany.jpg\" data-link=\"https:\/\/grazimac.pt\/?attachment_id=7209\" class=\"wp-image-7209\" srcset=\"https:\/\/grazimac.pt\/wp-content\/uploads\/2021\/10\/Haltestellendreieck-KonigsPlatz-Augsburg-Germany-1024x294.jpg 1024w, https:\/\/grazimac.pt\/wp-content\/uploads\/2021\/10\/Haltestellendreieck-KonigsPlatz-Augsburg-Germany-300x86.jpg 300w, https:\/\/grazimac.pt\/wp-content\/uploads\/2021\/10\/Haltestellendreieck-KonigsPlatz-Augsburg-Germany-768x220.jpg 768w, https:\/\/grazimac.pt\/wp-content\/uploads\/2021\/10\/Haltestellendreieck-KonigsPlatz-Augsburg-Germany.jpg 1500w\" sizes=\"auto, (max-width: 1024px) 100vw, 1024px\" \/><\/figure><\/li><li class=\"blocks-gallery-item\"><figure><img loading=\"lazy\" decoding=\"async\" width=\"716\" height=\"320\" src=\"https:\/\/grazimac.pt\/wp-content\/uploads\/2021\/10\/Home-for-children-youth-and-family-Salzburg-Austria.png\" alt=\"\" data-id=\"7210\" data-full-url=\"https:\/\/grazimac.pt\/wp-content\/uploads\/2021\/10\/Home-for-children-youth-and-family-Salzburg-Austria.png\" data-link=\"https:\/\/grazimac.pt\/?attachment_id=7210\" class=\"wp-image-7210\" srcset=\"https:\/\/grazimac.pt\/wp-content\/uploads\/2021\/10\/Home-for-children-youth-and-family-Salzburg-Austria.png 716w, https:\/\/grazimac.pt\/wp-content\/uploads\/2021\/10\/Home-for-children-youth-and-family-Salzburg-Austria-300x134.png 300w\" sizes=\"auto, (max-width: 716px) 100vw, 716px\" \/><\/figure><\/li><li class=\"blocks-gallery-item\"><figure><img loading=\"lazy\" decoding=\"async\" width=\"1024\" height=\"294\" src=\"https:\/\/grazimac.pt\/wp-content\/uploads\/2021\/10\/KiTa-Dresden-Germany-1024x294.jpg\" alt=\"\" data-id=\"7211\" data-full-url=\"https:\/\/grazimac.pt\/wp-content\/uploads\/2021\/10\/KiTa-Dresden-Germany.jpg\" data-link=\"https:\/\/grazimac.pt\/?attachment_id=7211\" class=\"wp-image-7211\" srcset=\"https:\/\/grazimac.pt\/wp-content\/uploads\/2021\/10\/KiTa-Dresden-Germany-1024x294.jpg 1024w, https:\/\/grazimac.pt\/wp-content\/uploads\/2021\/10\/KiTa-Dresden-Germany-300x86.jpg 300w, https:\/\/grazimac.pt\/wp-content\/uploads\/2021\/10\/KiTa-Dresden-Germany-768x220.jpg 768w, https:\/\/grazimac.pt\/wp-content\/uploads\/2021\/10\/KiTa-Dresden-Germany.jpg 1500w\" sizes=\"auto, (max-width: 1024px) 100vw, 1024px\" \/><\/figure><\/li><li class=\"blocks-gallery-item\"><figure><img loading=\"lazy\" decoding=\"async\" width=\"716\" height=\"320\" src=\"https:\/\/grazimac.pt\/wp-content\/uploads\/2021\/10\/Meydan-Shopping-Centre-Istanbul-Turkey.png\" alt=\"\" data-id=\"7212\" data-full-url=\"https:\/\/grazimac.pt\/wp-content\/uploads\/2021\/10\/Meydan-Shopping-Centre-Istanbul-Turkey.png\" data-link=\"https:\/\/grazimac.pt\/?attachment_id=7212\" class=\"wp-image-7212\" srcset=\"https:\/\/grazimac.pt\/wp-content\/uploads\/2021\/10\/Meydan-Shopping-Centre-Istanbul-Turkey.png 716w, https:\/\/grazimac.pt\/wp-content\/uploads\/2021\/10\/Meydan-Shopping-Centre-Istanbul-Turkey-300x134.png 300w\" sizes=\"auto, (max-width: 716px) 100vw, 716px\" \/><\/figure><\/li><li class=\"blocks-gallery-item\"><figure><img loading=\"lazy\" decoding=\"async\" width=\"716\" height=\"320\" src=\"https:\/\/grazimac.pt\/wp-content\/uploads\/2021\/10\/Moonraker-Poole-England.png\" alt=\"\" data-id=\"7213\" data-full-url=\"https:\/\/grazimac.pt\/wp-content\/uploads\/2021\/10\/Moonraker-Poole-England.png\" data-link=\"https:\/\/grazimac.pt\/?attachment_id=7213\" class=\"wp-image-7213\" srcset=\"https:\/\/grazimac.pt\/wp-content\/uploads\/2021\/10\/Moonraker-Poole-England.png 716w, https:\/\/grazimac.pt\/wp-content\/uploads\/2021\/10\/Moonraker-Poole-England-300x134.png 300w\" sizes=\"auto, (max-width: 716px) 100vw, 716px\" \/><\/figure><\/li><li class=\"blocks-gallery-item\"><figure><img loading=\"lazy\" decoding=\"async\" width=\"716\" height=\"320\" src=\"https:\/\/grazimac.pt\/wp-content\/uploads\/2021\/10\/Museum-Ritter-Waldenbuch-Germany.png\" alt=\"\" data-id=\"7214\" data-full-url=\"https:\/\/grazimac.pt\/wp-content\/uploads\/2021\/10\/Museum-Ritter-Waldenbuch-Germany.png\" data-link=\"https:\/\/grazimac.pt\/?attachment_id=7214\" class=\"wp-image-7214\" srcset=\"https:\/\/grazimac.pt\/wp-content\/uploads\/2021\/10\/Museum-Ritter-Waldenbuch-Germany.png 716w, https:\/\/grazimac.pt\/wp-content\/uploads\/2021\/10\/Museum-Ritter-Waldenbuch-Germany-300x134.png 300w\" sizes=\"auto, (max-width: 716px) 100vw, 716px\" \/><\/figure><\/li><li class=\"blocks-gallery-item\"><figure><img loading=\"lazy\" decoding=\"async\" width=\"716\" height=\"320\" src=\"https:\/\/grazimac.pt\/wp-content\/uploads\/2021\/10\/Neolithic-village-of-Skara-Brae-Orkney-Isles-Scotland.png\" alt=\"\" data-id=\"7215\" data-full-url=\"https:\/\/grazimac.pt\/wp-content\/uploads\/2021\/10\/Neolithic-village-of-Skara-Brae-Orkney-Isles-Scotland.png\" data-link=\"https:\/\/grazimac.pt\/?attachment_id=7215\" class=\"wp-image-7215\" srcset=\"https:\/\/grazimac.pt\/wp-content\/uploads\/2021\/10\/Neolithic-village-of-Skara-Brae-Orkney-Isles-Scotland.png 716w, https:\/\/grazimac.pt\/wp-content\/uploads\/2021\/10\/Neolithic-village-of-Skara-Brae-Orkney-Isles-Scotland-300x134.png 300w\" sizes=\"auto, (max-width: 716px) 100vw, 716px\" \/><\/figure><\/li><li class=\"blocks-gallery-item\"><figure><img loading=\"lazy\" decoding=\"async\" width=\"716\" height=\"320\" src=\"https:\/\/grazimac.pt\/wp-content\/uploads\/2021\/10\/Restaurant-Hofanger-Gstadt-Germany.png\" alt=\"\" data-id=\"7216\" data-full-url=\"https:\/\/grazimac.pt\/wp-content\/uploads\/2021\/10\/Restaurant-Hofanger-Gstadt-Germany.png\" data-link=\"https:\/\/grazimac.pt\/?attachment_id=7216\" class=\"wp-image-7216\" srcset=\"https:\/\/grazimac.pt\/wp-content\/uploads\/2021\/10\/Restaurant-Hofanger-Gstadt-Germany.png 716w, https:\/\/grazimac.pt\/wp-content\/uploads\/2021\/10\/Restaurant-Hofanger-Gstadt-Germany-300x134.png 300w\" sizes=\"auto, (max-width: 716px) 100vw, 716px\" \/><\/figure><\/li><li class=\"blocks-gallery-item\"><figure><img loading=\"lazy\" decoding=\"async\" width=\"716\" height=\"320\" src=\"https:\/\/grazimac.pt\/wp-content\/uploads\/2021\/10\/Roof-terrace-Vital-Welt-Schliersee-Germany.png\" alt=\"\" data-id=\"7217\" data-full-url=\"https:\/\/grazimac.pt\/wp-content\/uploads\/2021\/10\/Roof-terrace-Vital-Welt-Schliersee-Germany.png\" data-link=\"https:\/\/grazimac.pt\/?attachment_id=7217\" class=\"wp-image-7217\" srcset=\"https:\/\/grazimac.pt\/wp-content\/uploads\/2021\/10\/Roof-terrace-Vital-Welt-Schliersee-Germany.png 716w, https:\/\/grazimac.pt\/wp-content\/uploads\/2021\/10\/Roof-terrace-Vital-Welt-Schliersee-Germany-300x134.png 300w\" sizes=\"auto, (max-width: 716px) 100vw, 716px\" \/><\/figure><\/li><li class=\"blocks-gallery-item\"><figure><img loading=\"lazy\" decoding=\"async\" width=\"716\" height=\"320\" src=\"https:\/\/grazimac.pt\/wp-content\/uploads\/2021\/10\/Salzburgarena-Salzburg-Austria.png\" alt=\"\" data-id=\"7218\" data-full-url=\"https:\/\/grazimac.pt\/wp-content\/uploads\/2021\/10\/Salzburgarena-Salzburg-Austria.png\" data-link=\"https:\/\/grazimac.pt\/?attachment_id=7218\" class=\"wp-image-7218\" srcset=\"https:\/\/grazimac.pt\/wp-content\/uploads\/2021\/10\/Salzburgarena-Salzburg-Austria.png 716w, https:\/\/grazimac.pt\/wp-content\/uploads\/2021\/10\/Salzburgarena-Salzburg-Austria-300x134.png 300w\" sizes=\"auto, (max-width: 716px) 100vw, 716px\" \/><\/figure><\/li><li class=\"blocks-gallery-item\"><figure><img loading=\"lazy\" decoding=\"async\" width=\"1024\" height=\"294\" src=\"https:\/\/grazimac.pt\/wp-content\/uploads\/2021\/10\/Salzlager-Heilbronn-Germany-1024x294.jpg\" alt=\"\" data-id=\"7219\" data-full-url=\"https:\/\/grazimac.pt\/wp-content\/uploads\/2021\/10\/Salzlager-Heilbronn-Germany.jpg\" data-link=\"https:\/\/grazimac.pt\/?attachment_id=7219\" class=\"wp-image-7219\" srcset=\"https:\/\/grazimac.pt\/wp-content\/uploads\/2021\/10\/Salzlager-Heilbronn-Germany-1024x294.jpg 1024w, https:\/\/grazimac.pt\/wp-content\/uploads\/2021\/10\/Salzlager-Heilbronn-Germany-300x86.jpg 300w, https:\/\/grazimac.pt\/wp-content\/uploads\/2021\/10\/Salzlager-Heilbronn-Germany-768x220.jpg 768w, https:\/\/grazimac.pt\/wp-content\/uploads\/2021\/10\/Salzlager-Heilbronn-Germany.jpg 1500w\" sizes=\"auto, (max-width: 1024px) 100vw, 1024px\" \/><\/figure><\/li><li class=\"blocks-gallery-item\"><figure><img loading=\"lazy\" decoding=\"async\" width=\"716\" height=\"320\" src=\"https:\/\/grazimac.pt\/wp-content\/uploads\/2021\/10\/SNOW-DOME-Bispingen-Germany.png\" alt=\"\" data-id=\"7220\" data-full-url=\"https:\/\/grazimac.pt\/wp-content\/uploads\/2021\/10\/SNOW-DOME-Bispingen-Germany.png\" data-link=\"https:\/\/grazimac.pt\/?attachment_id=7220\" class=\"wp-image-7220\" srcset=\"https:\/\/grazimac.pt\/wp-content\/uploads\/2021\/10\/SNOW-DOME-Bispingen-Germany.png 716w, https:\/\/grazimac.pt\/wp-content\/uploads\/2021\/10\/SNOW-DOME-Bispingen-Germany-300x134.png 300w\" sizes=\"auto, (max-width: 716px) 100vw, 716px\" \/><\/figure><\/li><li class=\"blocks-gallery-item\"><figure><img loading=\"lazy\" decoding=\"async\" width=\"716\" height=\"320\" src=\"https:\/\/grazimac.pt\/wp-content\/uploads\/2021\/10\/Summit-station-of-Karwendel-cablecar-Mittenwald-Germany.png\" alt=\"\" data-id=\"7221\" data-full-url=\"https:\/\/grazimac.pt\/wp-content\/uploads\/2021\/10\/Summit-station-of-Karwendel-cablecar-Mittenwald-Germany.png\" data-link=\"https:\/\/grazimac.pt\/?attachment_id=7221\" class=\"wp-image-7221\" srcset=\"https:\/\/grazimac.pt\/wp-content\/uploads\/2021\/10\/Summit-station-of-Karwendel-cablecar-Mittenwald-Germany.png 716w, https:\/\/grazimac.pt\/wp-content\/uploads\/2021\/10\/Summit-station-of-Karwendel-cablecar-Mittenwald-Germany-300x134.png 300w\" sizes=\"auto, (max-width: 716px) 100vw, 716px\" \/><\/figure><\/li><li class=\"blocks-gallery-item\"><figure><img loading=\"lazy\" decoding=\"async\" width=\"716\" height=\"320\" src=\"https:\/\/grazimac.pt\/wp-content\/uploads\/2021\/10\/The-Squaire-Frankfurt-am-Main-Germany.png\" alt=\"\" data-id=\"7222\" data-full-url=\"https:\/\/grazimac.pt\/wp-content\/uploads\/2021\/10\/The-Squaire-Frankfurt-am-Main-Germany.png\" data-link=\"https:\/\/grazimac.pt\/?attachment_id=7222\" class=\"wp-image-7222\" srcset=\"https:\/\/grazimac.pt\/wp-content\/uploads\/2021\/10\/The-Squaire-Frankfurt-am-Main-Germany.png 716w, https:\/\/grazimac.pt\/wp-content\/uploads\/2021\/10\/The-Squaire-Frankfurt-am-Main-Germany-300x134.png 300w\" sizes=\"auto, (max-width: 716px) 100vw, 716px\" \/><\/figure><\/li><li class=\"blocks-gallery-item\"><figure><img loading=\"lazy\" decoding=\"async\" width=\"716\" height=\"320\" src=\"https:\/\/grazimac.pt\/wp-content\/uploads\/2021\/10\/Waterworks-Leopoldshafen-Germany.png\" alt=\"\" data-id=\"7223\" data-full-url=\"https:\/\/grazimac.pt\/wp-content\/uploads\/2021\/10\/Waterworks-Leopoldshafen-Germany.png\" data-link=\"https:\/\/grazimac.pt\/?attachment_id=7223\" class=\"wp-image-7223\" srcset=\"https:\/\/grazimac.pt\/wp-content\/uploads\/2021\/10\/Waterworks-Leopoldshafen-Germany.png 716w, https:\/\/grazimac.pt\/wp-content\/uploads\/2021\/10\/Waterworks-Leopoldshafen-Germany-300x134.png 300w\" sizes=\"auto, (max-width: 716px) 100vw, 716px\" \/><\/figure><\/li><li class=\"blocks-gallery-item\"><figure><img loading=\"lazy\" decoding=\"async\" width=\"716\" height=\"320\" src=\"https:\/\/grazimac.pt\/wp-content\/uploads\/2021\/10\/Wierig-Solar-AG-Siegburg-Germany.png\" alt=\"\" data-id=\"7224\" data-full-url=\"https:\/\/grazimac.pt\/wp-content\/uploads\/2021\/10\/Wierig-Solar-AG-Siegburg-Germany.png\" data-link=\"https:\/\/grazimac.pt\/?attachment_id=7224\" class=\"wp-image-7224\" srcset=\"https:\/\/grazimac.pt\/wp-content\/uploads\/2021\/10\/Wierig-Solar-AG-Siegburg-Germany.png 716w, https:\/\/grazimac.pt\/wp-content\/uploads\/2021\/10\/Wierig-Solar-AG-Siegburg-Germany-300x134.png 300w\" sizes=\"auto, (max-width: 716px) 100vw, 716px\" \/><\/figure><\/li><\/ul><\/figure>\n\n\n<p><span style=\"color: #ffffff;\">.<\/span><\/p>\n<p><strong>Impermeabiliza\u00e7\u00e3o premium para coberturas planas<\/strong>: O sistema de impermeabiliza\u00e7\u00e3o de coberturas com membranas \u2028Rhepanol, que \u00e9 constituido por poliisobutileno (PIB), garante a melhor qualidade e durabilidade numa impermeabiliza\u00e7\u00e3o.<\/p>\n<p>Oferecemos uma poderosa gama de solu\u00e7\u00f5es, que podem ser desenvolvidas \u00e0 medida das necessidades de um novo edificio ou reabilita\u00e7\u00e3o.<\/p>\n<p><\/p>","protected":false},"excerpt":{"rendered":"<p>. Impermeabiliza\u00e7\u00e3o premium para coberturas planas: O sistema de impermeabiliza\u00e7\u00e3o de coberturas com membranas \u2028Rhepanol, que \u00e9 constituido por poliisobutileno (PIB), garante a melhor qualidade e durabilidade numa impermeabiliza\u00e7\u00e3o. Oferecemos uma poderosa gama de solu\u00e7\u00f5es, que podem ser desenvolvidas \u00e0 medida das necessidades de um novo edificio ou reabilita\u00e7\u00e3o.<\/p>\n","protected":false},"author":1,"featured_media":0,"parent":55,"menu_order":53,"comment_status":"closed","ping_status":"closed","template":"","meta":{"_monsterinsights_skip_tracking":false,"_monsterinsights_sitenote_active":false,"_monsterinsights_sitenote_note":"","_monsterinsights_sitenote_category":0,"footnotes":""},"class_list":["post-296","page","type-page","status-publish","hentry"],"_links":{"self":[{"href":"https:\/\/grazimac.pt\/index.php?rest_route=\/wp\/v2\/pages\/296","targetHints":{"allow":["GET"]}}],"collection":[{"href":"https:\/\/grazimac.pt\/index.php?rest_route=\/wp\/v2\/pages"}],"about":[{"href":"https:\/\/grazimac.pt\/index.php?rest_route=\/wp\/v2\/types\/page"}],"author":[{"embeddable":true,"href":"https:\/\/grazimac.pt\/index.php?rest_route=\/wp\/v2\/users\/1"}],"replies":[{"embeddable":true,"href":"https:\/\/grazimac.pt\/index.php?rest_route=%2Fwp%2Fv2%2Fcomments&post=296"}],"version-history":[{"count":5,"href":"https:\/\/grazimac.pt\/index.php?rest_route=\/wp\/v2\/pages\/296\/revisions"}],"predecessor-version":[{"id":7225,"href":"https:\/\/grazimac.pt\/index.php?rest_route=\/wp\/v2\/pages\/296\/revisions\/7225"}],"up":[{"embeddable":true,"href":"https:\/\/grazimac.pt\/index.php?rest_route=\/wp\/v2\/pages\/55"}],"wp:attachment":[{"href":"https:\/\/grazimac.pt\/index.php?rest_route=%2Fwp%2Fv2%2Fmedia&parent=296"}],"curies":[{"name":"wp","href":"https:\/\/api.w.org\/{rel}","templated":true}]}}