{"id":282,"date":"2018-02-08T11:19:42","date_gmt":"2018-02-08T11:19:42","guid":{"rendered":"http:\/\/grazimac.pt\/?page_id=282"},"modified":"2021-10-18T10:49:31","modified_gmt":"2021-10-18T10:49:31","slug":"rhenofol-telas-pvc","status":"publish","type":"page","link":"https:\/\/grazimac.pt\/?page_id=282","title":{"rendered":"Telas PVC &#8211; RHENOFOL"},"content":{"rendered":"\n<figure class=\"wp-block-gallery columns-3 is-cropped wp-block-gallery-1 is-layout-flex wp-block-gallery-is-layout-flex\"><ul class=\"blocks-gallery-grid\"><li class=\"blocks-gallery-item\"><figure><img loading=\"lazy\" decoding=\"async\" width=\"1024\" height=\"294\" src=\"https:\/\/grazimac.pt\/wp-content\/uploads\/2021\/10\/Pavillon-The-Forestias-Bangkok-Thailand-1024x294.jpg\" alt=\"\" data-id=\"7191\" class=\"wp-image-7191\" srcset=\"https:\/\/grazimac.pt\/wp-content\/uploads\/2021\/10\/Pavillon-The-Forestias-Bangkok-Thailand-1024x294.jpg 1024w, https:\/\/grazimac.pt\/wp-content\/uploads\/2021\/10\/Pavillon-The-Forestias-Bangkok-Thailand-300x86.jpg 300w, https:\/\/grazimac.pt\/wp-content\/uploads\/2021\/10\/Pavillon-The-Forestias-Bangkok-Thailand-768x220.jpg 768w, https:\/\/grazimac.pt\/wp-content\/uploads\/2021\/10\/Pavillon-The-Forestias-Bangkok-Thailand.jpg 1500w\" sizes=\"auto, (max-width: 1024px) 100vw, 1024px\" \/><\/figure><\/li><li class=\"blocks-gallery-item\"><figure><img loading=\"lazy\" decoding=\"async\" width=\"1000\" height=\"400\" src=\"https:\/\/grazimac.pt\/wp-content\/uploads\/2021\/10\/Jubilaumspavillion-KA300-Kahlsruhe-Germany.jpg\" alt=\"\" data-id=\"7186\" class=\"wp-image-7186\" srcset=\"https:\/\/grazimac.pt\/wp-content\/uploads\/2021\/10\/Jubilaumspavillion-KA300-Kahlsruhe-Germany.jpg 1000w, https:\/\/grazimac.pt\/wp-content\/uploads\/2021\/10\/Jubilaumspavillion-KA300-Kahlsruhe-Germany-300x120.jpg 300w, https:\/\/grazimac.pt\/wp-content\/uploads\/2021\/10\/Jubilaumspavillion-KA300-Kahlsruhe-Germany-768x307.jpg 768w\" sizes=\"auto, (max-width: 1000px) 100vw, 1000px\" \/><\/figure><\/li><li class=\"blocks-gallery-item\"><figure><img loading=\"lazy\" decoding=\"async\" width=\"1000\" height=\"400\" src=\"https:\/\/grazimac.pt\/wp-content\/uploads\/2021\/10\/Ataturk-Stadion-Istanbul-Turkey.jpg\" alt=\"\" data-id=\"7181\" class=\"wp-image-7181\" srcset=\"https:\/\/grazimac.pt\/wp-content\/uploads\/2021\/10\/Ataturk-Stadion-Istanbul-Turkey.jpg 1000w, https:\/\/grazimac.pt\/wp-content\/uploads\/2021\/10\/Ataturk-Stadion-Istanbul-Turkey-300x120.jpg 300w, https:\/\/grazimac.pt\/wp-content\/uploads\/2021\/10\/Ataturk-Stadion-Istanbul-Turkey-768x307.jpg 768w\" sizes=\"auto, (max-width: 1000px) 100vw, 1000px\" \/><\/figure><\/li><li class=\"blocks-gallery-item\"><figure><img loading=\"lazy\" decoding=\"async\" width=\"716\" height=\"320\" src=\"https:\/\/grazimac.pt\/wp-content\/uploads\/2021\/10\/Legoland-Gunzburg-Germany.png\" alt=\"\" data-id=\"7187\" class=\"wp-image-7187\" srcset=\"https:\/\/grazimac.pt\/wp-content\/uploads\/2021\/10\/Legoland-Gunzburg-Germany.png 716w, https:\/\/grazimac.pt\/wp-content\/uploads\/2021\/10\/Legoland-Gunzburg-Germany-300x134.png 300w\" sizes=\"auto, (max-width: 716px) 100vw, 716px\" \/><\/figure><\/li><li class=\"blocks-gallery-item\"><figure><img loading=\"lazy\" decoding=\"async\" width=\"716\" height=\"320\" src=\"https:\/\/grazimac.pt\/wp-content\/uploads\/2021\/10\/Apartements-Frankfurt-am-Main-Germany.png\" alt=\"\" data-id=\"7180\" class=\"wp-image-7180\" srcset=\"https:\/\/grazimac.pt\/wp-content\/uploads\/2021\/10\/Apartements-Frankfurt-am-Main-Germany.png 716w, https:\/\/grazimac.pt\/wp-content\/uploads\/2021\/10\/Apartements-Frankfurt-am-Main-Germany-300x134.png 300w\" sizes=\"auto, (max-width: 716px) 100vw, 716px\" \/><\/figure><\/li><li class=\"blocks-gallery-item\"><figure><img loading=\"lazy\" decoding=\"async\" width=\"716\" height=\"320\" src=\"https:\/\/grazimac.pt\/wp-content\/uploads\/2021\/10\/Base-Intermarche-Rostronen-France.png\" alt=\"\" data-id=\"7182\" class=\"wp-image-7182\" srcset=\"https:\/\/grazimac.pt\/wp-content\/uploads\/2021\/10\/Base-Intermarche-Rostronen-France.png 716w, https:\/\/grazimac.pt\/wp-content\/uploads\/2021\/10\/Base-Intermarche-Rostronen-France-300x134.png 300w\" sizes=\"auto, (max-width: 716px) 100vw, 716px\" \/><\/figure><\/li><li class=\"blocks-gallery-item\"><figure><img loading=\"lazy\" decoding=\"async\" width=\"1024\" height=\"294\" src=\"https:\/\/grazimac.pt\/wp-content\/uploads\/2021\/10\/Hauptbahnhof-Salzburg-1024x294.jpg\" alt=\"\" data-id=\"7183\" class=\"wp-image-7183\" srcset=\"https:\/\/grazimac.pt\/wp-content\/uploads\/2021\/10\/Hauptbahnhof-Salzburg-1024x294.jpg 1024w, https:\/\/grazimac.pt\/wp-content\/uploads\/2021\/10\/Hauptbahnhof-Salzburg-300x86.jpg 300w, https:\/\/grazimac.pt\/wp-content\/uploads\/2021\/10\/Hauptbahnhof-Salzburg-768x220.jpg 768w, https:\/\/grazimac.pt\/wp-content\/uploads\/2021\/10\/Hauptbahnhof-Salzburg.jpg 1500w\" sizes=\"auto, (max-width: 1024px) 100vw, 1024px\" \/><\/figure><\/li><li class=\"blocks-gallery-item\"><figure><img loading=\"lazy\" decoding=\"async\" width=\"716\" height=\"320\" src=\"https:\/\/grazimac.pt\/wp-content\/uploads\/2021\/10\/Hot-springs-Bad-Worishofen-Germany.png\" alt=\"\" data-id=\"7184\" class=\"wp-image-7184\" srcset=\"https:\/\/grazimac.pt\/wp-content\/uploads\/2021\/10\/Hot-springs-Bad-Worishofen-Germany.png 716w, https:\/\/grazimac.pt\/wp-content\/uploads\/2021\/10\/Hot-springs-Bad-Worishofen-Germany-300x134.png 300w\" sizes=\"auto, (max-width: 716px) 100vw, 716px\" \/><\/figure><\/li><li class=\"blocks-gallery-item\"><figure><img loading=\"lazy\" decoding=\"async\" width=\"716\" height=\"320\" src=\"https:\/\/grazimac.pt\/wp-content\/uploads\/2021\/10\/Housing-complex-Maasbommel-Netherlands.png\" alt=\"\" data-id=\"7185\" class=\"wp-image-7185\" srcset=\"https:\/\/grazimac.pt\/wp-content\/uploads\/2021\/10\/Housing-complex-Maasbommel-Netherlands.png 716w, https:\/\/grazimac.pt\/wp-content\/uploads\/2021\/10\/Housing-complex-Maasbommel-Netherlands-300x134.png 300w\" sizes=\"auto, (max-width: 716px) 100vw, 716px\" \/><\/figure><\/li><li class=\"blocks-gallery-item\"><figure><img loading=\"lazy\" decoding=\"async\" width=\"1024\" height=\"768\" src=\"https:\/\/grazimac.pt\/wp-content\/uploads\/2021\/10\/Les-Jardins-Premium-Residence-Lagos-Portugal-1024x768.jpg\" alt=\"\" data-id=\"7188\" class=\"wp-image-7188\" srcset=\"https:\/\/grazimac.pt\/wp-content\/uploads\/2021\/10\/Les-Jardins-Premium-Residence-Lagos-Portugal-1024x768.jpg 1024w, https:\/\/grazimac.pt\/wp-content\/uploads\/2021\/10\/Les-Jardins-Premium-Residence-Lagos-Portugal-300x225.jpg 300w, https:\/\/grazimac.pt\/wp-content\/uploads\/2021\/10\/Les-Jardins-Premium-Residence-Lagos-Portugal-768x576.jpg 768w, https:\/\/grazimac.pt\/wp-content\/uploads\/2021\/10\/Les-Jardins-Premium-Residence-Lagos-Portugal-1536x1152.jpg 1536w, https:\/\/grazimac.pt\/wp-content\/uploads\/2021\/10\/Les-Jardins-Premium-Residence-Lagos-Portugal-2048x1536.jpg 2048w\" sizes=\"auto, (max-width: 1024px) 100vw, 1024px\" \/><\/figure><\/li><li class=\"blocks-gallery-item\"><figure><img loading=\"lazy\" decoding=\"async\" width=\"716\" height=\"320\" src=\"https:\/\/grazimac.pt\/wp-content\/uploads\/2021\/10\/Lufthansa-Aviation-Center-Frankfurt-am-Main-Germany.png\" alt=\"\" data-id=\"7189\" class=\"wp-image-7189\" srcset=\"https:\/\/grazimac.pt\/wp-content\/uploads\/2021\/10\/Lufthansa-Aviation-Center-Frankfurt-am-Main-Germany.png 716w, https:\/\/grazimac.pt\/wp-content\/uploads\/2021\/10\/Lufthansa-Aviation-Center-Frankfurt-am-Main-Germany-300x134.png 300w\" sizes=\"auto, (max-width: 716px) 100vw, 716px\" \/><\/figure><\/li><li class=\"blocks-gallery-item\"><figure><img loading=\"lazy\" decoding=\"async\" width=\"1024\" height=\"294\" src=\"https:\/\/grazimac.pt\/wp-content\/uploads\/2021\/10\/Markthalle-Rotterdam-Netherlands-1024x294.jpg\" alt=\"\" data-id=\"7190\" class=\"wp-image-7190\" srcset=\"https:\/\/grazimac.pt\/wp-content\/uploads\/2021\/10\/Markthalle-Rotterdam-Netherlands-1024x294.jpg 1024w, https:\/\/grazimac.pt\/wp-content\/uploads\/2021\/10\/Markthalle-Rotterdam-Netherlands-300x86.jpg 300w, https:\/\/grazimac.pt\/wp-content\/uploads\/2021\/10\/Markthalle-Rotterdam-Netherlands-768x220.jpg 768w, https:\/\/grazimac.pt\/wp-content\/uploads\/2021\/10\/Markthalle-Rotterdam-Netherlands.jpg 1500w\" sizes=\"auto, (max-width: 1024px) 100vw, 1024px\" \/><\/figure><\/li><li class=\"blocks-gallery-item\"><figure><img loading=\"lazy\" decoding=\"async\" width=\"716\" height=\"320\" src=\"https:\/\/grazimac.pt\/wp-content\/uploads\/2021\/10\/Research-centre-Degussa-Trostberg-Germany.png\" alt=\"\" data-id=\"7192\" class=\"wp-image-7192\" srcset=\"https:\/\/grazimac.pt\/wp-content\/uploads\/2021\/10\/Research-centre-Degussa-Trostberg-Germany.png 716w, https:\/\/grazimac.pt\/wp-content\/uploads\/2021\/10\/Research-centre-Degussa-Trostberg-Germany-300x134.png 300w\" sizes=\"auto, (max-width: 716px) 100vw, 716px\" \/><\/figure><\/li><li class=\"blocks-gallery-item\"><figure><img loading=\"lazy\" decoding=\"async\" width=\"716\" height=\"320\" src=\"https:\/\/grazimac.pt\/wp-content\/uploads\/2021\/10\/SAP-office-buildings-Bensheim-Germany.png\" alt=\"\" data-id=\"7193\" class=\"wp-image-7193\" srcset=\"https:\/\/grazimac.pt\/wp-content\/uploads\/2021\/10\/SAP-office-buildings-Bensheim-Germany.png 716w, https:\/\/grazimac.pt\/wp-content\/uploads\/2021\/10\/SAP-office-buildings-Bensheim-Germany-300x134.png 300w\" sizes=\"auto, (max-width: 716px) 100vw, 716px\" \/><\/figure><\/li><li class=\"blocks-gallery-item\"><figure><img loading=\"lazy\" decoding=\"async\" width=\"716\" height=\"320\" src=\"https:\/\/grazimac.pt\/wp-content\/uploads\/2021\/10\/Sheltered-accommodation-for-the-elderly-Alzenau-Germany.png\" alt=\"\" data-id=\"7194\" class=\"wp-image-7194\" srcset=\"https:\/\/grazimac.pt\/wp-content\/uploads\/2021\/10\/Sheltered-accommodation-for-the-elderly-Alzenau-Germany.png 716w, https:\/\/grazimac.pt\/wp-content\/uploads\/2021\/10\/Sheltered-accommodation-for-the-elderly-Alzenau-Germany-300x134.png 300w\" sizes=\"auto, (max-width: 716px) 100vw, 716px\" \/><\/figure><\/li><li class=\"blocks-gallery-item\"><figure><img loading=\"lazy\" decoding=\"async\" width=\"716\" height=\"320\" src=\"https:\/\/grazimac.pt\/wp-content\/uploads\/2021\/10\/Stade-de-France-Paris-France.png\" alt=\"\" data-id=\"7195\" class=\"wp-image-7195\" srcset=\"https:\/\/grazimac.pt\/wp-content\/uploads\/2021\/10\/Stade-de-France-Paris-France.png 716w, https:\/\/grazimac.pt\/wp-content\/uploads\/2021\/10\/Stade-de-France-Paris-France-300x134.png 300w\" sizes=\"auto, (max-width: 716px) 100vw, 716px\" \/><\/figure><\/li><li class=\"blocks-gallery-item\"><figure><img loading=\"lazy\" decoding=\"async\" width=\"716\" height=\"320\" src=\"https:\/\/grazimac.pt\/wp-content\/uploads\/2021\/10\/Telescope-Maui-Hawaii-USA.png\" alt=\"\" data-id=\"7196\" class=\"wp-image-7196\" srcset=\"https:\/\/grazimac.pt\/wp-content\/uploads\/2021\/10\/Telescope-Maui-Hawaii-USA.png 716w, https:\/\/grazimac.pt\/wp-content\/uploads\/2021\/10\/Telescope-Maui-Hawaii-USA-300x134.png 300w\" sizes=\"auto, (max-width: 716px) 100vw, 716px\" \/><\/figure><\/li><li class=\"blocks-gallery-item\"><figure><img loading=\"lazy\" decoding=\"async\" width=\"714\" height=\"320\" src=\"https:\/\/grazimac.pt\/wp-content\/uploads\/2021\/10\/Torre-Caja-Madrid-Spain.png\" alt=\"\" data-id=\"7197\" class=\"wp-image-7197\" srcset=\"https:\/\/grazimac.pt\/wp-content\/uploads\/2021\/10\/Torre-Caja-Madrid-Spain.png 714w, https:\/\/grazimac.pt\/wp-content\/uploads\/2021\/10\/Torre-Caja-Madrid-Spain-300x134.png 300w\" sizes=\"auto, (max-width: 714px) 100vw, 714px\" \/><\/figure><\/li><\/ul><\/figure>\n\n\n<h1><span style=\"color: #ffffff;\">.<\/span><\/h1>\n<h1>Rhenofol CV<\/h1>\n<p><img loading=\"lazy\" decoding=\"async\" src=\"https:\/\/grazimac.pt\/wp-content\/uploads\/2018\/02\/Rhenofol-CV-300x130.png\" alt=\"\" width=\"300\" height=\"130\" class=\"alignnone wp-image-284 size-full\" \/><\/p>\n<p><strong>Rhenofol CV<\/strong> \u00e9 uma membrana constitu\u00edda por cloreto de polivinilo flex\u00edvel (PVC-P) e refor\u00e7ada com armadura de fibras sint\u00e9ticas (poli\u00e9ster).<\/p>\n<p>Rhenofol CV \u00e9 utilizada para a impermeabiliza\u00e7\u00e3o de coberturas em sistemas fixos mecanicamente ao suporte, sem lastro, e especialmente em coberturas leves.<\/p>\n<h1>Rhenofol CG<\/h1>\n<p><img loading=\"lazy\" decoding=\"async\" src=\"https:\/\/grazimac.pt\/wp-content\/uploads\/2018\/02\/Rhenofol-CG-300x130.png\" alt=\"\" width=\"300\" height=\"130\" class=\"alignnone wp-image-285 size-full\" \/><\/p>\n<p><strong>Rhenofol CG<\/strong> \u00e9 uma membrana constitu\u00edda por cloreto de polivinilo flex\u00edvel (PVC-P) e refor\u00e7ada com armadura em fibra de vidro.<\/p>\n<p>Rhenofol CG \u00e9 utilizada para impermeabiliza\u00e7\u00e3o de coberturas em aplica\u00e7\u00e3o solta lastrada, colocada sob prote\u00e7\u00e3o mec\u00e2nica pesada, por exemplo, em terra\u00e7os, parques de estacionamento ou em sistemas ajardinados.<\/p>\n<h1>Acess\u00f3rios<\/h1>\n<p><img loading=\"lazy\" decoding=\"async\" src=\"https:\/\/grazimac.pt\/wp-content\/uploads\/2018\/02\/Rhenofol-C.png\" alt=\"\" width=\"175\" height=\"129\" class=\"alignnone wp-image-286\" \/><br \/>Rhenofol C \u00e9 uma membrana constitu\u00edda por cloreto de polivinilo flex\u00edvel (PVC-P) sem armadura, para a execu\u00e7\u00e3o de pormenores de acabamento com Rhenofol CG ou Rhenofol CV. \u00c9 tamb\u00e9m utilizada para a impermeabiliza\u00e7\u00e3o de funda\u00e7\u00f5es.<\/p>\n<p><img loading=\"lazy\" decoding=\"async\" src=\"https:\/\/grazimac.pt\/wp-content\/uploads\/2018\/02\/Colaminado.png\" alt=\"\" width=\"202\" height=\"156\" class=\"alignnone size-full wp-image-287\" \/><br \/><strong>Rhenofol C Colaminado<\/strong><\/p>\n<p><strong><img loading=\"lazy\" decoding=\"async\" src=\"https:\/\/grazimac.pt\/wp-content\/uploads\/2018\/02\/Canto.png\" alt=\"\" width=\"129\" height=\"112\" class=\"alignnone size-full wp-image-288\" \/><br \/>Pe\u00e7a de Canto 90\u00ba Rhenofol<\/strong><\/p>\n<p><strong><img loading=\"lazy\" decoding=\"async\" src=\"https:\/\/grazimac.pt\/wp-content\/uploads\/2018\/02\/Esquina.png\" alt=\"\" width=\"152\" height=\"128\" class=\"alignnone size-full wp-image-289\" \/><br \/>Pe\u00e7a de Esquina 90\u00ba Rhenofol<\/strong><\/p>\n<p><strong><img loading=\"lazy\" decoding=\"async\" src=\"https:\/\/grazimac.pt\/wp-content\/uploads\/2018\/02\/Gola-1.png\" alt=\"\" width=\"171\" height=\"128\" class=\"alignnone size-full wp-image-290\" \/><br \/>Gola Universal Rhenofol\u00a0<\/strong>(Para a execu\u00e7\u00e3o de pormenores D=340mm)<\/p>\n<p><strong><img loading=\"lazy\" decoding=\"async\" src=\"https:\/\/grazimac.pt\/wp-content\/uploads\/2018\/02\/Gola.png\" alt=\"\" width=\"189\" height=\"128\" class=\"alignnone size-full wp-image-291\" \/><br \/>Gola Rhenofol\u00a0<\/strong>(Para remates aos acess\u00f3rios de drenagem)<\/p>\n<p><strong><img loading=\"lazy\" decoding=\"async\" src=\"https:\/\/grazimac.pt\/wp-content\/uploads\/2018\/02\/Colar-2.png\" alt=\"\" width=\"171\" height=\"128\" class=\"alignnone size-full wp-image-292\" \/><br \/>Anel de Enquadramento Rhenofol C\u00a0<\/strong>(Para outros detalhes)<\/p>\n<p><strong><img loading=\"lazy\" decoding=\"async\" src=\"https:\/\/grazimac.pt\/wp-content\/uploads\/2018\/02\/Perfil-decorativo.png\" alt=\"\" width=\"182\" height=\"156\" class=\"alignnone size-full wp-image-293\" \/><br \/>Perfil Decorativo Rhenofol\u00a0<\/strong>(Pe\u00e7as de 4m comprimento, 25 e 50mm de altura)<\/p>\n<p><strong><img loading=\"lazy\" decoding=\"async\" src=\"https:\/\/grazimac.pt\/wp-content\/uploads\/2018\/02\/Pavimento.png\" alt=\"\" width=\"263\" height=\"171\" class=\"alignnone size-full wp-image-294\" \/><br \/>Pavimento Transit\u00e1vel Rhenofol\u00a0<\/strong>(Para aceder \u00e0 cobertura)<\/p>\n<p><\/p>","protected":false},"excerpt":{"rendered":"<p>. Rhenofol CV Rhenofol CV \u00e9 uma membrana constitu\u00edda por cloreto de polivinilo flex\u00edvel (PVC-P) e refor\u00e7ada com armadura de fibras sint\u00e9ticas (poli\u00e9ster). Rhenofol CV \u00e9 utilizada para a impermeabiliza\u00e7\u00e3o de coberturas em sistemas fixos mecanicamente ao suporte, sem lastro, e especialmente em coberturas leves. Rhenofol CG Rhenofol CG \u00e9 [&hellip;]<\/p>\n","protected":false},"author":1,"featured_media":0,"parent":55,"menu_order":52,"comment_status":"closed","ping_status":"closed","template":"","meta":{"_monsterinsights_skip_tracking":false,"_monsterinsights_sitenote_active":false,"_monsterinsights_sitenote_note":"","_monsterinsights_sitenote_category":0,"footnotes":""},"class_list":["post-282","page","type-page","status-publish","hentry"],"_links":{"self":[{"href":"https:\/\/grazimac.pt\/index.php?rest_route=\/wp\/v2\/pages\/282","targetHints":{"allow":["GET"]}}],"collection":[{"href":"https:\/\/grazimac.pt\/index.php?rest_route=\/wp\/v2\/pages"}],"about":[{"href":"https:\/\/grazimac.pt\/index.php?rest_route=\/wp\/v2\/types\/page"}],"author":[{"embeddable":true,"href":"https:\/\/grazimac.pt\/index.php?rest_route=\/wp\/v2\/users\/1"}],"replies":[{"embeddable":true,"href":"https:\/\/grazimac.pt\/index.php?rest_route=%2Fwp%2Fv2%2Fcomments&post=282"}],"version-history":[{"count":7,"href":"https:\/\/grazimac.pt\/index.php?rest_route=\/wp\/v2\/pages\/282\/revisions"}],"predecessor-version":[{"id":7199,"href":"https:\/\/grazimac.pt\/index.php?rest_route=\/wp\/v2\/pages\/282\/revisions\/7199"}],"up":[{"embeddable":true,"href":"https:\/\/grazimac.pt\/index.php?rest_route=\/wp\/v2\/pages\/55"}],"wp:attachment":[{"href":"https:\/\/grazimac.pt\/index.php?rest_route=%2Fwp%2Fv2%2Fmedia&parent=282"}],"curies":[{"name":"wp","href":"https:\/\/api.w.org\/{rel}","templated":true}]}}