{"id":266,"date":"2018-02-08T10:48:25","date_gmt":"2018-02-08T10:48:25","guid":{"rendered":"http:\/\/grazimac.pt\/?page_id=266"},"modified":"2025-10-28T12:23:43","modified_gmt":"2025-10-28T12:23:43","slug":"downloads","status":"publish","type":"page","link":"https:\/\/grazimac.pt\/?page_id=266","title":{"rendered":"Downloads"},"content":{"rendered":"\n<div class=\"wp-block-group\"><div class=\"wp-block-group__inner-container is-layout-flow wp-block-group-is-layout-flow\">\n<div class=\"wp-block-group\"><div class=\"wp-block-group__inner-container is-layout-flow wp-block-group-is-layout-flow\">\n<div class=\"wp-block-file\"><a id=\"wp-block-file--media-9722796c-2c85-4373-a99f-cb878d838b09\" href=\"https:\/\/grazimac.pt\/wp-content\/uploads\/2025\/05\/Grazimac-Catalogo-Mar2025-web1.pdf\"><strong>Cata\u0301logo Grazimac Portugal<\/strong> (pt)<\/a><a href=\"https:\/\/grazimac.pt\/wp-content\/uploads\/2025\/05\/Grazimac-Catalogo-Mar2025-web1.pdf\" class=\"wp-block-file__button wp-element-button\" download aria-describedby=\"wp-block-file--media-9722796c-2c85-4373-a99f-cb878d838b09\">Descarregar<\/a><\/div>\n\n\n\n<div class=\"wp-block-file\"><a id=\"wp-block-file--media-cfc011e9-ab40-412e-811e-77850a3c77fc\" href=\"https:\/\/grazimac.pt\/wp-content\/uploads\/2025\/05\/2025-04-Catalogo-Espanha-Abr2025-web-1.pdf\"><strong>Cata\u0301logo Grazimac Espa\u00f1a<\/strong> (es)<\/a><a href=\"https:\/\/grazimac.pt\/wp-content\/uploads\/2025\/05\/2025-04-Catalogo-Espanha-Abr2025-web-1.pdf\" class=\"wp-block-file__button wp-element-button\" download aria-describedby=\"wp-block-file--media-cfc011e9-ab40-412e-811e-77850a3c77fc\">Descarregar<\/a><\/div>\n\n\n\n<div class=\"wp-block-file\"><a href=\"https:\/\/grazimac.pt\/wp-content\/uploads\/2020\/08\/Catalogo_2019_lajetas_IT_web.pdf\"><strong>Catalogo Grazimac Italiano <\/strong>(it)<\/a><a href=\"https:\/\/grazimac.pt\/wp-content\/uploads\/2020\/08\/Catalogo_2019_lajetas_IT_web.pdf\" class=\"wp-block-file__button wp-element-button\" download>Descarregar<\/a><\/div>\n\n\n\n<div class=\"wp-block-file\"><a href=\"https:\/\/grazimac.pt\/wp-content\/uploads\/2023\/02\/Especificacao-Tecnica-Lajetas-14-3.pdf\"><strong>Especifica\u00e7\u00e3o T\u00e9cnica Lajetas T\u00e9rmicas GRISOL<\/strong> (pt)<\/a><a href=\"https:\/\/grazimac.pt\/wp-content\/uploads\/2023\/02\/Especificacao-Tecnica-Lajetas-14-3.pdf\" class=\"wp-block-file__button wp-element-button\" download>Descarregar<\/a><\/div>\n\n\n\n<div class=\"wp-block-file\"><a href=\"https:\/\/grazimac.pt\/wp-content\/uploads\/2020\/09\/Declaracao-Desempenho-NP2-e-BP2-2020.pdf\"><strong>Declara\u00e7\u00e3o Desempenho NP2 e BP2 2020 <\/strong>(pt)<\/a><a href=\"https:\/\/grazimac.pt\/wp-content\/uploads\/2020\/09\/Declaracao-Desempenho-NP2-e-BP2-2020.pdf\" class=\"wp-block-file__button wp-element-button\" download>Descarregar<\/a><\/div>\n\n\n\n<div class=\"wp-block-file\"><a href=\"https:\/\/grazimac.pt\/wp-content\/uploads\/2020\/09\/Declaracao-Desempenho-NS-e-BS-2020.pdf\"><strong>Declara\u00e7\u00e3o Desempenho NS e BS 2020<\/strong> (pt) <\/a><a href=\"https:\/\/grazimac.pt\/wp-content\/uploads\/2020\/09\/Declaracao-Desempenho-NS-e-BS-2020.pdf\" class=\"wp-block-file__button wp-element-button\" download>Descarregar<\/a><\/div>\n\n\n\n<div class=\"wp-block-file\"><a href=\"https:\/\/grazimac.pt\/wp-content\/uploads\/2020\/09\/Declaracion-de-Prestaciones-NP2-e-BP2-2020.pdf\"><strong>Declaraci\u00f3n Prestaciones NP2 y BP2 2020<\/strong> (es)<\/a><a href=\"https:\/\/grazimac.pt\/wp-content\/uploads\/2020\/09\/Declaracion-de-Prestaciones-NP2-e-BP2-2020.pdf\" class=\"wp-block-file__button wp-element-button\" download>Descarregar<\/a><\/div>\n\n\n\n<div class=\"wp-block-file\"><a href=\"https:\/\/grazimac.pt\/wp-content\/uploads\/2020\/09\/Declaracion-de-Prestaciones-NS-e-BS-2020.pdf\"><strong>Declaraci\u00f3n Prestaciones NS y BS 2020<\/strong> (es)<\/a><a href=\"https:\/\/grazimac.pt\/wp-content\/uploads\/2020\/09\/Declaracion-de-Prestaciones-NS-e-BS-2020.pdf\" class=\"wp-block-file__button wp-element-button\" download>Descarregar<\/a><\/div>\n\n\n\n<div class=\"wp-block-file\"><a href=\"https:\/\/grazimac.pt\/wp-content\/uploads\/2020\/08\/Ficha-de-Seguranca-Lajetas.pdf\"><strong>Ficha de Seguran\u00e7a Lajetas<\/strong> (pt)<\/a><a href=\"https:\/\/grazimac.pt\/wp-content\/uploads\/2020\/08\/Ficha-de-Seguranca-Lajetas.pdf\" class=\"wp-block-file__button wp-element-button\" download>Descarregar<\/a><\/div>\n\n\n\n<div class=\"wp-block-file\"><a href=\"https:\/\/grazimac.pt\/wp-content\/uploads\/2020\/08\/Ficha-de-Seguridad-Losas-Es.pdf\"><strong>Ficha de Seguridad Losas <\/strong>(es)<\/a><a href=\"https:\/\/grazimac.pt\/wp-content\/uploads\/2020\/08\/Ficha-de-Seguridad-Losas-Es.pdf\" class=\"wp-block-file__button wp-element-button\" download>Descarregar<\/a><\/div>\n\n\n\n<div class=\"wp-block-file\"><a href=\"https:\/\/grazimac.pt\/wp-content\/uploads\/2020\/08\/Ficha-de-Seguranca-Lajetas-En.pdf\"><strong>Ficha de Seguran\u00e7a Lajetas <\/strong>(en)<\/a><a href=\"https:\/\/grazimac.pt\/wp-content\/uploads\/2020\/08\/Ficha-de-Seguranca-Lajetas-En.pdf\" class=\"wp-block-file__button wp-element-button\" download>Descarregar<\/a><\/div>\n<\/div><\/div>\n<\/div><\/div>\n\n\n\n<div class=\"wp-block-file\"><a href=\"https:\/\/grazimac.pt\/wp-content\/uploads\/2020\/08\/EspecificacaoTecnica-Apoios-3.pdf\"><strong>Especifica\u00e7\u00e3o T\u00e9cnica Apoios fixos<\/strong> (pt)<\/a><a href=\"https:\/\/grazimac.pt\/wp-content\/uploads\/2020\/08\/EspecificacaoTecnica-Apoios-3.pdf\" class=\"wp-block-file__button wp-element-button\" download>Descarregar<\/a><\/div>\n\n\n\n<div class=\"wp-block-file\"><a id=\"wp-block-file--media-212c05a2-ba8a-4c4b-bcaf-c44e9c0ed299\" href=\"https:\/\/grazimac.pt\/wp-content\/uploads\/2025\/05\/EspecificacaoTecnica-EZ-3.pdf\"><strong>Especifica\u00e7\u00e3oT\u00e9cnica EZ<\/strong> (pt)<\/a><a href=\"https:\/\/grazimac.pt\/wp-content\/uploads\/2025\/05\/EspecificacaoTecnica-EZ-3.pdf\" class=\"wp-block-file__button wp-element-button\" download aria-describedby=\"wp-block-file--media-212c05a2-ba8a-4c4b-bcaf-c44e9c0ed299\">Descarregar<\/a><\/div>\n\n\n\n<div class=\"wp-block-file\"><a id=\"wp-block-file--media-6fd771d2-d403-48bd-8123-13eafe5cb26f\" href=\"https:\/\/grazimac.pt\/wp-content\/uploads\/2025\/05\/EspecificacaoTecnica-EZ-ES-3.pdf\"><strong>EspecificacionT\u00e9cnica EZ<\/strong> (es)<\/a><a href=\"https:\/\/grazimac.pt\/wp-content\/uploads\/2025\/05\/EspecificacaoTecnica-EZ-ES-3.pdf\" class=\"wp-block-file__button wp-element-button\" download aria-describedby=\"wp-block-file--media-6fd771d2-d403-48bd-8123-13eafe5cb26f\">Descarregar<\/a><\/div>\n\n\n\n<div class=\"wp-block-file\"><a href=\"https:\/\/grazimac.pt\/?attachment_id=7320\"><strong>Desenho T\u00e9cnico (.dwg) GRISOL cobertura T\u00e9cnica Aplica\u00e7\u00e3o directa<\/strong><\/a><\/div>\n\n\n\n<div class=\"wp-block-file\"><a href=\"https:\/\/grazimac.pt\/?attachment_id=7310\"><strong>Desenho T\u00e9cnico (.dwg) GRISOL cobertura Transit\u00e1vel Aplica\u00e7\u00e3o directa<\/strong><\/a><\/div>\n\n\n\n<div class=\"wp-block-file\"><a href=\"https:\/\/grazimac.pt\/?attachment_id=7308\"><strong>Desenho T\u00e9cnico (.dwg) GRISOL cobertura T\u00e9cnica Aplica\u00e7\u00e3o sobre Apoios<\/strong><\/a><\/div>\n\n\n\n<div class=\"wp-block-file\"><a href=\"https:\/\/grazimac.pt\/?attachment_id=7311\"><strong>Desenho T\u00e9cnico (.dwg) GRISOL cobertura Transit\u00e1vel Aplica\u00e7\u00e3o sobre Apoios<\/strong><\/a><\/div>\n\n\n\n<div class=\"wp-block-file\"><a href=\"https:\/\/grazimac.pt\/?attachment_id=7309\"><strong>Desenho T\u00e9cnico (.dwg) GRISOL cobertura T\u00e9cnica Aplica\u00e7\u00e3o sobre L\u00e2mina drenante<\/strong><\/a><\/div>\n\n\n\n<div class=\"wp-block-file\"><a href=\"https:\/\/grazimac.pt\/?attachment_id=7312\"><strong>Desenho T\u00e9cnico (.dwg) GRISOL cobertura Transit\u00e1vel Aplica\u00e7\u00e3o sobre L\u00e2mina drenante<\/strong><\/a><\/div>\n\n\n\n<div class=\"wp-block-file\"><a href=\"https:\/\/grazimac.pt\/?attachment_id=7314\"><strong>Desenho T\u00e9cnico (.dwg) Isolamento t\u00e9rmico EZ<\/strong><\/a><\/div>\n\n\n\n<div class=\"wp-block-file\"><a href=\"https:\/\/grazimac.pt\/?attachment_id=7313\"><strong>Desenho T\u00e9cnico (.dwg) GRISOL Fachadas<\/strong><\/a><\/div>\n\n\n\n<hr class=\"wp-block-separator has-alpha-channel-opacity is-style-wide\"\/>\n\n\n\n<h2 class=\"wp-block-heading\">Google Drive Docs Teste<\/h2>\n\n\n                <div class=\"igd igd-shortcode-wrap igd-shortcode-list\"\n                     data-shortcode-data=\"eyJ0eXBlIjoibGlzdCIsImlkIjoxLCJ0aXRsZSI6Ik1vZHVsZSAoIzEpIC0gTGlzdCAiLCJmb2xkZXJzIjpbeyJpZCI6IjFvWDlpSDdIYk9WYmFQeldtWnVtY1VrOVRqeGhWVjA0LWRaSm9Fck5lUGZZIiwibmFtZSI6IkV4ZW1wbG8gZGUgZG9jIiwidHlwZSI6ImFwcGxpY2F0aW9uXC92bmQuZ29vZ2xlLWFwcHMuZG9jdW1lbnQiLCJzaXplIjoiMTAyNCIsImljb25MaW5rIjoiaHR0cHM6XC9cL2RyaXZlLXRoaXJkcGFydHkuZ29vZ2xldXNlcmNvbnRlbnQuY29tXC8xNlwvdHlwZVwvYXBwbGljYXRpb25cL3ZuZC5nb29nbGUtYXBwcy5kb2N1bWVudCIsInRodW1ibmFpbExpbmsiOm51bGwsIndlYlZpZXdMaW5rIjoiaHR0cHM6XC9cL2RvY3MuZ29vZ2xlLmNvbVwvZG9jdW1lbnRcL2RcLzFvWDlpSDdIYk9WYmFQeldtWnVtY1VrOVRqeGhWVjA0LWRaSm9Fck5lUGZZXC9lZGl0P3VzcD1kcml2ZXNkayIsIndlYkNvbnRlbnRMaW5rIjpudWxsLCJjcmVhdGVkIjoiMjAyNS0xMC0yOFQxMjowMzoxMi42MjJaIiwidXBkYXRlZCI6IjIwMjUtMTAtMjhUMTI6MjU6MTUuNTU5WiIsImRlc2NyaXB0aW9uIjpudWxsLCJzaGFyZWQiOnRydWUsInNoYXJlZFdpdGhNZVRpbWUiOm51bGwsImV4dGVuc2lvbiI6bnVsbCwicmVzb3VyY2VLZXkiOm51bGwsImNvcHlSZXF1aXJlc1dyaXRlclBlcm1pc3Npb24iOmZhbHNlLCJzdGFycmVkIjpmYWxzZSwiZXhwb3J0TGlua3MiOnsiYXBwbGljYXRpb25cL3J0ZiI6Imh0dHBzOlwvXC9kb2NzLmdvb2dsZS5jb21cL2ZlZWRzXC9kb3dubG9hZFwvZG9jdW1lbnRzXC9leHBvcnRcL0V4cG9ydD9pZD0xb1g5aUg3SGJPVmJhUHpXbVp1bWNVazlUanhoVlYwNC1kWkpvRXJOZVBmWSZleHBvcnRGb3JtYXQ9cnRmIiwiYXBwbGljYXRpb25cL3ZuZC5vYXNpcy5vcGVuZG9jdW1lbnQudGV4dCI6Imh0dHBzOlwvXC9kb2NzLmdvb2dsZS5jb21cL2ZlZWRzXC9kb3dubG9hZFwvZG9jdW1lbnRzXC9leHBvcnRcL0V4cG9ydD9pZD0xb1g5aUg3SGJPVmJhUHpXbVp1bWNVazlUanhoVlYwNC1kWkpvRXJOZVBmWSZleHBvcnRGb3JtYXQ9b2R0IiwidGV4dFwvaHRtbCI6Imh0dHBzOlwvXC9kb2NzLmdvb2dsZS5jb21cL2ZlZWRzXC9kb3dubG9hZFwvZG9jdW1lbnRzXC9leHBvcnRcL0V4cG9ydD9pZD0xb1g5aUg3SGJPVmJhUHpXbVp1bWNVazlUanhoVlYwNC1kWkpvRXJOZVBmWSZleHBvcnRGb3JtYXQ9aHRtbCIsImFwcGxpY2F0aW9uXC9wZGYiOiJodHRwczpcL1wvZG9jcy5nb29nbGUuY29tXC9mZWVkc1wvZG93bmxvYWRcL2RvY3VtZW50c1wvZXhwb3J0XC9FeHBvcnQ\/aWQ9MW9YOWlIN0hiT1ZiYVB6V21adW1jVWs5VGp4aFZWMDQtZFpKb0VyTmVQZlkmZXhwb3J0Rm9ybWF0PXBkZiIsInRleHRcL3gtbWFya2Rvd24iOiJodHRwczpcL1wvZG9jcy5nb29nbGUuY29tXC9mZWVkc1wvZG93bmxvYWRcL2RvY3VtZW50c1wvZXhwb3J0XC9FeHBvcnQ\/aWQ9MW9YOWlIN0hiT1ZiYVB6V21adW1jVWs5VGp4aFZWMDQtZFpKb0VyTmVQZlkmZXhwb3J0Rm9ybWF0PW1hcmtkb3duIiwidGV4dFwvbWFya2Rvd24iOiJodHRwczpcL1wvZG9jcy5nb29nbGUuY29tXC9mZWVkc1wvZG93bmxvYWRcL2RvY3VtZW50c1wvZXhwb3J0XC9FeHBvcnQ\/aWQ9MW9YOWlIN0hiT1ZiYVB6V21adW1jVWs5VGp4aFZWMDQtZFpKb0VyTmVQZlkmZXhwb3J0Rm9ybWF0PW1hcmtkb3duIiwiYXBwbGljYXRpb25cL2VwdWIremlwIjoiaHR0cHM6XC9cL2RvY3MuZ29vZ2xlLmNvbVwvZmVlZHNcL2Rvd25sb2FkXC9kb2N1bWVudHNcL2V4cG9ydFwvRXhwb3J0P2lkPTFvWDlpSDdIYk9WYmFQeldtWnVtY1VrOVRqeGhWVjA0LWRaSm9Fck5lUGZZJmV4cG9ydEZvcm1hdD1lcHViIiwiYXBwbGljYXRpb25cL3ppcCI6Imh0dHBzOlwvXC9kb2NzLmdvb2dsZS5jb21cL2ZlZWRzXC9kb3dubG9hZFwvZG9jdW1lbnRzXC9leHBvcnRcL0V4cG9ydD9pZD0xb1g5aUg3SGJPVmJhUHpXbVp1bWNVazlUanhoVlYwNC1kWkpvRXJOZVBmWSZleHBvcnRGb3JtYXQ9emlwIiwiYXBwbGljYXRpb25cL3ZuZC5vcGVueG1sZm9ybWF0cy1vZmZpY2Vkb2N1bWVudC53b3JkcHJvY2Vzc2luZ21sLmRvY3VtZW50IjoiaHR0cHM6XC9cL2RvY3MuZ29vZ2xlLmNvbVwvZmVlZHNcL2Rvd25sb2FkXC9kb2N1bWVudHNcL2V4cG9ydFwvRXhwb3J0P2lkPTFvWDlpSDdIYk9WYmFQeldtWnVtY1VrOVRqeGhWVjA0LWRaSm9Fck5lUGZZJmV4cG9ydEZvcm1hdD1kb2N4IiwidGV4dFwvcGxhaW4iOiJodHRwczpcL1wvZG9jcy5nb29nbGUuY29tXC9mZWVkc1wvZG93bmxvYWRcL2RvY3VtZW50c1wvZXhwb3J0XC9FeHBvcnQ\/aWQ9MW9YOWlIN0hiT1ZiYVB6V21adW1jVWs5VGp4aFZWMDQtZFpKb0VyTmVQZlkmZXhwb3J0Rm9ybWF0PXR4dCJ9LCJhY2NvdW50SWQiOiIxNjIyMzA2ODk3NjgxNDM4NzUwOSIsInBhcmVudHMiOlsiMWtVdFh3d21VZ3BvbEFyWDFTZUlYSW9nTDBHdi04Ul9YIl0sInBlcm1pc3Npb25zIjp7ImNhblByZXZpZXciOnRydWUsImNhbkRvd25sb2FkIjp0cnVlLCJjYW5FZGl0Ijp0cnVlLCJjYW5EZWxldGUiOnRydWUsImNhblRyYXNoIjp0cnVlLCJjYW5Nb3ZlIjp0cnVlLCJjYW5SZW5hbWUiOnRydWUsImNhblNoYXJlIjp0cnVlLCJjb3B5UmVxdWlyZXNXcml0ZXJQZXJtaXNzaW9uIjpmYWxzZSwiY2FuQ2hhbmdlQ29weVJlcXVpcmVzV3JpdGVyUGVybWlzc2lvbiI6bnVsbCwidXNlcnMiOnsiYW55b25lV2l0aExpbmsiOnsidHlwZSI6ImFueW9uZSIsInJvbGUiOiJyZWFkZXIiLCJkb21haW4iOm51bGx9LCIxNjIyMzA2ODk3NjgxNDM4NzUwOSI6eyJ0eXBlIjoidXNlciIsInJvbGUiOiJvd25lciIsImRvbWFpbiI6bnVsbH19fSwiZXhwb3J0QXMiOnsiTVMgV29yZCBkb2N1bWVudCI6eyJtaW1ldHlwZSI6ImFwcGxpY2F0aW9uXC92bmQub3BlbnhtbGZvcm1hdHMtb2ZmaWNlZG9jdW1lbnQud29yZHByb2Nlc3NpbmdtbC5kb2N1bWVudCIsImV4dGVuc2lvbiI6ImRvY3gifSwiSFRNTCI6eyJtaW1ldHlwZSI6InRleHRcL2h0bWwiLCJleHRlbnNpb24iOiJodG1sIn0sIlRleHQiOnsibWltZXR5cGUiOiJ0ZXh0XC9wbGFpbiIsImV4dGVuc2lvbiI6InR4dCJ9LCJPcGVuIE9mZmljZSBkb2N1bWVudCI6eyJtaW1ldHlwZSI6ImFwcGxpY2F0aW9uXC92bmQub2FzaXMub3BlbmRvY3VtZW50LnRleHQiLCJleHRlbnNpb24iOiJvZHQifSwiUERGIjp7Im1pbWV0eXBlIjoiYXBwbGljYXRpb25cL3BkZiIsImV4dGVuc2lvbiI6InBkZiJ9LCJaSVAiOnsibWltZXR5cGUiOiJhcHBsaWNhdGlvblwvemlwIiwiZXh0ZW5zaW9uIjoiemlwIn19LCJpc0ZvbGRlciI6ZmFsc2V9LHsiaWQiOiIxbzdEd1FnRmxMMTNIV1dEX1M5bW44a2VVYzhqMmVsUjEiLCJuYW1lIjoiRXhlbXBsbyBkZSBpbWFnZW0iLCJ0eXBlIjoiaW1hZ2VcL2pwZWciLCJzaXplIjoiNjA3NTkyIiwiaWNvbkxpbmsiOiJodHRwczpcL1wvZHJpdmUtdGhpcmRwYXJ0eS5nb29nbGV1c2VyY29udGVudC5jb21cLzE2XC90eXBlXC9pbWFnZVwvanBlZyIsInRodW1ibmFpbExpbmsiOiJodHRwczpcL1wvbGgzLmdvb2dsZXVzZXJjb250ZW50LmNvbVwvZHJpdmUtc3RvcmFnZVwvQUpRV3RCUGwzUG1vbTNlZEtGbjktTEFpNVdmRDh2bk1ESHRpdG5JeUJUcmFTRlNpWmlBZy1BUlVVeWRlZnRDdUI2VkJiNjgtdWlJSmFpdkdsYkQtcFR2MkNuMkd2Wk9GR1VGVnB5MnNfd2F4YnhOeG5jOD1zMjIwIiwid2ViVmlld0xpbmsiOiJodHRwczpcL1wvZHJpdmUuZ29vZ2xlLmNvbVwvZmlsZVwvZFwvMW83RHdRZ0ZsTDEzSFdXRF9TOW1uOGtlVWM4ajJlbFIxXC92aWV3P3VzcD1kcml2ZXNkayIsIndlYkNvbnRlbnRMaW5rIjoiaHR0cHM6XC9cL2RyaXZlLmdvb2dsZS5jb21cL3VjP2lkPTFvN0R3UWdGbEwxM0hXV0RfUzltbjhrZVVjOGoyZWxSMSZleHBvcnQ9ZG93bmxvYWQiLCJjcmVhdGVkIjoiMjAyNS0xMC0yOFQxMjowMzo0MC4xNjVaIiwidXBkYXRlZCI6IjIwMjUtMTAtMjhUMTI6MjU6MjkuODc1WiIsImRlc2NyaXB0aW9uIjpudWxsLCJzaGFyZWQiOnRydWUsInNoYXJlZFdpdGhNZVRpbWUiOm51bGwsImV4dGVuc2lvbiI6ImpwZyIsInJlc291cmNlS2V5IjpudWxsLCJjb3B5UmVxdWlyZXNXcml0ZXJQZXJtaXNzaW9uIjpmYWxzZSwic3RhcnJlZCI6ZmFsc2UsImV4cG9ydExpbmtzIjpudWxsLCJhY2NvdW50SWQiOiIxNjIyMzA2ODk3NjgxNDM4NzUwOSIsInBhcmVudHMiOlsiMWtVdFh3d21VZ3BvbEFyWDFTZUlYSW9nTDBHdi04Ul9YIl0sInBlcm1pc3Npb25zIjp7ImNhblByZXZpZXciOnRydWUsImNhbkRvd25sb2FkIjp0cnVlLCJjYW5FZGl0IjpmYWxzZSwiY2FuRGVsZXRlIjp0cnVlLCJjYW5UcmFzaCI6dHJ1ZSwiY2FuTW92ZSI6dHJ1ZSwiY2FuUmVuYW1lIjp0cnVlLCJjYW5TaGFyZSI6dHJ1ZSwiY29weVJlcXVpcmVzV3JpdGVyUGVybWlzc2lvbiI6ZmFsc2UsImNhbkNoYW5nZUNvcHlSZXF1aXJlc1dyaXRlclBlcm1pc3Npb24iOm51bGwsInVzZXJzIjp7ImFueW9uZVdpdGhMaW5rIjp7InR5cGUiOiJhbnlvbmUiLCJyb2xlIjoicmVhZGVyIiwiZG9tYWluIjpudWxsfSwiMTYyMjMwNjg5NzY4MTQzODc1MDkiOnsidHlwZSI6InVzZXIiLCJyb2xlIjoib3duZXIiLCJkb21haW4iOm51bGx9fX0sImV4cG9ydEFzIjpbXSwibWV0YURhdGEiOnsid2lkdGgiOjI2NjAsImhlaWdodCI6MTYyMH0sImlzRm9sZGVyIjpmYWxzZX0seyJpZCI6IjEtREJmSms2anRMaUR3QnpZZE55T1ZsSHBfNnRVdDdFRiIsIm5hbWUiOiJFeGVtcGxvIGRlIHBkZiIsInR5cGUiOiJhcHBsaWNhdGlvblwvcGRmIiwic2l6ZSI6IjYxMzM5MiIsImljb25MaW5rIjoiaHR0cHM6XC9cL2RyaXZlLXRoaXJkcGFydHkuZ29vZ2xldXNlcmNvbnRlbnQuY29tXC8xNlwvdHlwZVwvYXBwbGljYXRpb25cL3BkZiIsInRodW1ibmFpbExpbmsiOiJodHRwczpcL1wvbGgzLmdvb2dsZXVzZXJjb250ZW50LmNvbVwvZHJpdmUtc3RvcmFnZVwvQUpRV3RCUGluN0txSFo0SVZmV090NFJKdklXRWR6R1J5TmxSUnpSQTdKQmxrUzFiUm55Q3lKVTJ1anFYZU5XdVlEeHN4RUVvdHM4eEtXYlJwYlRFUlpUVFlBaUpCTWQ0OEZ4b2MxMmFDdGlJTGhjaUdnND1zMjIwIiwid2ViVmlld0xpbmsiOiJodHRwczpcL1wvZHJpdmUuZ29vZ2xlLmNvbVwvZmlsZVwvZFwvMS1EQmZKazZqdExpRHdCellkTnlPVmxIcF82dFV0N0VGXC92aWV3P3VzcD1kcml2ZXNkayIsIndlYkNvbnRlbnRMaW5rIjoiaHR0cHM6XC9cL2RyaXZlLmdvb2dsZS5jb21cL3VjP2lkPTEtREJmSms2anRMaUR3QnpZZE55T1ZsSHBfNnRVdDdFRiZleHBvcnQ9ZG93bmxvYWQiLCJjcmVhdGVkIjoiMjAyNS0xMC0yOFQxMjoyNjowMy41MjZaIiwidXBkYXRlZCI6IjIwMjUtMTAtMjhUMTI6MjY6MTEuNTQwWiIsImRlc2NyaXB0aW9uIjpudWxsLCJzaGFyZWQiOnRydWUsInNoYXJlZFdpdGhNZVRpbWUiOm51bGwsImV4dGVuc2lvbiI6InBkZiIsInJlc291cmNlS2V5IjpudWxsLCJjb3B5UmVxdWlyZXNXcml0ZXJQZXJtaXNzaW9uIjpmYWxzZSwic3RhcnJlZCI6ZmFsc2UsImV4cG9ydExpbmtzIjpudWxsLCJhY2NvdW50SWQiOiIxNjIyMzA2ODk3NjgxNDM4NzUwOSIsInBhcmVudHMiOlsiMWtVdFh3d21VZ3BvbEFyWDFTZUlYSW9nTDBHdi04Ul9YIl0sInBlcm1pc3Npb25zIjp7ImNhblByZXZpZXciOnRydWUsImNhbkRvd25sb2FkIjp0cnVlLCJjYW5FZGl0IjpmYWxzZSwiY2FuRGVsZXRlIjp0cnVlLCJjYW5UcmFzaCI6dHJ1ZSwiY2FuTW92ZSI6dHJ1ZSwiY2FuUmVuYW1lIjp0cnVlLCJjYW5TaGFyZSI6dHJ1ZSwiY29weVJlcXVpcmVzV3JpdGVyUGVybWlzc2lvbiI6ZmFsc2UsImNhbkNoYW5nZUNvcHlSZXF1aXJlc1dyaXRlclBlcm1pc3Npb24iOm51bGwsInVzZXJzIjp7ImFueW9uZVdpdGhMaW5rIjp7InR5cGUiOiJhbnlvbmUiLCJyb2xlIjoicmVhZGVyIiwiZG9tYWluIjpudWxsfSwiMTYyMjMwNjg5NzY4MTQzODc1MDkiOnsidHlwZSI6InVzZXIiLCJyb2xlIjoib3duZXIiLCJkb21haW4iOm51bGx9fX0sImV4cG9ydEFzIjpbXSwiaXNGb2xkZXIiOmZhbHNlfV0sImZvbGRlckZpbGVzIjp0cnVlLCJkZWZhdWx0Q2xpY2tBY3Rpb24iOiJ2aWV3Iiwibm9uY2UiOiJiNzZlNDFjOGEzIiwiZmlsdGVycyI6eyJhbGxvd0V4dGVuc2lvbnMiOiIiLCJhbGxvd0FsbEV4dGVuc2lvbnMiOmZhbHNlLCJhbGxvd0V4Y2VwdEV4dGVuc2lvbnMiOiIiLCJhbGxvd05hbWVzIjoiIiwiYWxsb3dBbGxOYW1lcyI6IiIsImFsbG93RXhjZXB0TmFtZXMiOiIiLCJuYW1lRmlsdGVyT3B0aW9ucyI6WyJmaWxlcyJdLCJzaG93RmlsZXMiOnRydWUsInNob3dGb2xkZXJzIjp0cnVlfSwiYWNjb3VudHMiOnsiMTYyMjMwNjg5NzY4MTQzODc1MDkiOnsiaWQiOiIxNjIyMzA2ODk3NjgxNDM4NzUwOSIsIm5hbWUiOiIiLCJlbWFpbCI6IiIsInBob3RvIjoiaHR0cHM6XC9cL2xoMy5nb29nbGV1c2VyY29udGVudC5jb21cL2FcL0FDZzhvY0lIdUZmSjZJUGhHbThramJkb0k0NWJnTmJtTUU0VXpMQ0NxalFjLTNlcm5xQXJoUT1zNjQiLCJzdG9yYWdlIjp7InVzYWdlIjoiNjc3ODYzIiwibGltaXQiOiIxNjEwNjEyNzM2MCJ9LCJsb3N0IjpmYWxzZSwicm9vdF9pZCI6IjBBR3loYmpsQ0RCWGZVazlQVkEiLCJ1c2VyX2lkIjpbImFkbWluIl19fSwiYWNjb3VudCI6eyJpZCI6IjE2MjIzMDY4OTc2ODE0Mzg3NTA5IiwibmFtZSI6Ikl2byBWaWVnYXMgR3JhemltYWMiLCJlbWFpbCI6ImdyYXppbWFjLml2b0BnbWFpbC5jb20iLCJwaG90byI6Imh0dHBzOlwvXC9saDMuZ29vZ2xldXNlcmNvbnRlbnQuY29tXC9hXC9BQ2c4b2NJSHVGZko2SVBoR204a2piZG9JNDViZ05ibU1FNFV6TENDcWpRYy0zZXJucUFyaFE9czY0Iiwic3RvcmFnZSI6eyJ1c2FnZSI6IjY3Nzg2MyIsImxpbWl0IjoiMTYxMDYxMjczNjAifSwibG9zdCI6ZmFsc2UsInJvb3RfaWQiOiIwQUd5aGJqbENEQlhmVWs5UFZBIiwidXNlcl9pZCI6WyJhZG1pbiJdfX0=\"\n                     style=\"--module-width: 100%; --module-height: ;\"\n                ><\/div>\n                \n\n\n\n<hr class=\"wp-block-separator has-alpha-channel-opacity is-style-wide\"\/>\n\n\n\n<div style=\"height:100px\" aria-hidden=\"true\" class=\"wp-block-spacer\"><\/div>\n\n\n\n<p><\/p>\n","protected":false},"excerpt":{"rendered":"<p>Google Drive Docs Teste<\/p>\n","protected":false},"author":1,"featured_media":0,"parent":0,"menu_order":50,"comment_status":"closed","ping_status":"closed","template":"","meta":{"_monsterinsights_skip_tracking":false,"_monsterinsights_sitenote_active":false,"_monsterinsights_sitenote_note":"","_monsterinsights_sitenote_category":0,"footnotes":""},"class_list":["post-266","page","type-page","status-publish","hentry"],"_links":{"self":[{"href":"https:\/\/grazimac.pt\/index.php?rest_route=\/wp\/v2\/pages\/266","targetHints":{"allow":["GET"]}}],"collection":[{"href":"https:\/\/grazimac.pt\/index.php?rest_route=\/wp\/v2\/pages"}],"about":[{"href":"https:\/\/grazimac.pt\/index.php?rest_route=\/wp\/v2\/types\/page"}],"author":[{"embeddable":true,"href":"https:\/\/grazimac.pt\/index.php?rest_route=\/wp\/v2\/users\/1"}],"replies":[{"embeddable":true,"href":"https:\/\/grazimac.pt\/index.php?rest_route=%2Fwp%2Fv2%2Fcomments&post=266"}],"version-history":[{"count":34,"href":"https:\/\/grazimac.pt\/index.php?rest_route=\/wp\/v2\/pages\/266\/revisions"}],"predecessor-version":[{"id":7821,"href":"https:\/\/grazimac.pt\/index.php?rest_route=\/wp\/v2\/pages\/266\/revisions\/7821"}],"wp:attachment":[{"href":"https:\/\/grazimac.pt\/index.php?rest_route=%2Fwp%2Fv2%2Fmedia&parent=266"}],"curies":[{"name":"wp","href":"https:\/\/api.w.org\/{rel}","templated":true}]}}