{"id":26,"date":"2018-02-07T10:25:28","date_gmt":"2018-02-07T10:25:28","guid":{"rendered":"http:\/\/grazimac.pt\/?page_id=26"},"modified":"2020-08-20T16:37:24","modified_gmt":"2020-08-20T16:37:24","slug":"inicio","status":"publish","type":"page","link":"https:\/\/grazimac.pt\/","title":{"rendered":"In\u00edcio"},"content":{"rendered":"<div class=\"col-md-5\">\n<h2><a href=\"https:\/\/grazimac.pt\/?page_id=91\">Lajetas T\u00e9rmicas GRISOL<\/a><\/h2>\n<p>As lajetas t\u00e9rmicas Grisol\u00ae s\u00e3o uma solu\u00e7\u00e3o de isolamento t\u00e9rmico destinada especialmente para coberturas\/terra\u00e7os.<\/p>\n<\/div>\n<div class=\"col-md-6 col-md-offset-1\"><img loading=\"lazy\" decoding=\"async\" src=\"https:\/\/grazimac.pt\/wp-content\/uploads\/2020\/08\/Aplicacao-Lajetas-Transparente-e1597241678943-300x233.png\" alt=\"\" width=\"294\" height=\"228\" class=\"alignnone wp-image-5119 \" srcset=\"https:\/\/grazimac.pt\/wp-content\/uploads\/2020\/08\/Aplicacao-Lajetas-Transparente-e1597241678943-300x233.png 300w, https:\/\/grazimac.pt\/wp-content\/uploads\/2020\/08\/Aplicacao-Lajetas-Transparente-e1597241678943-768x596.png 768w, https:\/\/grazimac.pt\/wp-content\/uploads\/2020\/08\/Aplicacao-Lajetas-Transparente-e1597241678943.png 784w\" sizes=\"auto, (max-width: 294px) 100vw, 294px\" \/><\/div>\n<div class=\"col-md-5\">\n<h2><a href=\"https:\/\/grazimac.pt\/?page_id=201\">Isolamento T\u00e9rmico EZ<\/a><\/h2>\n<p><span>O isolamento t\u00e9rmico EZ utiliza-se em coberturas inclinadas: \u00e9 um sistema de isolamento inovador para a aplica\u00e7\u00e3o de telha<\/span>s.<\/p>\n<\/div>\n<div class=\"col-md-6 col-md-offset-1\"><img loading=\"lazy\" decoding=\"async\" src=\"https:\/\/grazimac.pt\/wp-content\/uploads\/2020\/08\/EZ-transparente-e1597241614506-300x233.png\" alt=\"\" width=\"294\" height=\"228\" class=\"alignnone wp-image-5120 \" srcset=\"https:\/\/grazimac.pt\/wp-content\/uploads\/2020\/08\/EZ-transparente-e1597241614506-300x233.png 300w, https:\/\/grazimac.pt\/wp-content\/uploads\/2020\/08\/EZ-transparente-e1597241614506-768x596.png 768w, https:\/\/grazimac.pt\/wp-content\/uploads\/2020\/08\/EZ-transparente-e1597241614506.png 784w\" sizes=\"auto, (max-width: 294px) 100vw, 294px\" \/><\/div>\n<div class=\"col-md-5\">\n<h2><a href=\"https:\/\/grazimac.pt\/?page_id=169\">Pain\u00e9is GRISOL Fachadas<\/a><a href=\"https:\/\/grazimac.pt\/?page_id=169\" style=\"font-size: 1.95em;\"><\/a><\/h2>\n<p>Painel modular pr\u00e9-fabricado para o isolamento t\u00e9rmico de paredes de fachadas.<\/p>\n<\/div>\n<div class=\"col-md-6 col-md-offset-1\"><img loading=\"lazy\" decoding=\"async\" src=\"https:\/\/grazimac.pt\/wp-content\/uploads\/2020\/08\/Aplicacao-Fachadas-Transparente-1-300x233.png\" alt=\"\" width=\"300\" height=\"233\" class=\"size-medium wp-image-5296 alignleft\" srcset=\"https:\/\/grazimac.pt\/wp-content\/uploads\/2020\/08\/Aplicacao-Fachadas-Transparente-1-300x233.png 300w, https:\/\/grazimac.pt\/wp-content\/uploads\/2020\/08\/Aplicacao-Fachadas-Transparente-1-600x465.png 600w, https:\/\/grazimac.pt\/wp-content\/uploads\/2020\/08\/Aplicacao-Fachadas-Transparente-1-768x596.png 768w, https:\/\/grazimac.pt\/wp-content\/uploads\/2020\/08\/Aplicacao-Fachadas-Transparente-1.png 784w\" sizes=\"auto, (max-width: 300px) 100vw, 300px\" \/><\/div>\n<div class=\"col-md-5\"><\/div>\n<div class=\"col-md-6 col-md-offset-1\"><\/div>\n\n\n<p><\/p>\n","protected":false},"excerpt":{"rendered":"<p>Lajetas T\u00e9rmicas GRISOL As lajetas t\u00e9rmicas Grisol\u00ae s\u00e3o uma solu\u00e7\u00e3o de isolamento t\u00e9rmico destinada especialmente para coberturas\/terra\u00e7os. Isolamento T\u00e9rmico EZ O isolamento t\u00e9rmico EZ utiliza-se em coberturas inclinadas: \u00e9 um sistema de isolamento inovador para a aplica\u00e7\u00e3o de telhas. Pain\u00e9is GRISOL Fachadas Painel modular pr\u00e9-fabricado para o isolamento t\u00e9rmico de [&hellip;]<\/p>\n","protected":false},"author":1,"featured_media":85,"parent":0,"menu_order":0,"comment_status":"closed","ping_status":"closed","template":"","meta":{"_monsterinsights_skip_tracking":false,"_monsterinsights_sitenote_active":false,"_monsterinsights_sitenote_note":"","_monsterinsights_sitenote_category":0,"footnotes":""},"class_list":["post-26","page","type-page","status-publish","has-post-thumbnail","hentry"],"_links":{"self":[{"href":"https:\/\/grazimac.pt\/index.php?rest_route=\/wp\/v2\/pages\/26","targetHints":{"allow":["GET"]}}],"collection":[{"href":"https:\/\/grazimac.pt\/index.php?rest_route=\/wp\/v2\/pages"}],"about":[{"href":"https:\/\/grazimac.pt\/index.php?rest_route=\/wp\/v2\/types\/page"}],"author":[{"embeddable":true,"href":"https:\/\/grazimac.pt\/index.php?rest_route=\/wp\/v2\/users\/1"}],"replies":[{"embeddable":true,"href":"https:\/\/grazimac.pt\/index.php?rest_route=%2Fwp%2Fv2%2Fcomments&post=26"}],"version-history":[{"count":31,"href":"https:\/\/grazimac.pt\/index.php?rest_route=\/wp\/v2\/pages\/26\/revisions"}],"predecessor-version":[{"id":5309,"href":"https:\/\/grazimac.pt\/index.php?rest_route=\/wp\/v2\/pages\/26\/revisions\/5309"}],"wp:featuredmedia":[{"embeddable":true,"href":"https:\/\/grazimac.pt\/index.php?rest_route=\/wp\/v2\/media\/85"}],"wp:attachment":[{"href":"https:\/\/grazimac.pt\/index.php?rest_route=%2Fwp%2Fv2%2Fmedia&parent=26"}],"curies":[{"name":"wp","href":"https:\/\/api.w.org\/{rel}","templated":true}]}}