{"id":210,"date":"2018-02-07T16:51:36","date_gmt":"2018-02-07T16:51:36","guid":{"rendered":"http:\/\/grazimac.pt\/?page_id=210"},"modified":"2021-10-13T14:43:49","modified_gmt":"2021-10-13T14:43:49","slug":"aplicacao-manutencao","status":"publish","type":"page","link":"https:\/\/grazimac.pt\/?page_id=210","title":{"rendered":"Aplica\u00e7\u00e3o \/ Manuten\u00e7\u00e3o"},"content":{"rendered":"\n<p>Este produto destina-se a isolar termicamente coberturas inclinadas, preferencialmente aplicado sobre um suporte cont\u00ednuo. <\/p>\n\n\n\n<p>O modo de aplica\u00e7\u00e3o \u00e9 simples: basta colocar a primeira fila de placas, tendo em conta as dimens\u00f5es para o beirado desejado, e a partir dessa fila colocar alternadamente placas de um e dois perfis. A fixa\u00e7\u00e3o pode ser realizada atrav\u00e9s da aplica\u00e7\u00e3o de buchas, ou em certos casos atrav\u00e9s de uma colagem adequada. Devem ser colocadas quatro fixa\u00e7\u00f5es por placa, de acordo com a especifica\u00e7\u00e3o t\u00e9cnica do produto.<\/p>\n\n\n\n<p><span class=\"has-inline-color has-white-color\">.<\/span><\/p>\n\n\n\n<div class=\"wp-block-media-text alignwide is-stacked-on-mobile\" style=\"grid-template-columns:25% auto\"><figure class=\"wp-block-media-text__media\"><img loading=\"lazy\" decoding=\"async\" width=\"284\" height=\"300\" src=\"https:\/\/grazimac.pt\/wp-content\/uploads\/2021\/10\/Aplicacao-1-284x300.png\" alt=\"\" class=\"wp-image-7114 size-medium\" srcset=\"https:\/\/grazimac.pt\/wp-content\/uploads\/2021\/10\/Aplicacao-1-284x300.png 284w, https:\/\/grazimac.pt\/wp-content\/uploads\/2021\/10\/Aplicacao-1.png 679w\" sizes=\"auto, (max-width: 284px) 100vw, 284px\" \/><\/figure><div class=\"wp-block-media-text__content\">\n<h2 class=\"wp-block-heading\"><span class=\"has-inline-color has-accent-color\">Aplica\u00e7\u00e3o direta<\/span><br><\/h2>\n\n\n\n<p><span class=\"has-inline-color has-black-color\">Isolamento t\u00e9rmico da cobertura inclinada atrav\u00e9s de sistema EZ, composto por poliestireno extrudido de alta densidade, de 40\/50\/ 60\/80\/100\/120 mm, com encaixe a meia espessura e respetivo perfil met\u00e1lico perfurado incorporado, criando um ripado cujo espa\u00e7amento varia entre 37 e 40 cm, conforme o tipo de telha. Aplicado diretamente sobre a laje, que dever\u00e1 estar devidamente regularizado.<\/span><\/p>\n<\/div><\/div>\n\n\n\n<p><span class=\"has-inline-color has-white-color\">.<\/span><\/p>\n\n\n\n<div class=\"wp-block-media-text alignwide is-stacked-on-mobile\" style=\"grid-template-columns:25% auto\"><figure class=\"wp-block-media-text__media\"><img loading=\"lazy\" decoding=\"async\" width=\"689\" height=\"707\" src=\"https:\/\/grazimac.pt\/wp-content\/uploads\/2021\/10\/Aplicacao-2.png\" alt=\"\" class=\"wp-image-7118 size-medium\" srcset=\"https:\/\/grazimac.pt\/wp-content\/uploads\/2021\/10\/Aplicacao-2.png 689w, https:\/\/grazimac.pt\/wp-content\/uploads\/2021\/10\/Aplicacao-2-292x300.png 292w\" sizes=\"auto, (max-width: 689px) 100vw, 689px\" \/><\/figure><div class=\"wp-block-media-text__content\">\n<h2 class=\"wp-block-heading\"><span class=\"has-inline-color has-accent-color\">Aplica\u00e7\u00e3o sobre Impermeabiliza\u00e7\u00e3o<\/span><br><\/h2>\n\n\n\n<p><span class=\"has-inline-color has-black-color\">Isolamento t\u00e9rmico da cobertura inclinada atrav\u00e9s de sistema EZ, composto por poliestireno extrudido de alta densidade, de 40\/50\/ 60\/80\/100\/120 mm, com encaixe a meia espessura e respetivo perfil met\u00e1lico perfurado incorporado, criando um ripado cujo espa\u00e7amento varia entre 37 e 40 cm, conforme o tipo de telha. Aplicado diretamente sobre a impermeabiliza\u00e7\u00e3o.<\/span><\/p>\n<\/div><\/div>\n\n\n\n<p><span class=\"has-inline-color has-white-color\">.<\/span><\/p>\n\n\n\n<p>As placas s\u00e3o embaladas em pacotes com um inv\u00f3lucro de filme de pl\u00e1stico extens\u00edvel, devendo ser mantidas nas respetivas embalagens de origem at\u00e9 \u00e0 sua aplica\u00e7\u00e3o. Por cima destes pacotes n\u00e3o devem ser colocados outros materiais. As placas n\u00e3o devem ser armazenadas por um longo per\u00edodo de tempo sem que estejam protegidas da luz solar direta, chuva, neve ou gelo.<\/p>\n\n\n\n<p>Durante a aplica\u00e7\u00e3o deve evitar-se o contacto com solventes org\u00e2nicos e com fontes de chama ou temperaturas elevadas (superiores a 75\u00baC), a fim de evitar degrada\u00e7\u00f5es irrevers\u00edveis. Em condi\u00e7\u00f5es de vento forte, devem existir preocupa\u00e7\u00f5es adicionais de seguran\u00e7a motivadas pelas dimens\u00f5es das placas, nomeadamente em locais com desn\u00edveis ou com aberturas de dimens\u00f5es significativas.<\/p>\n\n\n\n<p><span class=\"has-inline-color has-white-color\">.<\/span><\/p>\n\n\n\n<figure class=\"wp-block-gallery columns-3 is-cropped wp-block-gallery-1 is-layout-flex wp-block-gallery-is-layout-flex\"><ul class=\"blocks-gallery-grid\"><li class=\"blocks-gallery-item\"><figure><img loading=\"lazy\" decoding=\"async\" width=\"1024\" height=\"708\" src=\"https:\/\/grazimac.pt\/wp-content\/uploads\/2021\/10\/Moradia-Leiria-Balres.jpg\" alt=\"\" data-id=\"7006\" data-full-url=\"https:\/\/grazimac.pt\/wp-content\/uploads\/2021\/10\/Moradia-Leiria-Balres.jpg\" data-link=\"https:\/\/grazimac.pt\/?attachment_id=7006\" class=\"wp-image-7006\" srcset=\"https:\/\/grazimac.pt\/wp-content\/uploads\/2021\/10\/Moradia-Leiria-Balres.jpg 1024w, https:\/\/grazimac.pt\/wp-content\/uploads\/2021\/10\/Moradia-Leiria-Balres-300x207.jpg 300w, https:\/\/grazimac.pt\/wp-content\/uploads\/2021\/10\/Moradia-Leiria-Balres-768x531.jpg 768w\" sizes=\"auto, (max-width: 1024px) 100vw, 1024px\" \/><\/figure><\/li><li class=\"blocks-gallery-item\"><figure><img loading=\"lazy\" decoding=\"async\" width=\"1024\" height=\"768\" src=\"https:\/\/grazimac.pt\/wp-content\/uploads\/2021\/10\/web-4.jpg\" alt=\"\" data-id=\"6995\" data-full-url=\"https:\/\/grazimac.pt\/wp-content\/uploads\/2021\/10\/web-4.jpg\" data-link=\"https:\/\/grazimac.pt\/?attachment_id=6995\" class=\"wp-image-6995\" srcset=\"https:\/\/grazimac.pt\/wp-content\/uploads\/2021\/10\/web-4.jpg 1024w, https:\/\/grazimac.pt\/wp-content\/uploads\/2021\/10\/web-4-300x225.jpg 300w, https:\/\/grazimac.pt\/wp-content\/uploads\/2021\/10\/web-4-768x576.jpg 768w\" sizes=\"auto, (max-width: 1024px) 100vw, 1024px\" \/><\/figure><\/li><li class=\"blocks-gallery-item\"><figure><img loading=\"lazy\" decoding=\"async\" width=\"448\" height=\"336\" src=\"https:\/\/grazimac.pt\/wp-content\/uploads\/2021\/10\/Centro-de-Saude-Sao-Pedro-do-Sul.jpg\" alt=\"\" data-id=\"7009\" data-full-url=\"https:\/\/grazimac.pt\/wp-content\/uploads\/2021\/10\/Centro-de-Saude-Sao-Pedro-do-Sul.jpg\" data-link=\"https:\/\/grazimac.pt\/?attachment_id=7009\" class=\"wp-image-7009\" srcset=\"https:\/\/grazimac.pt\/wp-content\/uploads\/2021\/10\/Centro-de-Saude-Sao-Pedro-do-Sul.jpg 448w, https:\/\/grazimac.pt\/wp-content\/uploads\/2021\/10\/Centro-de-Saude-Sao-Pedro-do-Sul-300x225.jpg 300w\" sizes=\"auto, (max-width: 448px) 100vw, 448px\" \/><\/figure><\/li><\/ul><\/figure>\n\n\n\n<p><span class=\"has-inline-color has-white-color\">.<\/span><\/p>\n","protected":false},"excerpt":{"rendered":"<p>Este produto destina-se a isolar termicamente coberturas inclinadas, preferencialmente aplicado sobre um suporte cont\u00ednuo. O modo de aplica\u00e7\u00e3o \u00e9 simples: basta colocar a primeira fila de placas, tendo em conta as dimens\u00f5es para o beirado desejado, e a partir dessa fila colocar alternadamente placas de um e dois perfis. A [&hellip;]<\/p>\n","protected":false},"author":1,"featured_media":202,"parent":201,"menu_order":43,"comment_status":"closed","ping_status":"closed","template":"","meta":{"_monsterinsights_skip_tracking":false,"_monsterinsights_sitenote_active":false,"_monsterinsights_sitenote_note":"","_monsterinsights_sitenote_category":0,"footnotes":""},"class_list":["post-210","page","type-page","status-publish","has-post-thumbnail","hentry"],"_links":{"self":[{"href":"https:\/\/grazimac.pt\/index.php?rest_route=\/wp\/v2\/pages\/210","targetHints":{"allow":["GET"]}}],"collection":[{"href":"https:\/\/grazimac.pt\/index.php?rest_route=\/wp\/v2\/pages"}],"about":[{"href":"https:\/\/grazimac.pt\/index.php?rest_route=\/wp\/v2\/types\/page"}],"author":[{"embeddable":true,"href":"https:\/\/grazimac.pt\/index.php?rest_route=\/wp\/v2\/users\/1"}],"replies":[{"embeddable":true,"href":"https:\/\/grazimac.pt\/index.php?rest_route=%2Fwp%2Fv2%2Fcomments&post=210"}],"version-history":[{"count":8,"href":"https:\/\/grazimac.pt\/index.php?rest_route=\/wp\/v2\/pages\/210\/revisions"}],"predecessor-version":[{"id":7123,"href":"https:\/\/grazimac.pt\/index.php?rest_route=\/wp\/v2\/pages\/210\/revisions\/7123"}],"up":[{"embeddable":true,"href":"https:\/\/grazimac.pt\/index.php?rest_route=\/wp\/v2\/pages\/201"}],"wp:featuredmedia":[{"embeddable":true,"href":"https:\/\/grazimac.pt\/index.php?rest_route=\/wp\/v2\/media\/202"}],"wp:attachment":[{"href":"https:\/\/grazimac.pt\/index.php?rest_route=%2Fwp%2Fv2%2Fmedia&parent=210"}],"curies":[{"name":"wp","href":"https:\/\/api.w.org\/{rel}","templated":true}]}}