{"id":204,"date":"2018-02-07T16:49:22","date_gmt":"2018-02-07T16:49:22","guid":{"rendered":"http:\/\/grazimac.pt\/?page_id=204"},"modified":"2021-10-13T14:52:42","modified_gmt":"2021-10-13T14:52:42","slug":"o-que-e-vantagens","status":"publish","type":"page","link":"https:\/\/grazimac.pt\/?page_id=204","title":{"rendered":"O que \u00e9? (vantagens)"},"content":{"rendered":"\n<p>O<strong>\u00a0Isolamento T\u00e9rmico EZ<\/strong>\u00a0utiliza-se\u00a0em coberturas inclinadas, sendo um\u00a0sistema de isolamento inovador\u00a0para a aplica\u00e7\u00e3o de telha. \u00c9 uma\u00a0solu\u00e7\u00e3o pronta a aplicar constitu\u00edda\u00a0por placas de poliestireno extrudido\u00a0(XPS) e perfis met\u00e1licos\u00a0incorporados, de espa\u00e7amento\u00a0pr\u00e9-definido pelo cliente, perfurados,\u00a0com o objetivo de proporcionar uma\u00a0adequada ventila\u00e7\u00e3o entre o\u00a0isolamento t\u00e9rmico e a telha.<\/p>\n\n\n\n<p><strong>Ventila\u00e7\u00e3o<\/strong><br>A solu\u00e7\u00e3o de isolamento t\u00e9rmico EZ apresenta uma excelente\u00a0capacidade de ventila\u00e7\u00e3o. \u00c9 muito importante garantir\u00a0condi\u00e7\u00f5es adequadas de ventila\u00e7\u00e3o para que exista um bom\u00a0comportamento termohigrom\u00e9trico do corpo cer\u00e2mico, sendo\u00a0este um dos fatores mais importantes na durabilidade das\u00a0telhas. Este arejamento entre o isolamento e as telhas pretende\u00a0facilitar o processo de evapora\u00e7\u00e3o da \u00e1gua da chuva que \u00e9\u00a0absorvida pelas pe\u00e7as, bem como evitar condensa\u00e7\u00f5es que\u00a0se formem na superf\u00edcie interior do edif\u00edcio. Por outro lado,\u00a0esta ventila\u00e7\u00e3o permite uma adapta\u00e7\u00e3o progressiva do corpo\u00a0cer\u00e2mico em rela\u00e7\u00e3o \u00e0 diferen\u00e7a de temperaturas entre o\u00a0interior e o exterior da cobertura, contribuindo para um\u00a0aumento da efic\u00e1cia do isolamento t\u00e9rmico.<\/p>\n\n\n\n<p><strong>In\u00e9rcia T\u00e9rmica<\/strong><br>A In\u00e9rcia T\u00e9rmica \u00e9 a propriedade chave para controlar as\u00a0varia\u00e7\u00f5es de temperatura no interior de um edif\u00edcio. Isto\u00a0acontece devido \u00e0 sua capacidade de acumular calor nos\u00a0elementos construtivos. Ao aplicar placas de isolamento\u00a0t\u00e9rmico EZ sobre o suporte estrutural da cobertura inclinada\u00a0(pelo exterior), \u00e9 aproveitada ao m\u00e1ximo a capacidade dos\u00a0materiais do suporte para contribu\u00edrem para a in\u00e9rcia t\u00e9rmica\u00a0do edif\u00edcio. \u00c9 tamb\u00e9m melhorada a efici\u00eancia t\u00e9rmica devido\u00a0\u00e0 aus\u00eancia de descontinuidades no isolamento t\u00e9rmico da\u00a0cobertura (pontes t\u00e9rmicas).<\/p>\n\n\n\n<p><strong>Economia<\/strong><br>Este sistema de isolamento pr\u00e9-fabricado permite reduzir\u00a0os elevados custos de m\u00e3o-de-obra e prazos de execu\u00e7\u00e3o\u00a0de obra. A facilidade de manuseamento torna a aplica\u00e7\u00e3o\u00a0r\u00e1pida e pr\u00e1tica, o que permite uma extraordin\u00e1ria rentabilidade\u00a0de execu\u00e7\u00e3o.<\/p>\n\n\n\n<p><strong>Versatilidade<\/strong><br>Aplic\u00e1vel a todos os tipos de telha dispon\u00edveis no mercado.\u00a0Solu\u00e7\u00f5es de acordo com o espa\u00e7amento de ripado solicitado\u00a0pelo cliente, na espessura de isolamento pretendida. O EZ \u00e9\u00a0uma solu\u00e7\u00e3o pronta a aplicar que proporciona uma maior\u00a0limpeza em obra, redu\u00e7\u00e3o de desperd\u00edcios e que pode ser\u00a0aplicada em tempo de chuva.<\/p>\n\n\n\n<p><span class=\"has-inline-color has-white-color\">.<\/span><\/p>\n\n\n\n<figure class=\"wp-block-gallery columns-3 is-cropped wp-block-gallery-1 is-layout-flex wp-block-gallery-is-layout-flex\"><ul class=\"blocks-gallery-grid\"><li class=\"blocks-gallery-item\"><figure><img loading=\"lazy\" decoding=\"async\" width=\"1024\" height=\"708\" src=\"https:\/\/grazimac.pt\/wp-content\/uploads\/2021\/10\/Moradia-Leiria-Balres.jpg\" alt=\"\" data-id=\"7006\" data-full-url=\"https:\/\/grazimac.pt\/wp-content\/uploads\/2021\/10\/Moradia-Leiria-Balres.jpg\" data-link=\"https:\/\/grazimac.pt\/?attachment_id=7006\" class=\"wp-image-7006\" srcset=\"https:\/\/grazimac.pt\/wp-content\/uploads\/2021\/10\/Moradia-Leiria-Balres.jpg 1024w, https:\/\/grazimac.pt\/wp-content\/uploads\/2021\/10\/Moradia-Leiria-Balres-300x207.jpg 300w, https:\/\/grazimac.pt\/wp-content\/uploads\/2021\/10\/Moradia-Leiria-Balres-768x531.jpg 768w\" sizes=\"auto, (max-width: 1024px) 100vw, 1024px\" \/><\/figure><\/li><li class=\"blocks-gallery-item\"><figure><img loading=\"lazy\" decoding=\"async\" width=\"768\" height=\"1024\" src=\"https:\/\/grazimac.pt\/wp-content\/uploads\/2021\/10\/Aplicacao-EZ-768x1024.jpg\" alt=\"\" data-id=\"7129\" data-full-url=\"https:\/\/grazimac.pt\/wp-content\/uploads\/2021\/10\/Aplicacao-EZ.jpg\" data-link=\"https:\/\/grazimac.pt\/?attachment_id=7129\" class=\"wp-image-7129\" srcset=\"https:\/\/grazimac.pt\/wp-content\/uploads\/2021\/10\/Aplicacao-EZ-768x1024.jpg 768w, https:\/\/grazimac.pt\/wp-content\/uploads\/2021\/10\/Aplicacao-EZ-225x300.jpg 225w, https:\/\/grazimac.pt\/wp-content\/uploads\/2021\/10\/Aplicacao-EZ-1152x1536.jpg 1152w, https:\/\/grazimac.pt\/wp-content\/uploads\/2021\/10\/Aplicacao-EZ.jpg 1200w\" sizes=\"auto, (max-width: 768px) 100vw, 768px\" \/><\/figure><\/li><li class=\"blocks-gallery-item\"><figure><img loading=\"lazy\" decoding=\"async\" width=\"1024\" height=\"768\" src=\"https:\/\/grazimac.pt\/wp-content\/uploads\/2021\/10\/DSC02215-1024x768.jpg\" alt=\"\" data-id=\"7002\" data-full-url=\"https:\/\/grazimac.pt\/wp-content\/uploads\/2021\/10\/DSC02215.jpg\" data-link=\"https:\/\/grazimac.pt\/?attachment_id=7002\" class=\"wp-image-7002\" srcset=\"https:\/\/grazimac.pt\/wp-content\/uploads\/2021\/10\/DSC02215-1024x768.jpg 1024w, https:\/\/grazimac.pt\/wp-content\/uploads\/2021\/10\/DSC02215-300x225.jpg 300w, https:\/\/grazimac.pt\/wp-content\/uploads\/2021\/10\/DSC02215-768x576.jpg 768w, https:\/\/grazimac.pt\/wp-content\/uploads\/2021\/10\/DSC02215-1536x1152.jpg 1536w, https:\/\/grazimac.pt\/wp-content\/uploads\/2021\/10\/DSC02215.jpg 2048w\" sizes=\"auto, (max-width: 1024px) 100vw, 1024px\" \/><\/figure><\/li><\/ul><figcaption class=\"blocks-gallery-caption\"><span class=\"has-inline-color has-white-color\">.<\/span><\/figcaption><\/figure>\n","protected":false},"excerpt":{"rendered":"<p>O\u00a0Isolamento T\u00e9rmico EZ\u00a0utiliza-se\u00a0em coberturas inclinadas, sendo um\u00a0sistema de isolamento inovador\u00a0para a aplica\u00e7\u00e3o de telha. \u00c9 uma\u00a0solu\u00e7\u00e3o pronta a aplicar constitu\u00edda\u00a0por placas de poliestireno extrudido\u00a0(XPS) e perfis met\u00e1licos\u00a0incorporados, de espa\u00e7amento\u00a0pr\u00e9-definido pelo cliente, perfurados,\u00a0com o objetivo de proporcionar uma\u00a0adequada ventila\u00e7\u00e3o entre o\u00a0isolamento t\u00e9rmico e a telha. Ventila\u00e7\u00e3oA solu\u00e7\u00e3o de isolamento t\u00e9rmico EZ [&hellip;]<\/p>\n","protected":false},"author":1,"featured_media":202,"parent":201,"menu_order":41,"comment_status":"closed","ping_status":"closed","template":"","meta":{"_monsterinsights_skip_tracking":false,"_monsterinsights_sitenote_active":false,"_monsterinsights_sitenote_note":"","_monsterinsights_sitenote_category":0,"footnotes":""},"class_list":["post-204","page","type-page","status-publish","has-post-thumbnail","hentry"],"_links":{"self":[{"href":"https:\/\/grazimac.pt\/index.php?rest_route=\/wp\/v2\/pages\/204","targetHints":{"allow":["GET"]}}],"collection":[{"href":"https:\/\/grazimac.pt\/index.php?rest_route=\/wp\/v2\/pages"}],"about":[{"href":"https:\/\/grazimac.pt\/index.php?rest_route=\/wp\/v2\/types\/page"}],"author":[{"embeddable":true,"href":"https:\/\/grazimac.pt\/index.php?rest_route=\/wp\/v2\/users\/1"}],"replies":[{"embeddable":true,"href":"https:\/\/grazimac.pt\/index.php?rest_route=%2Fwp%2Fv2%2Fcomments&post=204"}],"version-history":[{"count":4,"href":"https:\/\/grazimac.pt\/index.php?rest_route=\/wp\/v2\/pages\/204\/revisions"}],"predecessor-version":[{"id":7131,"href":"https:\/\/grazimac.pt\/index.php?rest_route=\/wp\/v2\/pages\/204\/revisions\/7131"}],"up":[{"embeddable":true,"href":"https:\/\/grazimac.pt\/index.php?rest_route=\/wp\/v2\/pages\/201"}],"wp:featuredmedia":[{"embeddable":true,"href":"https:\/\/grazimac.pt\/index.php?rest_route=\/wp\/v2\/media\/202"}],"wp:attachment":[{"href":"https:\/\/grazimac.pt\/index.php?rest_route=%2Fwp%2Fv2%2Fmedia&parent=204"}],"curies":[{"name":"wp","href":"https:\/\/api.w.org\/{rel}","templated":true}]}}