{"id":194,"date":"2018-02-07T16:41:46","date_gmt":"2018-02-07T16:41:46","guid":{"rendered":"http:\/\/grazimac.pt\/?page_id=194"},"modified":"2021-10-13T11:59:48","modified_gmt":"2021-10-13T11:59:48","slug":"informacao-tecnica","status":"publish","type":"page","link":"https:\/\/grazimac.pt\/?page_id=194","title":{"rendered":"Informa\u00e7\u00e3o t\u00e9cnica"},"content":{"rendered":"<p><img loading=\"lazy\" decoding=\"async\" src=\"https:\/\/grazimac.pt\/wp-content\/uploads\/2021\/10\/Info-Tecnica1.png\" alt=\"\" width=\"653\" height=\"851\" class=\"size-full wp-image-7090 aligncenter\" srcset=\"https:\/\/grazimac.pt\/wp-content\/uploads\/2021\/10\/Info-Tecnica1.png 653w, https:\/\/grazimac.pt\/wp-content\/uploads\/2021\/10\/Info-Tecnica1-230x300.png 230w\" sizes=\"auto, (max-width: 653px) 100vw, 653px\" \/><\/p>\n<p>Pode solicitar mais informa\u00e7\u00f5es t\u00e9cnicas atrav\u00e9s do email: qualidade@grazimac.pt<\/p>\n<p><span style=\"color: #ffffff;\">.<\/span><\/p>\n","protected":false},"excerpt":{"rendered":"<p>Pode solicitar mais informa\u00e7\u00f5es t\u00e9cnicas atrav\u00e9s do email: qualidade@grazimac.pt .<\/p>\n","protected":false},"author":1,"featured_media":170,"parent":169,"menu_order":35,"comment_status":"closed","ping_status":"closed","template":"","meta":{"_monsterinsights_skip_tracking":false,"_monsterinsights_sitenote_active":false,"_monsterinsights_sitenote_note":"","_monsterinsights_sitenote_category":0,"footnotes":""},"class_list":["post-194","page","type-page","status-publish","has-post-thumbnail","hentry"],"_links":{"self":[{"href":"https:\/\/grazimac.pt\/index.php?rest_route=\/wp\/v2\/pages\/194","targetHints":{"allow":["GET"]}}],"collection":[{"href":"https:\/\/grazimac.pt\/index.php?rest_route=\/wp\/v2\/pages"}],"about":[{"href":"https:\/\/grazimac.pt\/index.php?rest_route=\/wp\/v2\/types\/page"}],"author":[{"embeddable":true,"href":"https:\/\/grazimac.pt\/index.php?rest_route=\/wp\/v2\/users\/1"}],"replies":[{"embeddable":true,"href":"https:\/\/grazimac.pt\/index.php?rest_route=%2Fwp%2Fv2%2Fcomments&post=194"}],"version-history":[{"count":4,"href":"https:\/\/grazimac.pt\/index.php?rest_route=\/wp\/v2\/pages\/194\/revisions"}],"predecessor-version":[{"id":7091,"href":"https:\/\/grazimac.pt\/index.php?rest_route=\/wp\/v2\/pages\/194\/revisions\/7091"}],"up":[{"embeddable":true,"href":"https:\/\/grazimac.pt\/index.php?rest_route=\/wp\/v2\/pages\/169"}],"wp:featuredmedia":[{"embeddable":true,"href":"https:\/\/grazimac.pt\/index.php?rest_route=\/wp\/v2\/media\/170"}],"wp:attachment":[{"href":"https:\/\/grazimac.pt\/index.php?rest_route=%2Fwp%2Fv2%2Fmedia&parent=194"}],"curies":[{"name":"wp","href":"https:\/\/api.w.org\/{rel}","templated":true}]}}