{"id":188,"date":"2018-02-07T16:39:31","date_gmt":"2018-02-07T16:39:31","guid":{"rendered":"http:\/\/grazimac.pt\/?page_id=188"},"modified":"2021-10-13T11:48:31","modified_gmt":"2021-10-13T11:48:31","slug":"aplicacao-manutencao","status":"publish","type":"page","link":"https:\/\/grazimac.pt\/?page_id=188","title":{"rendered":"Aplica\u00e7\u00e3o \/ Manuten\u00e7\u00e3o"},"content":{"rendered":"\n<p>A fixa\u00e7\u00e3o indireta \u00e9 realizada atrav\u00e9s de elementos pontuais de fixa\u00e7\u00e3o que ligam a camada de revestimento ao suporte. As ancoragens mec\u00e2nicas s\u00e3o constitu\u00eddas por uma manga de expans\u00e3o pl\u00e1stica (8 mm de di\u00e2metro; com um di\u00e2metro de cabe\u00e7a m\u00ednimo de 11 mm) e parafuso de a\u00e7o carbono galvanizado ou a\u00e7o inoxid\u00e1vel (di\u00e2metro de 6mm, com cabe\u00e7a plana com di\u00e2metro m\u00ednimo 11 mm e de comprimento m\u00ednimo de 60 mm), de acordo com ETA-7\/0219:2010. Este tipo de t\u00e9cnica reduz as tens\u00f5es no revestimento e permite suportar for\u00e7as verticais, como o pr\u00f3prio peso de cada painel, e horizontais, como a a\u00e7\u00e3o do vento.<\/p>\n\n\n\n<p><br>A coloca\u00e7\u00e3o dos primeiros pain\u00e9is \u00e9 fundamental para a realiza\u00e7\u00e3o do sistema. Pode ser concretizada com um nivelamento atrav\u00e9s de uma r\u00e9gua ou da fixa\u00e7\u00e3o de um perfil em \u201cU\u201d ao suporte. Ter sempre a aten\u00e7\u00e3o de colocar a parte saliente do isolamento para cima. Coloca-se ent\u00e3o o primeiro painel fixando-o ao suporte atrav\u00e9s da coloca\u00e7\u00e3o de uma pe\u00e7a acess\u00f3ria de fixa\u00e7\u00e3o, sendo esta ligada ao painel por encaixe simples e ao suporte por aparafusamento.<br>A coloca\u00e7\u00e3o dos pain\u00e9is seguintes faz-se encaixando-os no anterior atrav\u00e9s do encaixe no acess\u00f3rio de fixa\u00e7\u00e3o, recoloca\u00e7\u00e3o da pe\u00e7a acess\u00f3ria de fixa\u00e7\u00e3o na outra extremidade do painel e fixa\u00e7\u00e3o ao suporte por aparafusamento. Este sistema pode ser montado em qualquer tipo de estrutura de suporte. A sua instala\u00e7\u00e3o pode ser realizada na horizontal, na vertical ou obl\u00edqua, com ou sem desfasamento entre pain\u00e9is, de baixo para cima, desde que esteja garantido o nivelamento dos pain\u00e9is inferiores. Est\u00e3o contemplados elementos para remates de cunhais \/ esquinas, parapeitos, janelas, portas, etc.<\/p>\n\n\n\n<p><br>Para os cunhais apresentamos duas solu\u00e7\u00f5es: canto aberto (tipo \u201camericano\u201d) ou perfil de canto.<br><\/p>\n\n\n\n<p><span class=\"has-inline-color has-white-color\">.<\/span><\/p>\n\n\n\n<figure class=\"wp-block-gallery columns-2 is-cropped wp-block-gallery-1 is-layout-flex wp-block-gallery-is-layout-flex\"><ul class=\"blocks-gallery-grid\"><li class=\"blocks-gallery-item\"><figure><img loading=\"lazy\" decoding=\"async\" width=\"768\" height=\"1024\" src=\"https:\/\/grazimac.pt\/wp-content\/uploads\/2021\/10\/Aplicacao-em-OSB.jpg\" alt=\"\" data-id=\"7010\" data-full-url=\"https:\/\/grazimac.pt\/wp-content\/uploads\/2021\/10\/Aplicacao-em-OSB.jpg\" data-link=\"https:\/\/grazimac.pt\/?attachment_id=7010\" class=\"wp-image-7010\" srcset=\"https:\/\/grazimac.pt\/wp-content\/uploads\/2021\/10\/Aplicacao-em-OSB.jpg 768w, https:\/\/grazimac.pt\/wp-content\/uploads\/2021\/10\/Aplicacao-em-OSB-225x300.jpg 225w\" sizes=\"auto, (max-width: 768px) 100vw, 768px\" \/><\/figure><\/li><li class=\"blocks-gallery-item\"><figure><img loading=\"lazy\" decoding=\"async\" width=\"768\" height=\"1024\" src=\"https:\/\/grazimac.pt\/wp-content\/uploads\/2021\/10\/Fachada-MAAT-BF.jpg\" alt=\"\" data-id=\"7016\" data-full-url=\"https:\/\/grazimac.pt\/wp-content\/uploads\/2021\/10\/Fachada-MAAT-BF.jpg\" data-link=\"https:\/\/grazimac.pt\/?attachment_id=7016\" class=\"wp-image-7016\" srcset=\"https:\/\/grazimac.pt\/wp-content\/uploads\/2021\/10\/Fachada-MAAT-BF.jpg 768w, https:\/\/grazimac.pt\/wp-content\/uploads\/2021\/10\/Fachada-MAAT-BF-225x300.jpg 225w\" sizes=\"auto, (max-width: 768px) 100vw, 768px\" \/><\/figure><\/li><\/ul><\/figure>\n","protected":false},"excerpt":{"rendered":"<p>A fixa\u00e7\u00e3o indireta \u00e9 realizada atrav\u00e9s de elementos pontuais de fixa\u00e7\u00e3o que ligam a camada de revestimento ao suporte. As ancoragens mec\u00e2nicas s\u00e3o constitu\u00eddas por uma manga de expans\u00e3o pl\u00e1stica (8 mm de di\u00e2metro; com um di\u00e2metro de cabe\u00e7a m\u00ednimo de 11 mm) e parafuso de a\u00e7o carbono galvanizado ou [&hellip;]<\/p>\n","protected":false},"author":1,"featured_media":170,"parent":169,"menu_order":33,"comment_status":"closed","ping_status":"closed","template":"","meta":{"_monsterinsights_skip_tracking":false,"_monsterinsights_sitenote_active":false,"_monsterinsights_sitenote_note":"","_monsterinsights_sitenote_category":0,"footnotes":""},"class_list":["post-188","page","type-page","status-publish","has-post-thumbnail","hentry"],"_links":{"self":[{"href":"https:\/\/grazimac.pt\/index.php?rest_route=\/wp\/v2\/pages\/188","targetHints":{"allow":["GET"]}}],"collection":[{"href":"https:\/\/grazimac.pt\/index.php?rest_route=\/wp\/v2\/pages"}],"about":[{"href":"https:\/\/grazimac.pt\/index.php?rest_route=\/wp\/v2\/types\/page"}],"author":[{"embeddable":true,"href":"https:\/\/grazimac.pt\/index.php?rest_route=\/wp\/v2\/users\/1"}],"replies":[{"embeddable":true,"href":"https:\/\/grazimac.pt\/index.php?rest_route=%2Fwp%2Fv2%2Fcomments&post=188"}],"version-history":[{"count":6,"href":"https:\/\/grazimac.pt\/index.php?rest_route=\/wp\/v2\/pages\/188\/revisions"}],"predecessor-version":[{"id":7079,"href":"https:\/\/grazimac.pt\/index.php?rest_route=\/wp\/v2\/pages\/188\/revisions\/7079"}],"up":[{"embeddable":true,"href":"https:\/\/grazimac.pt\/index.php?rest_route=\/wp\/v2\/pages\/169"}],"wp:featuredmedia":[{"embeddable":true,"href":"https:\/\/grazimac.pt\/index.php?rest_route=\/wp\/v2\/media\/170"}],"wp:attachment":[{"href":"https:\/\/grazimac.pt\/index.php?rest_route=%2Fwp%2Fv2%2Fmedia&parent=188"}],"curies":[{"name":"wp","href":"https:\/\/api.w.org\/{rel}","templated":true}]}}