{"id":111,"date":"2018-02-07T13:35:30","date_gmt":"2018-02-07T13:35:30","guid":{"rendered":"http:\/\/grazimac.pt\/?page_id=111"},"modified":"2021-10-13T11:52:49","modified_gmt":"2021-10-13T11:52:49","slug":"informacao-tecnica","status":"publish","type":"page","link":"https:\/\/grazimac.pt\/?page_id=111","title":{"rendered":"Informa\u00e7\u00e3o t\u00e9cnica"},"content":{"rendered":"<p><\/p>\n<p><img loading=\"lazy\" decoding=\"async\" src=\"https:\/\/grazimac.pt\/wp-content\/uploads\/2018\/02\/Dados-Te\u0301cnicos-Lajetas.png\" alt=\"\" width=\"750\" height=\"971\" class=\"size-full wp-image-112 aligncenter\" srcset=\"https:\/\/grazimac.pt\/wp-content\/uploads\/2018\/02\/Dados-Te\u0301cnicos-Lajetas.png 750w, https:\/\/grazimac.pt\/wp-content\/uploads\/2018\/02\/Dados-Te\u0301cnicos-Lajetas-232x300.png 232w\" sizes=\"auto, (max-width: 750px) 100vw, 750px\" \/><\/p>\n<p><\/p>\n<p>Pode solicitar mais informa\u00e7\u00e3o t\u00e9cnica atrav\u00e9s do email: qualidade@grazimac.pt<\/p>\n<p><span style=\"color: #ffffff;\">.<\/span><\/p>\n\n\n<p><\/p>\n","protected":false},"excerpt":{"rendered":"<p>Pode solicitar mais informa\u00e7\u00e3o t\u00e9cnica atrav\u00e9s do email: qualidade@grazimac.pt .<\/p>\n","protected":false},"author":1,"featured_media":95,"parent":91,"menu_order":25,"comment_status":"closed","ping_status":"closed","template":"","meta":{"_monsterinsights_skip_tracking":false,"_monsterinsights_sitenote_active":false,"_monsterinsights_sitenote_note":"","_monsterinsights_sitenote_category":0,"footnotes":""},"class_list":["post-111","page","type-page","status-publish","has-post-thumbnail","hentry"],"_links":{"self":[{"href":"https:\/\/grazimac.pt\/index.php?rest_route=\/wp\/v2\/pages\/111","targetHints":{"allow":["GET"]}}],"collection":[{"href":"https:\/\/grazimac.pt\/index.php?rest_route=\/wp\/v2\/pages"}],"about":[{"href":"https:\/\/grazimac.pt\/index.php?rest_route=\/wp\/v2\/types\/page"}],"author":[{"embeddable":true,"href":"https:\/\/grazimac.pt\/index.php?rest_route=\/wp\/v2\/users\/1"}],"replies":[{"embeddable":true,"href":"https:\/\/grazimac.pt\/index.php?rest_route=%2Fwp%2Fv2%2Fcomments&post=111"}],"version-history":[{"count":4,"href":"https:\/\/grazimac.pt\/index.php?rest_route=\/wp\/v2\/pages\/111\/revisions"}],"predecessor-version":[{"id":7083,"href":"https:\/\/grazimac.pt\/index.php?rest_route=\/wp\/v2\/pages\/111\/revisions\/7083"}],"up":[{"embeddable":true,"href":"https:\/\/grazimac.pt\/index.php?rest_route=\/wp\/v2\/pages\/91"}],"wp:featuredmedia":[{"embeddable":true,"href":"https:\/\/grazimac.pt\/index.php?rest_route=\/wp\/v2\/media\/95"}],"wp:attachment":[{"href":"https:\/\/grazimac.pt\/index.php?rest_route=%2Fwp%2Fv2%2Fmedia&parent=111"}],"curies":[{"name":"wp","href":"https:\/\/api.w.org\/{rel}","templated":true}]}}