{"id":104,"date":"2018-02-07T13:06:27","date_gmt":"2018-02-07T13:06:27","guid":{"rendered":"http:\/\/grazimac.pt\/?page_id=104"},"modified":"2020-01-17T15:52:41","modified_gmt":"2020-01-17T15:52:41","slug":"orcamento","status":"publish","type":"page","link":"https:\/\/grazimac.pt\/?page_id=104","title":{"rendered":"Or\u00e7amento"},"content":{"rendered":"<div class=\"wpforms-container wpforms-container-full\" id=\"wpforms-5576\"><form id=\"wpforms-form-5576\" class=\"wpforms-validate wpforms-form\" data-formid=\"5576\" method=\"post\" enctype=\"multipart\/form-data\" action=\"\/index.php?rest_route=%2Fwp%2Fv2%2Fpages%2F104\" data-token=\"7b5f2010251352e5b933140489ba3059\" data-token-time=\"1776605340\"><noscript class=\"wpforms-error-noscript\">Please enable JavaScript in your browser to complete this form.<\/noscript><div class=\"wpforms-field-container\"><div id=\"wpforms-5576-field_1-container\" class=\"wpforms-field wpforms-field-name\" data-field-id=\"1\"><label class=\"wpforms-field-label\" for=\"wpforms-5576-field_1\">Nome <span class=\"wpforms-required-label\">*<\/span><\/label><input type=\"text\" id=\"wpforms-5576-field_1\" class=\"wpforms-field-medium wpforms-field-required\" name=\"wpforms[fields][1]\" required><div class=\"wpforms-field-description\">Identifica\u00e7\u00e3o da pessoa que est\u00e1 a contactar a Grazimac.<\/div><\/div><div id=\"wpforms-5576-field_2-container\" class=\"wpforms-field wpforms-field-name\" data-field-id=\"2\"><label class=\"wpforms-field-label\" for=\"wpforms-5576-field_2\">Empresa \/ Particular <span class=\"wpforms-required-label\">*<\/span><\/label><input type=\"text\" id=\"wpforms-5576-field_2\" class=\"wpforms-field-medium wpforms-field-required\" name=\"wpforms[fields][2]\" required><div class=\"wpforms-field-description\">Identifica\u00e7\u00e3o da empresa que est\u00e1 a contactar ou se \u00e9 um particular.<\/div><\/div><div id=\"wpforms-5576-field_3-container\" class=\"wpforms-field wpforms-field-email\" data-field-id=\"3\"><label class=\"wpforms-field-label\" for=\"wpforms-5576-field_3\">Email <span class=\"wpforms-required-label\">*<\/span><\/label><input type=\"email\" id=\"wpforms-5576-field_3\" class=\"wpforms-field-medium wpforms-field-required\" name=\"wpforms[fields][3]\" spellcheck=\"false\" required><div class=\"wpforms-field-description\">Email para o qual a Grazimac pode contactar.<\/div><\/div><div id=\"wpforms-5576-field_4-container\" class=\"wpforms-field wpforms-field-number\" data-field-id=\"4\"><label class=\"wpforms-field-label\" for=\"wpforms-5576-field_4\">N\u00ba de Telefone <span class=\"wpforms-required-label\">*<\/span><\/label><input type=\"number\" id=\"wpforms-5576-field_4\" class=\"wpforms-field-medium wpforms-field-required\" name=\"wpforms[fields][4]\" step=\"any\" required><div class=\"wpforms-field-description\">Contacto telef\u00f3nico para um contacto r\u00e1pido para qualquer eventual escalrecimento.<\/div><\/div><div id=\"wpforms-5576-field_5-container\" class=\"wpforms-field wpforms-field-radio\" data-field-id=\"5\"><label class=\"wpforms-field-label\">Tipo de Produto<\/label><ul id=\"wpforms-5576-field_5\"><li class=\"choice-1 depth-1\"><input type=\"radio\" id=\"wpforms-5576-field_5_1\" name=\"wpforms[fields][5]\" value=\"Lajetas T\u00e9rmicas GRISOL\"  ><label class=\"wpforms-field-label-inline\" for=\"wpforms-5576-field_5_1\">Lajetas T\u00e9rmicas GRISOL<\/label><\/li><li class=\"choice-2 depth-1\"><input type=\"radio\" id=\"wpforms-5576-field_5_2\" name=\"wpforms[fields][5]\" value=\"Isolamento EZ\"  ><label class=\"wpforms-field-label-inline\" for=\"wpforms-5576-field_5_2\">Isolamento EZ<\/label><\/li><li class=\"choice-3 depth-1\"><input type=\"radio\" id=\"wpforms-5576-field_5_3\" name=\"wpforms[fields][5]\" value=\"Pain\u00e9is de Fachada GRISOL\"  ><label class=\"wpforms-field-label-inline\" for=\"wpforms-5576-field_5_3\">Pain\u00e9is de Fachada GRISOL<\/label><\/li><li class=\"choice-4 depth-1\"><input type=\"radio\" id=\"wpforms-5576-field_5_4\" name=\"wpforms[fields][5]\" value=\"Cofragem Perdida\"  ><label class=\"wpforms-field-label-inline\" for=\"wpforms-5576-field_5_4\">Cofragem Perdida<\/label><\/li><li class=\"choice-5 depth-1\"><input type=\"radio\" id=\"wpforms-5576-field_5_5\" name=\"wpforms[fields][5]\" value=\"Outros\"  ><label class=\"wpforms-field-label-inline\" for=\"wpforms-5576-field_5_5\">Outros<\/label><\/li><\/ul><div class=\"wpforms-field-description\">Qual o produto que pretende or\u00e7amento, caso n\u00e3o tenha a certeza a Grazimac ir\u00e1 contactar para esclarecer.<\/div><\/div><div id=\"wpforms-5576-field_6-container\" class=\"wpforms-field wpforms-field-textarea\" data-field-id=\"6\"><label class=\"wpforms-field-label\" for=\"wpforms-5576-field_6\">Refer\u00eancia\/Caracter\u00edsticas do produto<\/label><textarea id=\"wpforms-5576-field_6\" class=\"wpforms-field-medium\" name=\"wpforms[fields][6]\" ><\/textarea><div class=\"wpforms-field-description\">Indica\u00e7\u00e3o da referencia do produto em causa, caso conhe\u00e7a. Se tiver d\u00favidas ou desconhe\u00e7a, deixe em branco que a Grazimac ir\u00e1 contactar para esclarecer.<\/div><\/div><div id=\"wpforms-5576-field_7-container\" class=\"wpforms-field wpforms-field-number\" data-field-id=\"7\"><label class=\"wpforms-field-label\" for=\"wpforms-5576-field_7\">Quantidade<\/label><input type=\"number\" id=\"wpforms-5576-field_7\" class=\"wpforms-field-small\" name=\"wpforms[fields][7]\" step=\"any\" ><div class=\"wpforms-field-description\">Qual a quantidade pretendida, em m2 ou unidades, esta informa\u00e7\u00e3o \u00e9 extramente valiosa para calcularmos o custo de envio.<\/div><\/div><div id=\"wpforms-5576-field_8-container\" class=\"wpforms-field wpforms-field-select wpforms-one-half wpforms-field-select-style-classic\" data-field-id=\"8\"><label class=\"wpforms-field-label\" for=\"wpforms-5576-field_8\">Medida<\/label><select id=\"wpforms-5576-field_8\" class=\"wpforms-field-small\" name=\"wpforms[fields][8]\"><option value=\"m2\"  class=\"choice-1 depth-1\"  >m2<\/option><option value=\"unidades\"  class=\"choice-2 depth-1\"  >unidades<\/option><\/select><div class=\"wpforms-field-description\">Pode indiar m2, unidades, ou deixar em branco.<\/div><\/div><div id=\"wpforms-5576-field_9-container\" class=\"wpforms-field wpforms-field-text\" data-field-id=\"9\"><label class=\"wpforms-field-label\" for=\"wpforms-5576-field_9\">Local de entrega<\/label><input type=\"text\" id=\"wpforms-5576-field_9\" class=\"wpforms-field-large\" name=\"wpforms[fields][9]\" ><div class=\"wpforms-field-description\">Indique onde deseja a entrega dos produtos, caso pretenda levantar nas nossas instala\u00e7\u00f5es coloque Grazimac ou deixe em branco.<\/div><\/div><div id=\"wpforms-5576-field_10-container\" class=\"wpforms-field wpforms-field-text\" data-field-id=\"10\"><label class=\"wpforms-field-label\" for=\"wpforms-5576-field_10\">C\u00f3digo Postal<\/label><input type=\"text\" id=\"wpforms-5576-field_10\" class=\"wpforms-field-small\" name=\"wpforms[fields][10]\" ><div class=\"wpforms-field-description\">Indique o c\u00f3digo postal referente ao local de entrega, caso pretenda levantar nas nossas instala\u00e7\u00f5es coloque 2425-617 ou deixe em branco.<\/div><\/div><\/div><!-- .wpforms-field-container --><div class=\"wpforms-submit-container\" ><input type=\"hidden\" name=\"wpforms[id]\" value=\"5576\"><input type=\"hidden\" name=\"page_title\" value=\"\"><input type=\"hidden\" name=\"page_url\" value=\"https:\/\/grazimac.pt\/index.php?rest_route=\/wp\/v2\/pages\/104\"><input type=\"hidden\" name=\"url_referer\" value=\"\"><button type=\"submit\" name=\"wpforms[submit]\" id=\"wpforms-submit-5576\" class=\"wpforms-submit\" data-alt-text=\"Sending...\" data-submit-text=\"Enviar\" aria-live=\"assertive\" value=\"wpforms-submit\">Enviar<\/button><\/div><\/form><\/div>  <!-- .wpforms-container -->\n","protected":false},"excerpt":{"rendered":"","protected":false},"author":1,"featured_media":95,"parent":91,"menu_order":24,"comment_status":"closed","ping_status":"closed","template":"","meta":{"_monsterinsights_skip_tracking":false,"_monsterinsights_sitenote_active":false,"_monsterinsights_sitenote_note":"","_monsterinsights_sitenote_category":0,"footnotes":""},"class_list":["post-104","page","type-page","status-publish","has-post-thumbnail","hentry"],"_links":{"self":[{"href":"https:\/\/grazimac.pt\/index.php?rest_route=\/wp\/v2\/pages\/104","targetHints":{"allow":["GET"]}}],"collection":[{"href":"https:\/\/grazimac.pt\/index.php?rest_route=\/wp\/v2\/pages"}],"about":[{"href":"https:\/\/grazimac.pt\/index.php?rest_route=\/wp\/v2\/types\/page"}],"author":[{"embeddable":true,"href":"https:\/\/grazimac.pt\/index.php?rest_route=\/wp\/v2\/users\/1"}],"replies":[{"embeddable":true,"href":"https:\/\/grazimac.pt\/index.php?rest_route=%2Fwp%2Fv2%2Fcomments&post=104"}],"version-history":[{"count":12,"href":"https:\/\/grazimac.pt\/index.php?rest_route=\/wp\/v2\/pages\/104\/revisions"}],"predecessor-version":[{"id":4399,"href":"https:\/\/grazimac.pt\/index.php?rest_route=\/wp\/v2\/pages\/104\/revisions\/4399"}],"up":[{"embeddable":true,"href":"https:\/\/grazimac.pt\/index.php?rest_route=\/wp\/v2\/pages\/91"}],"wp:featuredmedia":[{"embeddable":true,"href":"https:\/\/grazimac.pt\/index.php?rest_route=\/wp\/v2\/media\/95"}],"wp:attachment":[{"href":"https:\/\/grazimac.pt\/index.php?rest_route=%2Fwp%2Fv2%2Fmedia&parent=104"}],"curies":[{"name":"wp","href":"https:\/\/api.w.org\/{rel}","templated":true}]}}