{"id":100,"date":"2018-02-07T12:52:48","date_gmt":"2018-02-07T12:52:48","guid":{"rendered":"http:\/\/grazimac.pt\/?page_id=100"},"modified":"2023-02-01T12:34:29","modified_gmt":"2023-02-01T12:34:29","slug":"aplicacao-manutencao","status":"publish","type":"page","link":"https:\/\/grazimac.pt\/?page_id=100","title":{"rendered":"Aplica\u00e7\u00e3o \/ Manuten\u00e7\u00e3o"},"content":{"rendered":"<h3>Aplica\u00e7\u00e3o<\/h3>\n<p style=\"text-align: left;\"><img loading=\"lazy\" decoding=\"async\" src=\"https:\/\/grazimac.pt\/wp-content\/uploads\/2020\/10\/Aplicacao-Directa-300x150.png\" alt=\"\" width=\"420\" height=\"211\" class=\"alignright wp-image-5453\" srcset=\"https:\/\/grazimac.pt\/wp-content\/uploads\/2020\/10\/Aplicacao-Directa-300x150.png 300w, https:\/\/grazimac.pt\/wp-content\/uploads\/2020\/10\/Aplicacao-Directa-600x301.png 600w, https:\/\/grazimac.pt\/wp-content\/uploads\/2020\/10\/Aplicacao-Directa.png 636w\" sizes=\"auto, (max-width: 420px) 100vw, 420px\" \/>As lajetas t\u00e9rmicas Grisol\u00ae aplicam-se sobre a impermeabiliza\u00e7\u00e3o, colocadas lado a lado, sem qualquer forma de fixa\u00e7\u00e3o, tendo em aten\u00e7\u00e3o o encaixe nas lajetas com 40mm ou mais de XPS. Devem ser aplicadas logo ap\u00f3s a realiza\u00e7\u00e3o dos trabalhos de impermeabiliza\u00e7\u00e3o, a fim de assegurar a prote\u00e7\u00e3o mec\u00e2nica e da a\u00e7\u00e3o da radia\u00e7\u00e3o solar na impermeabiliza\u00e7\u00e3o. As lajetas devem ser aplicadas diretamente, salvo se se quiser fazer uma drenagem sob as lajetas. Nesse caso, podem utilizar-se apoios Grisol\u00ae ou l\u00e2mina drenante.<\/p>\n<p style=\"text-align: left;\">As lajetas Grisol aplicam-se sobre a impermeabiliza\u00e7\u00e3o e s\u00e3o compat\u00edveis com a maioria dos sistemas de impermeabiliza\u00e7\u00e3o.<img loading=\"lazy\" decoding=\"async\" src=\"https:\/\/grazimac.pt\/wp-content\/uploads\/2020\/10\/Aplicacao-sobre-lamina-drenante-300x169.png\" alt=\"\" width=\"420\" height=\"236\" class=\"alignright wp-image-5452\" srcset=\"https:\/\/grazimac.pt\/wp-content\/uploads\/2020\/10\/Aplicacao-sobre-lamina-drenante-300x169.png 300w, https:\/\/grazimac.pt\/wp-content\/uploads\/2020\/10\/Aplicacao-sobre-lamina-drenante-600x338.png 600w, https:\/\/grazimac.pt\/wp-content\/uploads\/2020\/10\/Aplicacao-sobre-lamina-drenante.png 636w\" sizes=\"auto, (max-width: 420px) 100vw, 420px\" \/> A membrana impermeabilizante deve estar limpa de impurezas antes da aplica\u00e7\u00e3o das lajetas, uma vez que estas se aplicam directamente sobre a impermeabiliza\u00e7\u00e3o, sem qualquer forma de fixa\u00e7\u00e3o. As lajetas Grisol devem ser aplicadas logo ap\u00f3s a realiza\u00e7\u00e3o dos trabalhos de impermeabiliza\u00e7\u00e3o, a fim de assegurar a protec\u00e7\u00e3o mec\u00e2nica e da ac\u00e7\u00e3o da radia\u00e7\u00e3o solar na impermeabiliza\u00e7\u00e3o.<\/p>\n<p>As lajetas Grisol n\u00e3o devem ser aplicadas em coberturas com inclina\u00e7\u00e3o superior a 2%, salvo quando existam muretes ou outros elementos construtivos de apoio \u2013 neste caso, pode admitir-se at\u00e9 5% de pendente. No per\u00edmetro da cobertura, as lajetas dever\u00e3o estar protegidas da luz solar e da ac\u00e7\u00e3o do vento directo, por muros ou outros elementos <img loading=\"lazy\" decoding=\"async\" src=\"https:\/\/grazimac.pt\/wp-content\/uploads\/2020\/10\/Aplicacao-sobre-Apoios-Q.png\" alt=\"\" width=\"420\" height=\"239\" class=\"alignright wp-image-5480\" srcset=\"https:\/\/grazimac.pt\/wp-content\/uploads\/2020\/10\/Aplicacao-sobre-Apoios-Q.png 560w, https:\/\/grazimac.pt\/wp-content\/uploads\/2020\/10\/Aplicacao-sobre-Apoios-Q-300x171.png 300w\" sizes=\"auto, (max-width: 420px) 100vw, 420px\" \/>construtivos, com uma altura m\u00ednima de 5 cm acima da superf\u00edcie da lajeta. Nas sa\u00eddas de \u00e1gua, mudan\u00e7as de pendente ou pontos singulares, cortam-se as lajetas com ferramentas convencionais, de acordo com a geometria e\/ou dimens\u00f5es pretendidas. \u00c9 aceit\u00e1vel uma pequena oscila\u00e7\u00e3o das lajetas, contudo podem usar-se apoios e niveladores ou l\u00e2mina de drenagem que permitam absorver os desn\u00edveis. Aquando da utiliza\u00e7\u00e3o de apoios ou niveladores, colocar tamb\u00e9m um ponto de apoio adicional no centro da Lajeta. <a href=\"https:\/\/grazimac.pt\/?p=5491\" target=\"_blank\" rel=\"noopener noreferrer\">Ler informa\u00e7\u00e3o completa [\u2026]<\/a><\/p>\n<h3>Manuten\u00e7\u00e3o<\/h3>\n<p>A limpeza das lajetas t\u00e9rmicas pode ser efectuada pelas formas tradicionais de limpeza de uma camada de betonilha, desde que n\u00e3o sejam utilizados produtos qu\u00edmicos que possam danificar o poliestireno extrudido e\/ou a impermeabiliza\u00e7\u00e3o. \u00c9 tamb\u00e9m poss\u00edvel retirar as lajetas de um local e recoloca-las noutro, uma vez que as lajetas s\u00e3o 100% reutiliz\u00e1veis. Todas as opera\u00e7\u00f5es de coloca\u00e7\u00e3o ou levantamento das lajetas podem ser feitas de forma f\u00e1cil e r\u00e1pida, sem necessidade de recorrer a meios mec\u00e2nicos.<\/p>\n<h3>Reciclagem<\/h3>\n<p><img loading=\"lazy\" decoding=\"async\" src=\"https:\/\/grazimac.pt\/wp-content\/uploads\/2018\/02\/sacos.jpg\" alt=\"\" width=\"420\" height=\"222\" class=\"alignright wp-image-86\" srcset=\"https:\/\/grazimac.pt\/wp-content\/uploads\/2018\/02\/sacos.jpg 2000w, https:\/\/grazimac.pt\/wp-content\/uploads\/2018\/02\/sacos-300x159.jpg 300w, https:\/\/grazimac.pt\/wp-content\/uploads\/2018\/02\/sacos-768x406.jpg 768w, https:\/\/grazimac.pt\/wp-content\/uploads\/2018\/02\/sacos-1024x542.jpg 1024w\" sizes=\"auto, (max-width: 420px) 100vw, 420px\" \/>As lajetas s\u00e3o 100% recicl\u00e1veis. Deve efectuar-se a separa\u00e7\u00e3o, por meios mec\u00e2nicos, do poliestireno da camada de betonilha. O poliestireno extrudido pode ser utilizado como material auxiliar na fabrica\u00e7\u00e3o de bet\u00f5es leves e a argamassa como camada de enchimento de solos.<\/p>\n\n\n<p><span class=\"has-inline-color has-white-color\">&#8230;<\/span><\/p>\n","protected":false},"excerpt":{"rendered":"<p>Aplica\u00e7\u00e3o As lajetas t\u00e9rmicas Grisol\u00ae aplicam-se sobre a impermeabiliza\u00e7\u00e3o, colocadas lado a lado, sem qualquer forma de fixa\u00e7\u00e3o, tendo em aten\u00e7\u00e3o o encaixe nas lajetas com 40mm ou mais de XPS. Devem ser aplicadas logo ap\u00f3s a realiza\u00e7\u00e3o dos trabalhos de impermeabiliza\u00e7\u00e3o, a fim de assegurar a prote\u00e7\u00e3o mec\u00e2nica e [&hellip;]<\/p>\n","protected":false},"author":1,"featured_media":95,"parent":91,"menu_order":23,"comment_status":"closed","ping_status":"closed","template":"","meta":{"_monsterinsights_skip_tracking":false,"_monsterinsights_sitenote_active":false,"_monsterinsights_sitenote_note":"","_monsterinsights_sitenote_category":0,"footnotes":""},"class_list":["post-100","page","type-page","status-publish","has-post-thumbnail","hentry"],"_links":{"self":[{"href":"https:\/\/grazimac.pt\/index.php?rest_route=\/wp\/v2\/pages\/100","targetHints":{"allow":["GET"]}}],"collection":[{"href":"https:\/\/grazimac.pt\/index.php?rest_route=\/wp\/v2\/pages"}],"about":[{"href":"https:\/\/grazimac.pt\/index.php?rest_route=\/wp\/v2\/types\/page"}],"author":[{"embeddable":true,"href":"https:\/\/grazimac.pt\/index.php?rest_route=\/wp\/v2\/users\/1"}],"replies":[{"embeddable":true,"href":"https:\/\/grazimac.pt\/index.php?rest_route=%2Fwp%2Fv2%2Fcomments&post=100"}],"version-history":[{"count":10,"href":"https:\/\/grazimac.pt\/index.php?rest_route=\/wp\/v2\/pages\/100\/revisions"}],"predecessor-version":[{"id":7460,"href":"https:\/\/grazimac.pt\/index.php?rest_route=\/wp\/v2\/pages\/100\/revisions\/7460"}],"up":[{"embeddable":true,"href":"https:\/\/grazimac.pt\/index.php?rest_route=\/wp\/v2\/pages\/91"}],"wp:featuredmedia":[{"embeddable":true,"href":"https:\/\/grazimac.pt\/index.php?rest_route=\/wp\/v2\/media\/95"}],"wp:attachment":[{"href":"https:\/\/grazimac.pt\/index.php?rest_route=%2Fwp%2Fv2%2Fmedia&parent=100"}],"curies":[{"name":"wp","href":"https:\/\/api.w.org\/{rel}","templated":true}]}}